{"id":23675,"date":"2025-01-06T16:44:19","date_gmt":"2025-01-06T13:44:19","guid":{"rendered":"https:\/\/www.makitamarket.com.tr\/site\/urun\/knipex-3721125-elektronikci-kargaburun-125-mm\/"},"modified":"2026-03-30T09:21:24","modified_gmt":"2026-03-30T06:21:24","slug":"knipex-3721125-elektronikci-kargaburun-125-mm","status":"publish","type":"product","link":"https:\/\/www.makitamarket.com.tr\/site\/urun\/knipex-3721125-elektronikci-kargaburun-125-mm\/","title":{"rendered":"Knipex 3721125 ELEKTRON\u0130K\u00c7\u0130 KARGABURUN 125 mm"},"content":{"rendered":"<p><b>37 21 125 Kargaburun<\/b><br \/>\u00d6rne\u011fin elektronik ve hassas mekanik alan\u0131nda \u00e7ok hassas montaj \u00e7al\u0131\u015fmalar\u0131 i\u00e7in penseler. Kavramak, tutmak ve k\u0131v\u0131rmak ve ayarlamak i\u00e7in. U\u00e7lar\u0131 hassas \u015fekilde ta\u015flanm\u0131\u015f. A\u011f\u0131z y\u00fczeyleri d\u00fcz. \u00c7apaklar\u0131 itina ile al\u0131nm\u0131\u015f kenarlar. Yerle\u015ftirilmi\u015f mafsal. Yass\u0131, sivri \u00e7eneler. <\/p>\n<li><b>\u00c7ene kal\u0131nl\u0131\u011f\u0131 (eklem) (D): <\/b>7,0 mm<\/li>\n<li><b>U\u00e7lar geni\u015flik (E): <\/b>2,0 mm<\/li>\n<li><b>Tip Thickness (F): <\/b>2,0 mm<\/li>\n<li><b>\u00c7ene uzunlu\u011fu (B): <\/b>27,0 mm<\/li>\n<li><b>Kafa geni\u015fli\u011fi (A): <\/b>12,5 mm<\/li>\n<table>\n<tr>\n<td>Sap<\/td>\n<td>\u0130nce \u0130zole<\/td>\n<\/tr>\n<tr>\n<td>Uzunluk<\/td>\n<td>125<\/td>\n<\/tr>\n<tr>\n<td>Kafa<\/td>\n<td>Polisaj<\/td>\n<\/tr>\n<tr>\n<td>Form<\/td>\n<td>Yass\u0131 dar a\u011f\u0131z<\/td>\n<\/tr>\n<tr>\n<td>\u00d6l\u00e7\u00fcler<\/td>\n<td>B: 27.0mm, A: 12.5mm, D: 7.0mm, E: 2.0mm, F: 2.0 mm<\/td>\n<\/tr>\n<tr>\n<td>A\u011f\u0131rl\u0131k<\/td>\n<td>74 gr<\/td>\n<\/tr>\n<\/table>\n","protected":false},"excerpt":{"rendered":"<p><b>37 21 125 Kargaburun<\/b><br \/>\u00d6rne\u011fin elektronik ve hassas mekanik alan\u0131nda \u00e7ok hassas montaj \u00e7al\u0131\u015fmalar\u0131 i\u00e7in penseler. Kavramak, tutmak ve k\u0131v\u0131rmak ve ayarlamak i\u00e7in. U\u00e7lar\u0131 hassas \u015fekilde ta\u015flanm\u0131\u015f. A\u011f\u0131z y\u00fczeyleri d\u00fcz. \u00c7apaklar\u0131 itina ile al\u0131nm\u0131\u015f kenarlar. Yerle\u015ftirilmi\u015f mafsal. Yass\u0131, sivri \u00e7eneler. <\/p>\n<li><b>\u00c7ene kal\u0131nl\u0131\u011f\u0131 (eklem) (D): <\/b>7,0 mm<\/li>\n<li><b>U\u00e7lar geni\u015flik (E): <\/b>2,0 mm<\/li>\n<li><b>Tip Thickness (F): <\/b>2,0 mm<\/li>\n<li><b>\u00c7ene uzunlu\u011fu (B): <\/b>27,0 mm<\/li>\n<li><b>Kafa geni\u015fli\u011fi (A): <\/b>12,5 mm<\/li>\n","protected":false},"featured_media":15985,"comment_status":"open","ping_status":"closed","template":"","meta":{"_acf_changed":false},"product_brand":[1486],"product_cat":[795],"product_tag":[],"class_list":{"0":"post-23675","1":"product","2":"type-product","3":"status-publish","4":"has-post-thumbnail","6":"product_brand-knipex","7":"product_cat-kargaburunlar","9":"first","10":"instock","11":"taxable","12":"shipping-taxable","13":"purchasable","14":"product-type-simple","15":"add-to-wishlist-after_add_to_cart"},"acf":[],"_links":{"self":[{"href":"https:\/\/www.makitamarket.com.tr\/site\/wp-json\/wp\/v2\/product\/23675","targetHints":{"allow":["GET"]}}],"collection":[{"href":"https:\/\/www.makitamarket.com.tr\/site\/wp-json\/wp\/v2\/product"}],"about":[{"href":"https:\/\/www.makitamarket.com.tr\/site\/wp-json\/wp\/v2\/types\/product"}],"replies":[{"embeddable":true,"href":"https:\/\/www.makitamarket.com.tr\/site\/wp-json\/wp\/v2\/comments?post=23675"}],"wp:featuredmedia":[{"embeddable":true,"href":"https:\/\/www.makitamarket.com.tr\/site\/wp-json\/wp\/v2\/media\/15985"}],"wp:attachment":[{"href":"https:\/\/www.makitamarket.com.tr\/site\/wp-json\/wp\/v2\/media?parent=23675"}],"wp:term":[{"taxonomy":"product_brand","embeddable":true,"href":"https:\/\/www.makitamarket.com.tr\/site\/wp-json\/wp\/v2\/product_brand?post=23675"},{"taxonomy":"product_cat","embeddable":true,"href":"https:\/\/www.makitamarket.com.tr\/site\/wp-json\/wp\/v2\/product_cat?post=23675"},{"taxonomy":"product_tag","embeddable":true,"href":"https:\/\/www.makitamarket.com.tr\/site\/wp-json\/wp\/v2\/product_tag?post=23675"}],"curies":[{"name":"wp","href":"https:\/\/api.w.org\/{rel}","templated":true}]}}