{"id":23686,"date":"2025-01-06T16:44:24","date_gmt":"2025-01-06T13:44:24","guid":{"rendered":"https:\/\/www.makitamarket.com.tr\/site\/urun\/makita-763067-6-anahtarli-mandren-1-5-10-mm\/"},"modified":"2026-04-21T02:53:07","modified_gmt":"2026-04-20T23:53:07","slug":"makita-763067-6-anahtarli-mandren-1-5-10-mm","status":"publish","type":"product","link":"https:\/\/www.makitamarket.com.tr\/site\/urun\/makita-763067-6-anahtarli-mandren-1-5-10-mm\/","title":{"rendered":"Makita 763067-6 ANAHTARLI MANDREN 1.5 &#8211; 10 mm"},"content":{"rendered":"<p>\n\t\u00dcr\u00fcn d\u0131\u015f aksam\u0131 Metaldir.<\/p>\n<table>\n<tr>\n<td>Mil \u00c7ap\u0131<\/td>\n<td>3\/8&#8243; &#8211; 24 Di\u015f<\/td>\n<\/tr>\n<tr>\n<td>Kapasite<\/td>\n<td>1.5 &#8211; 10<\/td>\n<\/tr>\n<tr>\n<td>Kilitleme<\/td>\n<td>Yok<\/td>\n<\/tr>\n<tr>\n<td>Tip<\/td>\n<td>Anahtarl\u0131<\/td>\n<\/tr>\n<tr>\n<td>Kaplama<\/td>\n<td>Metal<\/td>\n<\/tr>\n<tr>\n<td>Kutu \u015fekli<\/td>\n<td>Kutusuz<\/td>\n<\/tr>\n<\/table>\n","protected":false},"excerpt":{"rendered":"<p>\n\t\u00dcr\u00fcn d\u0131\u015f aksam\u0131 Metaldir.<\/p>\n","protected":false},"featured_media":16048,"comment_status":"open","ping_status":"closed","template":"","meta":{"_acf_changed":false},"product_brand":[1485],"product_cat":[1181],"product_tag":[],"class_list":{"0":"post-23686","1":"product","2":"type-product","3":"status-publish","4":"has-post-thumbnail","6":"product_brand-makita","7":"product_cat-anahtarli-mandrenler","9":"first","10":"instock","11":"taxable","12":"shipping-taxable","13":"purchasable","14":"product-type-simple","15":"add-to-wishlist-after_add_to_cart"},"acf":[],"_links":{"self":[{"href":"https:\/\/www.makitamarket.com.tr\/site\/wp-json\/wp\/v2\/product\/23686","targetHints":{"allow":["GET"]}}],"collection":[{"href":"https:\/\/www.makitamarket.com.tr\/site\/wp-json\/wp\/v2\/product"}],"about":[{"href":"https:\/\/www.makitamarket.com.tr\/site\/wp-json\/wp\/v2\/types\/product"}],"replies":[{"embeddable":true,"href":"https:\/\/www.makitamarket.com.tr\/site\/wp-json\/wp\/v2\/comments?post=23686"}],"wp:featuredmedia":[{"embeddable":true,"href":"https:\/\/www.makitamarket.com.tr\/site\/wp-json\/wp\/v2\/media\/16048"}],"wp:attachment":[{"href":"https:\/\/www.makitamarket.com.tr\/site\/wp-json\/wp\/v2\/media?parent=23686"}],"wp:term":[{"taxonomy":"product_brand","embeddable":true,"href":"https:\/\/www.makitamarket.com.tr\/site\/wp-json\/wp\/v2\/product_brand?post=23686"},{"taxonomy":"product_cat","embeddable":true,"href":"https:\/\/www.makitamarket.com.tr\/site\/wp-json\/wp\/v2\/product_cat?post=23686"},{"taxonomy":"product_tag","embeddable":true,"href":"https:\/\/www.makitamarket.com.tr\/site\/wp-json\/wp\/v2\/product_tag?post=23686"}],"curies":[{"name":"wp","href":"https:\/\/api.w.org\/{rel}","templated":true}]}}