{"id":23687,"date":"2025-01-06T16:44:26","date_gmt":"2025-01-06T13:44:26","guid":{"rendered":"https:\/\/www.makitamarket.com.tr\/site\/urun\/makita-d-09341-freze-bicagi-6x6-mm\/"},"modified":"2026-04-13T21:25:39","modified_gmt":"2026-04-13T18:25:39","slug":"makita-d-09341-freze-bicagi-6x6-mm","status":"publish","type":"product","link":"https:\/\/www.makitamarket.com.tr\/site\/urun\/makita-d-09341-freze-bicagi-6x6-mm\/","title":{"rendered":"Makita D-09341 FREZE BI\u00c7A\u011eI 6&#215;6 mm"},"content":{"rendered":"<p>\n\tAh\u015fap \u00fczerinde \u00e7ift kenar frezelemek i\u00e7in kullan\u0131l\u0131r.<\/p>\n<p>\n\tG\u00f6rselde ifade edilen harflerin anlamlar\u0131 alttaki gibidir.<\/p>\n<p>\n\tL1 : Uzunluk<\/p>\n<p>\n\tL2 : \u00c7al\u0131\u015fma Uzunlu\u011fu<\/p>\n<p>\n\tD : \u00c7ap<\/p>\n<p>\n\tA1 : U\u00e7 \u00c7ap\u0131<\/p>\n<p>\n\tL3 : \u00dcst Kenat Kesme Uzunlu\u011fu<\/p>\n<p>\n\tL4 : Alt Kenar Kesme Uzunlu\u011fu<\/p>\n<table>\n<tr>\n<td>\u00c7ap<\/td>\n<td>6 mm<\/td>\n<\/tr>\n<tr>\n<td>Uzunluk<\/td>\n<td>70 mm<\/td>\n<\/tr>\n<tr>\n<td>\u00c7al\u0131\u015fma Uzunlu\u011fu<\/td>\n<td>40 mm<\/td>\n<\/tr>\n<tr>\n<td>U\u00e7 \u00c7ap\u0131<\/td>\n<td>6 mm<\/td>\n<\/tr>\n<tr>\n<td>Alt Kenar Kesme Uzunlu\u011fu<\/td>\n<td>14 mm<\/td>\n<\/tr>\n<tr>\n<td>\u00dcst Kenar Kesme Uzunlu\u011fu<\/td>\n<td>12 mm<\/td>\n<\/tr>\n<\/table>\n","protected":false},"excerpt":{"rendered":"<p>\n\tAh\u015fap \u00fczerinde \u00e7ift kenar frezelemek i\u00e7in kullan\u0131l\u0131r.<\/p>\n<p>\n\tG\u00f6rselde ifade edilen harflerin anlamlar\u0131 alttaki gibidir.<\/p>\n<p>\n\tL1 : Uzunluk<\/p>\n<p>\n\tL2 : \u00c7al\u0131\u015fma Uzunlu\u011fu<\/p>\n<p>\n\tD : \u00c7ap<\/p>\n<p>\n\tA1 : U\u00e7 \u00c7ap\u0131<\/p>\n<p>\n\tL3 : \u00dcst Kenat Kesme Uzunlu\u011fu<\/p>\n<p>\n\tL4 : Alt Kenar Kesme Uzunlu\u011fu<\/p>\n","protected":false},"featured_media":16057,"comment_status":"open","ping_status":"closed","template":"","meta":{"_acf_changed":false},"product_brand":[1485],"product_cat":[1349],"product_tag":[],"class_list":{"0":"post-23687","1":"product","2":"type-product","3":"status-publish","4":"has-post-thumbnail","6":"product_brand-makita","7":"product_cat-freze-bicaklari-aksesuarlar-aksesuarlar","9":"first","10":"instock","11":"taxable","12":"shipping-taxable","13":"purchasable","14":"product-type-simple","15":"add-to-wishlist-after_add_to_cart"},"acf":[],"_links":{"self":[{"href":"https:\/\/www.makitamarket.com.tr\/site\/wp-json\/wp\/v2\/product\/23687","targetHints":{"allow":["GET"]}}],"collection":[{"href":"https:\/\/www.makitamarket.com.tr\/site\/wp-json\/wp\/v2\/product"}],"about":[{"href":"https:\/\/www.makitamarket.com.tr\/site\/wp-json\/wp\/v2\/types\/product"}],"replies":[{"embeddable":true,"href":"https:\/\/www.makitamarket.com.tr\/site\/wp-json\/wp\/v2\/comments?post=23687"}],"wp:featuredmedia":[{"embeddable":true,"href":"https:\/\/www.makitamarket.com.tr\/site\/wp-json\/wp\/v2\/media\/16057"}],"wp:attachment":[{"href":"https:\/\/www.makitamarket.com.tr\/site\/wp-json\/wp\/v2\/media?parent=23687"}],"wp:term":[{"taxonomy":"product_brand","embeddable":true,"href":"https:\/\/www.makitamarket.com.tr\/site\/wp-json\/wp\/v2\/product_brand?post=23687"},{"taxonomy":"product_cat","embeddable":true,"href":"https:\/\/www.makitamarket.com.tr\/site\/wp-json\/wp\/v2\/product_cat?post=23687"},{"taxonomy":"product_tag","embeddable":true,"href":"https:\/\/www.makitamarket.com.tr\/site\/wp-json\/wp\/v2\/product_tag?post=23687"}],"curies":[{"name":"wp","href":"https:\/\/api.w.org\/{rel}","templated":true}]}}