{"id":23689,"date":"2025-01-06T16:44:28","date_gmt":"2025-01-06T13:44:28","guid":{"rendered":"https:\/\/www.makitamarket.com.tr\/site\/urun\/nikon-n33967-kanalli-super-flex-zimpara-40-kum\/"},"modified":"2026-04-06T15:35:35","modified_gmt":"2026-04-06T12:35:35","slug":"nikon-n33967-kanalli-super-flex-zimpara-40-kum","status":"publish","type":"product","link":"https:\/\/www.makitamarket.com.tr\/site\/urun\/nikon-n33967-kanalli-super-flex-zimpara-40-kum\/","title":{"rendered":"Nikon N33967 KANALLI (S\u00dcPER FLEX) ZIMPARA 40 KUM"},"content":{"rendered":"<p>\n\tMermer, Granit, Do\u011fal Ta\u015f malzemelerinin a\u015f\u0131nd\u0131rmas\u0131, Boya kaz\u0131mas\u0131nda ve Tersanelerde z\u0131mparalama i\u015flerinde kullan\u0131l\u0131r<\/p>\n<table>\n<tr>\n<td>\u00d6l\u00e7\u00fc(mm)<\/td>\n<td>180 x 22 &#8211; 12 Delik<\/td>\n<\/tr>\n<tr>\n<td>Kum<\/td>\n<td>40<\/td>\n<\/tr>\n<tr>\n<td>Kutu \u0130\u00e7i Adedi<\/td>\n<td>10<\/td>\n<\/tr>\n<\/table>\n","protected":false},"excerpt":{"rendered":"<p>\n\tMermer, Granit, Do\u011fal Ta\u015f malzemelerinin a\u015f\u0131nd\u0131rmas\u0131, Boya kaz\u0131mas\u0131nda ve Tersanelerde z\u0131mparalama i\u015flerinde kullan\u0131l\u0131r<\/p>\n","protected":false},"featured_media":0,"comment_status":"open","ping_status":"closed","template":"","meta":{"_acf_changed":false},"product_brand":[1518],"product_cat":[1346],"product_tag":[],"class_list":{"0":"post-23689","1":"product","2":"type-product","3":"status-publish","5":"product_brand-nikon","6":"product_cat-kanalli-flex-zimparalar","8":"first","9":"instock","10":"taxable","11":"shipping-taxable","12":"purchasable","13":"product-type-simple","14":"add-to-wishlist-after_add_to_cart"},"acf":[],"_links":{"self":[{"href":"https:\/\/www.makitamarket.com.tr\/site\/wp-json\/wp\/v2\/product\/23689","targetHints":{"allow":["GET"]}}],"collection":[{"href":"https:\/\/www.makitamarket.com.tr\/site\/wp-json\/wp\/v2\/product"}],"about":[{"href":"https:\/\/www.makitamarket.com.tr\/site\/wp-json\/wp\/v2\/types\/product"}],"replies":[{"embeddable":true,"href":"https:\/\/www.makitamarket.com.tr\/site\/wp-json\/wp\/v2\/comments?post=23689"}],"wp:attachment":[{"href":"https:\/\/www.makitamarket.com.tr\/site\/wp-json\/wp\/v2\/media?parent=23689"}],"wp:term":[{"taxonomy":"product_brand","embeddable":true,"href":"https:\/\/www.makitamarket.com.tr\/site\/wp-json\/wp\/v2\/product_brand?post=23689"},{"taxonomy":"product_cat","embeddable":true,"href":"https:\/\/www.makitamarket.com.tr\/site\/wp-json\/wp\/v2\/product_cat?post=23689"},{"taxonomy":"product_tag","embeddable":true,"href":"https:\/\/www.makitamarket.com.tr\/site\/wp-json\/wp\/v2\/product_tag?post=23689"}],"curies":[{"name":"wp","href":"https:\/\/api.w.org\/{rel}","templated":true}]}}