{"id":23692,"date":"2025-01-06T16:44:29","date_gmt":"2025-01-06T13:44:29","guid":{"rendered":"https:\/\/www.makitamarket.com.tr\/site\/urun\/alteco-rtv-kirmizi-rtv-sivi-conta-85-gr\/"},"modified":"2026-04-06T15:35:38","modified_gmt":"2026-04-06T12:35:38","slug":"alteco-rtv-kirmizi-rtv-sivi-conta-85-gr","status":"publish","type":"product","link":"https:\/\/www.makitamarket.com.tr\/site\/urun\/alteco-rtv-kirmizi-rtv-sivi-conta-85-gr\/","title":{"rendered":"Alteco RTV KIRMIZI RTV SIVI CONTA 85 gr"},"content":{"rendered":"<table>\n<tr>\n<td>Is\u0131 Dayan\u0131m\u0131<\/td>\n<td>-62\u00b0C \/ 343\u00b0C<\/td>\n<\/tr>\n<tr>\n<td>Yap\u0131\u015ft\u0131r\u0131c\u0131 Miktar\u0131<\/td>\n<td>85gr.<\/td>\n<\/tr>\n<tr>\n<td>Paket Miktar\u0131<\/td>\n<td>12 Adet<\/td>\n<\/tr>\n<\/table>\n","protected":false},"excerpt":{"rendered":"<p>Is\u0131 Dayan\u0131m\u0131 -62\u00b0C \/ 343\u00b0C Yap\u0131\u015ft\u0131r\u0131c\u0131 Miktar\u0131 85gr. Paket Miktar\u0131 12 Adet<\/p>\n","protected":false},"featured_media":16097,"comment_status":"open","ping_status":"closed","template":"","meta":{"_acf_changed":false},"product_brand":[1551],"product_cat":[1188],"product_tag":[],"class_list":{"0":"post-23692","1":"product","2":"type-product","3":"status-publish","4":"has-post-thumbnail","6":"product_brand-alteco","7":"product_cat-yapistiricilar","9":"first","10":"instock","11":"taxable","12":"shipping-taxable","13":"purchasable","14":"product-type-simple","15":"add-to-wishlist-after_add_to_cart"},"acf":[],"_links":{"self":[{"href":"https:\/\/www.makitamarket.com.tr\/site\/wp-json\/wp\/v2\/product\/23692","targetHints":{"allow":["GET"]}}],"collection":[{"href":"https:\/\/www.makitamarket.com.tr\/site\/wp-json\/wp\/v2\/product"}],"about":[{"href":"https:\/\/www.makitamarket.com.tr\/site\/wp-json\/wp\/v2\/types\/product"}],"replies":[{"embeddable":true,"href":"https:\/\/www.makitamarket.com.tr\/site\/wp-json\/wp\/v2\/comments?post=23692"}],"wp:featuredmedia":[{"embeddable":true,"href":"https:\/\/www.makitamarket.com.tr\/site\/wp-json\/wp\/v2\/media\/16097"}],"wp:attachment":[{"href":"https:\/\/www.makitamarket.com.tr\/site\/wp-json\/wp\/v2\/media?parent=23692"}],"wp:term":[{"taxonomy":"product_brand","embeddable":true,"href":"https:\/\/www.makitamarket.com.tr\/site\/wp-json\/wp\/v2\/product_brand?post=23692"},{"taxonomy":"product_cat","embeddable":true,"href":"https:\/\/www.makitamarket.com.tr\/site\/wp-json\/wp\/v2\/product_cat?post=23692"},{"taxonomy":"product_tag","embeddable":true,"href":"https:\/\/www.makitamarket.com.tr\/site\/wp-json\/wp\/v2\/product_tag?post=23692"}],"curies":[{"name":"wp","href":"https:\/\/api.w.org\/{rel}","templated":true}]}}