{"id":23698,"date":"2025-01-06T16:44:35","date_gmt":"2025-01-06T13:44:35","guid":{"rendered":"https:\/\/www.makitamarket.com.tr\/site\/urun\/knipex-3021160-yassi-agiz-uzun-kargaburun-160-mm\/"},"modified":"2026-04-06T15:36:52","modified_gmt":"2026-04-06T12:36:52","slug":"knipex-3021160-yassi-agiz-uzun-kargaburun-160-mm","status":"publish","type":"product","link":"https:\/\/www.makitamarket.com.tr\/site\/urun\/knipex-3021160-yassi-agiz-uzun-kargaburun-160-mm\/","title":{"rendered":"Knipex 3021160 YASSI A\u011eIZ UZUN KARGABURUN 160 mm"},"content":{"rendered":"<p><b>30 21 160 D\u00fcz Kargaburun<\/b><br \/>Mekanik zorlamaya kar\u015f\u0131 dayan\u0131kl\u0131 ve az a\u015f\u0131n\u0131r Uzun, yass\u0131-yuvarlak \u00e7eneler. A\u011f\u0131z y\u00fczeyleri di\u015fli. <\/p>\n<li><b>\u00c7ene kal\u0131nl\u0131\u011f\u0131 (eklem) (T1): <\/b>9,5 mm<\/li>\n<li><b>U\u00e7lar geni\u015flik (W4): <\/b>3,0 mm<\/li>\n<li><b>Tip Thickness (T2): <\/b>2,5 mm<\/li>\n<li><b>\u00c7ene uzunlu\u011fu (L3): <\/b>50,0 mm<\/li>\n<li><b>Kafa geni\u015fli\u011fi (W3): <\/b>16,5 mm<\/li>\n<table>\n<tr>\n<td>Uzunluk<\/td>\n<td>160<\/td>\n<\/tr>\n<tr>\n<td>Form<\/td>\n<td>Yass\u0131 geni\u015f a\u011f\u0131z &#8211; A\u011f\u0131z y\u00fczeyleri di\u015fli<\/td>\n<\/tr>\n<tr>\n<td>Kafa<\/td>\n<td>Polisaj<\/td>\n<\/tr>\n<tr>\n<td>Sap<\/td>\n<td>\u0130nce \u0130zole<\/td>\n<\/tr>\n<tr>\n<td>\u00d6l\u00e7\u00fcler<\/td>\n<td>L3:50mm, W3:16.5mm, T1:9.5mm, W4:3.0mm, T2:2.5mm<\/td>\n<\/tr>\n<tr>\n<td>A\u011f\u0131rl\u0131k<\/td>\n<td>121 kg<\/td>\n<\/tr>\n<\/table>\n","protected":false},"excerpt":{"rendered":"<p><b>30 21 160 D\u00fcz Kargaburun<\/b><br \/>Mekanik zorlamaya kar\u015f\u0131 dayan\u0131kl\u0131 ve az a\u015f\u0131n\u0131r Uzun, yass\u0131-yuvarlak \u00e7eneler. A\u011f\u0131z y\u00fczeyleri di\u015fli. <\/p>\n<li><b>\u00c7ene kal\u0131nl\u0131\u011f\u0131 (eklem) (T1): <\/b>9,5 mm<\/li>\n<li><b>U\u00e7lar geni\u015flik (W4): <\/b>3,0 mm<\/li>\n<li><b>Tip Thickness (T2): <\/b>2,5 mm<\/li>\n<li><b>\u00c7ene uzunlu\u011fu (L3): <\/b>50,0 mm<\/li>\n<li><b>Kafa geni\u015fli\u011fi (W3): <\/b>16,5 mm<\/li>\n","protected":false},"featured_media":16177,"comment_status":"open","ping_status":"closed","template":"","meta":{"_acf_changed":false},"product_brand":[1486],"product_cat":[795],"product_tag":[],"class_list":{"0":"post-23698","1":"product","2":"type-product","3":"status-publish","4":"has-post-thumbnail","6":"product_brand-knipex","7":"product_cat-kargaburunlar","9":"first","10":"instock","11":"taxable","12":"shipping-taxable","13":"purchasable","14":"product-type-simple","15":"add-to-wishlist-after_add_to_cart"},"acf":[],"_links":{"self":[{"href":"https:\/\/www.makitamarket.com.tr\/site\/wp-json\/wp\/v2\/product\/23698","targetHints":{"allow":["GET"]}}],"collection":[{"href":"https:\/\/www.makitamarket.com.tr\/site\/wp-json\/wp\/v2\/product"}],"about":[{"href":"https:\/\/www.makitamarket.com.tr\/site\/wp-json\/wp\/v2\/types\/product"}],"replies":[{"embeddable":true,"href":"https:\/\/www.makitamarket.com.tr\/site\/wp-json\/wp\/v2\/comments?post=23698"}],"wp:featuredmedia":[{"embeddable":true,"href":"https:\/\/www.makitamarket.com.tr\/site\/wp-json\/wp\/v2\/media\/16177"}],"wp:attachment":[{"href":"https:\/\/www.makitamarket.com.tr\/site\/wp-json\/wp\/v2\/media?parent=23698"}],"wp:term":[{"taxonomy":"product_brand","embeddable":true,"href":"https:\/\/www.makitamarket.com.tr\/site\/wp-json\/wp\/v2\/product_brand?post=23698"},{"taxonomy":"product_cat","embeddable":true,"href":"https:\/\/www.makitamarket.com.tr\/site\/wp-json\/wp\/v2\/product_cat?post=23698"},{"taxonomy":"product_tag","embeddable":true,"href":"https:\/\/www.makitamarket.com.tr\/site\/wp-json\/wp\/v2\/product_tag?post=23698"}],"curies":[{"name":"wp","href":"https:\/\/api.w.org\/{rel}","templated":true}]}}