{"id":23700,"date":"2025-01-06T16:44:36","date_gmt":"2025-01-06T13:44:36","guid":{"rendered":"https:\/\/www.makitamarket.com.tr\/site\/urun\/makita-a-84121-segmanli-tip-elmas-testere-180-mm\/"},"modified":"2026-04-06T15:36:53","modified_gmt":"2026-04-06T12:36:53","slug":"makita-a-84121-segmanli-tip-elmas-testere-180-mm","status":"publish","type":"product","link":"https:\/\/www.makitamarket.com.tr\/site\/urun\/makita-a-84121-segmanli-tip-elmas-testere-180-mm\/","title":{"rendered":"Makita A-84121 SEGMANLI T\u0130P ELMAS TESTERE 180 mm"},"content":{"rendered":"<p>\n\t<strong>Segmanl\u0131 Tip : <\/strong>En \u00e7ok tercih edilen testere tipidir. Elmaslar aras\u0131nda bo\u015fluklara sahiptir. Elmas tabakalar\u0131 kenarlara do\u011fru sinterlenmi\u015ftir.<\/p>\n<p>\n\tS\u00fcrekli elmas tipinden daha h\u0131zl\u0131 kesim yapar.<\/p>\n<p>\n\t\u00a0<\/p>\n<table border=\"1\" cellpadding=\"1\" cellspacing=\"1\" height=\"63\" width=\"246\">\n<tbody>\n<tr>\n<td colspan=\"7\" style=\"text-align: center;\">\n\t\t\t\t<strong>KULLANIM GRUPLARI<br \/>\n\t\t\t\t<\/strong><\/td>\n<\/tr>\n<tr>\n<td style=\"text-align: center; width: 25px;\">\n\t\t\t\t1<\/td>\n<td style=\"text-align: center; width: 25px;\">\n\t\t\t\t2<\/td>\n<td style=\"text-align: center; width: 25px;\">\n\t\t\t\t3<\/td>\n<td style=\"text-align: center; width: 25px;\">\n\t\t\t\t4<\/td>\n<td style=\"text-align: center; width: 25px;\">\n\t\t\t\t5<\/td>\n<td style=\"text-align: center; width: 25px;\">\n\t\t\t\t6<\/td>\n<td style=\"text-align: center; width: 25px;\">\n\t\t\t\t7<\/td>\n<\/tr>\n<tr>\n<td style=\"text-align: center; width: 25px;\">\n\t\t\t\t&#8211;<\/td>\n<td style=\"text-align: center; width: 25px;\">\n\t\t\t\tAA<\/td>\n<td style=\"text-align: center; width: 25px;\">\n\t\t\t\tAA<\/td>\n<td style=\"text-align: center; width: 25px;\">\n\t\t\t\tA<\/td>\n<td style=\"text-align: center; width: 25px;\">\n\t\t\t\tA<\/td>\n<td style=\"text-align: center; width: 25px;\">\n\t\t\t\t&#8211;<\/td>\n<td style=\"text-align: center; width: 25px;\">\n\t\t\t\t&#8211;<\/td>\n<\/tr>\n<\/tbody>\n<\/table>\n<table>\n<tr>\n<td>Testere \u00e7ap\u0131<\/td>\n<td>180 mm<\/td>\n<\/tr>\n<tr>\n<td>Elmas Kal\u0131nl\u0131\u011f\u0131<\/td>\n<td>2.3 mm<\/td>\n<\/tr>\n<tr>\n<td>Elmas Y\u00fcksekli\u011fi<\/td>\n<td>7.0 mm<\/td>\n<\/tr>\n<tr>\n<td>G\u00f6bek \u00e7ap\u0131<\/td>\n<td>25.4\/22.23 mm<\/td>\n<\/tr>\n<tr>\n<td>\u00dcr\u00fcn Rengi<\/td>\n<td>Gold<\/td>\n<\/tr>\n<\/table>\n","protected":false},"excerpt":{"rendered":"<p>\n\t<strong>Segmanl\u0131 Tip : <\/strong>En \u00e7ok tercih edilen testere tipidir. Elmaslar aras\u0131nda bo\u015fluklara sahiptir. Elmas tabakalar\u0131 kenarlara do\u011fru sinterlenmi\u015ftir.<\/p>\n<p>\n\tS\u00fcrekli elmas tipinden daha h\u0131zl\u0131 kesim yapar.<\/p>\n<p>\n\t\u00a0<\/p>\n<table border=\"1\" cellpadding=\"1\" cellspacing=\"1\" height=\"63\" width=\"246\">\n<tbody>\n<tr>\n<td colspan=\"7\" style=\"text-align: center;\">\n\t\t\t\t<strong>KULLANIM GRUPLARI<br \/>\n\t\t\t\t<\/strong><\/td>\n<\/tr>\n<tr>\n<td style=\"text-align: center; width: 25px;\">\n\t\t\t\t1<\/td>\n<td style=\"text-align: center; width: 25px;\">\n\t\t\t\t2<\/td>\n<td style=\"text-align: center; width: 25px;\">\n\t\t\t\t3<\/td>\n<td style=\"text-align: center; width: 25px;\">\n\t\t\t\t4<\/td>\n<td style=\"text-align: center; width: 25px;\">\n\t\t\t\t5<\/td>\n<td style=\"text-align: center; width: 25px;\">\n\t\t\t\t6<\/td>\n<td style=\"text-align: center; width: 25px;\">\n\t\t\t\t7<\/td>\n<\/tr>\n<tr>\n<td style=\"text-align: center; width: 25px;\">\n\t\t\t\t&#8211;<\/td>\n<td style=\"text-align: center; width: 25px;\">\n\t\t\t\tAA<\/td>\n<td style=\"text-align: center; width: 25px;\">\n\t\t\t\tAA<\/td>\n<td style=\"text-align: center; width: 25px;\">\n\t\t\t\tA<\/td>\n<td style=\"text-align: center; width: 25px;\">\n\t\t\t\tA<\/td>\n<td style=\"text-align: center; width: 25px;\">\n\t\t\t\t&#8211;<\/td>\n<td style=\"text-align: center; width: 25px;\">\n\t\t\t\t&#8211;<\/td>\n<\/tr>\n<\/tbody>\n<\/table>\n","protected":false},"featured_media":16183,"comment_status":"open","ping_status":"closed","template":"","meta":{"_acf_changed":false},"product_brand":[1485],"product_cat":[1110],"product_tag":[],"class_list":{"0":"post-23700","1":"product","2":"type-product","3":"status-publish","4":"has-post-thumbnail","6":"product_brand-makita","7":"product_cat-180mm-testereler","9":"first","10":"instock","11":"taxable","12":"shipping-taxable","13":"purchasable","14":"product-type-simple","15":"add-to-wishlist-after_add_to_cart"},"acf":[],"_links":{"self":[{"href":"https:\/\/www.makitamarket.com.tr\/site\/wp-json\/wp\/v2\/product\/23700","targetHints":{"allow":["GET"]}}],"collection":[{"href":"https:\/\/www.makitamarket.com.tr\/site\/wp-json\/wp\/v2\/product"}],"about":[{"href":"https:\/\/www.makitamarket.com.tr\/site\/wp-json\/wp\/v2\/types\/product"}],"replies":[{"embeddable":true,"href":"https:\/\/www.makitamarket.com.tr\/site\/wp-json\/wp\/v2\/comments?post=23700"}],"wp:featuredmedia":[{"embeddable":true,"href":"https:\/\/www.makitamarket.com.tr\/site\/wp-json\/wp\/v2\/media\/16183"}],"wp:attachment":[{"href":"https:\/\/www.makitamarket.com.tr\/site\/wp-json\/wp\/v2\/media?parent=23700"}],"wp:term":[{"taxonomy":"product_brand","embeddable":true,"href":"https:\/\/www.makitamarket.com.tr\/site\/wp-json\/wp\/v2\/product_brand?post=23700"},{"taxonomy":"product_cat","embeddable":true,"href":"https:\/\/www.makitamarket.com.tr\/site\/wp-json\/wp\/v2\/product_cat?post=23700"},{"taxonomy":"product_tag","embeddable":true,"href":"https:\/\/www.makitamarket.com.tr\/site\/wp-json\/wp\/v2\/product_tag?post=23700"}],"curies":[{"name":"wp","href":"https:\/\/api.w.org\/{rel}","templated":true}]}}