{"id":23701,"date":"2025-01-06T16:44:36","date_gmt":"2025-01-06T13:44:36","guid":{"rendered":"https:\/\/www.makitamarket.com.tr\/site\/urun\/nikon-n38017-beton-flex-kesme-tasi-115x2-5x22-mm\/"},"modified":"2026-03-30T09:25:20","modified_gmt":"2026-03-30T06:25:20","slug":"nikon-n38017-beton-flex-kesme-tasi-115x2-5x22-mm","status":"publish","type":"product","link":"https:\/\/www.makitamarket.com.tr\/site\/urun\/nikon-n38017-beton-flex-kesme-tasi-115x2-5x22-mm\/","title":{"rendered":"Nikon N38017 BETON FLEX KESME TA\u015eI 115&#215;2.5&#215;22 mm"},"content":{"rendered":"<table>\n<tr>\n<td>G\u00f6bek<\/td>\n<td>Bombeli<\/td>\n<\/tr>\n<tr>\n<td>\u00d6l\u00e7\u00fc(mm)<\/td>\n<td>115 x 2.5 x 22<\/td>\n<\/tr>\n<tr>\n<td>Kutu \u0130\u00e7i Adedi<\/td>\n<td>10<\/td>\n<\/tr>\n<\/table>\n","protected":false},"excerpt":{"rendered":"<p>G\u00f6bek Bombeli \u00d6l\u00e7\u00fc(mm) 115 x 2.5 x 22 Kutu \u0130\u00e7i Adedi 10<\/p>\n","protected":false},"featured_media":16185,"comment_status":"open","ping_status":"closed","template":"","meta":{"_acf_changed":false},"product_brand":[1518],"product_cat":[1214],"product_tag":[],"class_list":{"0":"post-23701","1":"product","2":"type-product","3":"status-publish","4":"has-post-thumbnail","6":"product_brand-nikon","7":"product_cat-115mm-kesme-taslari","9":"first","10":"instock","11":"taxable","12":"shipping-taxable","13":"purchasable","14":"product-type-simple","15":"add-to-wishlist-after_add_to_cart"},"acf":[],"_links":{"self":[{"href":"https:\/\/www.makitamarket.com.tr\/site\/wp-json\/wp\/v2\/product\/23701","targetHints":{"allow":["GET"]}}],"collection":[{"href":"https:\/\/www.makitamarket.com.tr\/site\/wp-json\/wp\/v2\/product"}],"about":[{"href":"https:\/\/www.makitamarket.com.tr\/site\/wp-json\/wp\/v2\/types\/product"}],"replies":[{"embeddable":true,"href":"https:\/\/www.makitamarket.com.tr\/site\/wp-json\/wp\/v2\/comments?post=23701"}],"wp:featuredmedia":[{"embeddable":true,"href":"https:\/\/www.makitamarket.com.tr\/site\/wp-json\/wp\/v2\/media\/16185"}],"wp:attachment":[{"href":"https:\/\/www.makitamarket.com.tr\/site\/wp-json\/wp\/v2\/media?parent=23701"}],"wp:term":[{"taxonomy":"product_brand","embeddable":true,"href":"https:\/\/www.makitamarket.com.tr\/site\/wp-json\/wp\/v2\/product_brand?post=23701"},{"taxonomy":"product_cat","embeddable":true,"href":"https:\/\/www.makitamarket.com.tr\/site\/wp-json\/wp\/v2\/product_cat?post=23701"},{"taxonomy":"product_tag","embeddable":true,"href":"https:\/\/www.makitamarket.com.tr\/site\/wp-json\/wp\/v2\/product_tag?post=23701"}],"curies":[{"name":"wp","href":"https:\/\/api.w.org\/{rel}","templated":true}]}}