{"id":23717,"date":"2025-01-06T16:44:50","date_gmt":"2025-01-06T13:44:50","guid":{"rendered":"https:\/\/www.makitamarket.com.tr\/site\/urun\/knipex-302160-kombine-pense-160-mm\/"},"modified":"2025-07-11T00:06:01","modified_gmt":"2025-07-10T21:06:01","slug":"knipex-302160-kombine-pense-160-mm","status":"publish","type":"product","link":"https:\/\/www.makitamarket.com.tr\/site\/urun\/knipex-302160-kombine-pense-160-mm\/","title":{"rendered":"Knipex 302160 KOMB\u0130NE PENSE 160 mm"},"content":{"rendered":"<p><b>03 02 160 Kombine pense<\/b><br \/>\u00c7ok ama\u00e7l\u0131 kullan\u0131m i\u00e7in, yass\u0131 ve yuvarlak malzeme kavrama b\u00f6lgeleri. Yumu\u015fak ve sert tel i\u00e7in uygun kesiciler. Kal\u0131n kablolar i\u00e7in uzun kesici \u00e7ene. Kesicilere ek olarak ind\u00fcksiyon sertle\u015ftirme uygulanm\u0131\u015ft\u0131r, kesici sertli\u011fi yakl. 60 HRC. <\/p>\n<li><b>Orta sert tel kesme de\u011feri (\u00e7ap): <\/b>\u00d8 3,1 mm<\/li>\n<li><b>Yumu\u015fak tel kesme de\u011feri (\u00e7ap): <\/b>\u00d8 2,0 mm<\/li>\n<li><b>Bak\u0131r kablo kesim de\u011feri, \u00e7ok telli: <\/b>\u00d8 10,0 mm<\/li>\n<li><b>Bak\u0131r kablo kesim de\u011feri, \u00e7ok telli: <\/b>16,0 mm\u00b2<\/li>\n<table>\n<tr>\n<td>Uzunluk<\/td>\n<td>160<\/td>\n<\/tr>\n<tr>\n<td>Kafa<\/td>\n<td>Polisaj<\/td>\n<\/tr>\n<tr>\n<td>Sap<\/td>\n<td>Kal\u0131n izole<\/td>\n<\/tr>\n<tr>\n<td>Orta Sert Tel<\/td>\n<td>3.1 \u00f8mm<\/td>\n<\/tr>\n<tr>\n<td>Sert Tel<\/td>\n<td>2.0 \u00f8mm<\/td>\n<\/tr>\n<tr>\n<td>\u00c7ok \u0130letkenli Kablo<\/td>\n<td>10,0 \u00f8mm, 16mm\u00b2<\/td>\n<\/tr>\n<tr>\n<td>A\u011f\u0131rl\u0131k<\/td>\n<td>223 gr<\/td>\n<\/tr>\n<\/table>\n","protected":false},"excerpt":{"rendered":"<p><b>03 02 160 Kombine pense<\/b><br \/>\u00c7ok ama\u00e7l\u0131 kullan\u0131m i\u00e7in, yass\u0131 ve yuvarlak malzeme kavrama b\u00f6lgeleri. Yumu\u015fak ve sert tel i\u00e7in uygun kesiciler. Kal\u0131n kablolar i\u00e7in uzun kesici \u00e7ene. Kesicilere ek olarak ind\u00fcksiyon sertle\u015ftirme uygulanm\u0131\u015ft\u0131r, kesici sertli\u011fi yakl. 60 HRC. <\/p>\n<li><b>Orta sert tel kesme de\u011feri (\u00e7ap): <\/b>\u00d8 3,1 mm<\/li>\n<li><b>Yumu\u015fak tel kesme de\u011feri (\u00e7ap): <\/b>\u00d8 2,0 mm<\/li>\n<li><b>Bak\u0131r kablo kesim de\u011feri, \u00e7ok telli: <\/b>\u00d8 10,0 mm<\/li>\n<li><b>Bak\u0131r kablo kesim de\u011feri, \u00e7ok telli: <\/b>16,0 mm\u00b2<\/li>\n","protected":false},"featured_media":16354,"comment_status":"open","ping_status":"closed","template":"","meta":{"_acf_changed":false},"product_brand":[],"product_cat":[1231],"product_tag":[],"class_list":{"0":"post-23717","1":"product","2":"type-product","3":"status-publish","4":"has-post-thumbnail","6":"product_cat-kombine-penseler","8":"first","9":"instock","10":"taxable","11":"shipping-taxable","12":"purchasable","13":"product-type-simple","14":"add-to-wishlist-after_add_to_cart"},"acf":[],"_links":{"self":[{"href":"https:\/\/www.makitamarket.com.tr\/site\/wp-json\/wp\/v2\/product\/23717","targetHints":{"allow":["GET"]}}],"collection":[{"href":"https:\/\/www.makitamarket.com.tr\/site\/wp-json\/wp\/v2\/product"}],"about":[{"href":"https:\/\/www.makitamarket.com.tr\/site\/wp-json\/wp\/v2\/types\/product"}],"replies":[{"embeddable":true,"href":"https:\/\/www.makitamarket.com.tr\/site\/wp-json\/wp\/v2\/comments?post=23717"}],"wp:featuredmedia":[{"embeddable":true,"href":"https:\/\/www.makitamarket.com.tr\/site\/wp-json\/wp\/v2\/media\/16354"}],"wp:attachment":[{"href":"https:\/\/www.makitamarket.com.tr\/site\/wp-json\/wp\/v2\/media?parent=23717"}],"wp:term":[{"taxonomy":"product_brand","embeddable":true,"href":"https:\/\/www.makitamarket.com.tr\/site\/wp-json\/wp\/v2\/product_brand?post=23717"},{"taxonomy":"product_cat","embeddable":true,"href":"https:\/\/www.makitamarket.com.tr\/site\/wp-json\/wp\/v2\/product_cat?post=23717"},{"taxonomy":"product_tag","embeddable":true,"href":"https:\/\/www.makitamarket.com.tr\/site\/wp-json\/wp\/v2\/product_tag?post=23717"}],"curies":[{"name":"wp","href":"https:\/\/api.w.org\/{rel}","templated":true}]}}