{"id":23718,"date":"2025-01-06T16:44:51","date_gmt":"2025-01-06T13:44:51","guid":{"rendered":"https:\/\/www.makitamarket.com.tr\/site\/urun\/weller-s7-kalem-havya-ucu\/"},"modified":"2026-03-30T09:28:27","modified_gmt":"2026-03-30T06:28:27","slug":"weller-s7-kalem-havya-ucu","status":"publish","type":"product","link":"https:\/\/www.makitamarket.com.tr\/site\/urun\/weller-s7-kalem-havya-ucu\/","title":{"rendered":"Weller S7 KALEM HAVYA UCU"},"content":{"rendered":"<table>\n<tr>\n<td>Paket \u0130\u00e7i Adet<\/td>\n<td>1 adet<\/td>\n<\/tr>\n<tr>\n<td>\u00c7ap<\/td>\n<td>12,50 mm<\/td>\n<\/tr>\n<tr>\n<td>U\u00e7<\/td>\n<td>12,50 mm<\/td>\n<\/tr>\n<tr>\n<td>Uyumlu Havya<\/td>\n<td>SL100-120<\/td>\n<\/tr>\n<tr>\n<td>Kaplama<\/td>\n<td>Nikel<\/td>\n<\/tr>\n<tr>\n<td>\u015eekil<\/td>\n<td>E\u011fik<\/td>\n<\/tr>\n<\/table>\n","protected":false},"excerpt":{"rendered":"<p>Paket \u0130\u00e7i Adet 1 adet \u00c7ap 12,50 mm U\u00e7 12,50 mm Uyumlu Havya SL100-120 Kaplama Nikel \u015eekil E\u011fik<\/p>\n","protected":false},"featured_media":16357,"comment_status":"open","ping_status":"closed","template":"","meta":{"_acf_changed":false},"product_brand":[1530],"product_cat":[1171],"product_tag":[],"class_list":{"0":"post-23718","1":"product","2":"type-product","3":"status-publish","4":"has-post-thumbnail","6":"product_brand-weller","7":"product_cat-yedek-lehim-uclari","9":"first","10":"instock","11":"taxable","12":"shipping-taxable","13":"purchasable","14":"product-type-simple","15":"add-to-wishlist-after_add_to_cart"},"acf":[],"_links":{"self":[{"href":"https:\/\/www.makitamarket.com.tr\/site\/wp-json\/wp\/v2\/product\/23718","targetHints":{"allow":["GET"]}}],"collection":[{"href":"https:\/\/www.makitamarket.com.tr\/site\/wp-json\/wp\/v2\/product"}],"about":[{"href":"https:\/\/www.makitamarket.com.tr\/site\/wp-json\/wp\/v2\/types\/product"}],"replies":[{"embeddable":true,"href":"https:\/\/www.makitamarket.com.tr\/site\/wp-json\/wp\/v2\/comments?post=23718"}],"wp:featuredmedia":[{"embeddable":true,"href":"https:\/\/www.makitamarket.com.tr\/site\/wp-json\/wp\/v2\/media\/16357"}],"wp:attachment":[{"href":"https:\/\/www.makitamarket.com.tr\/site\/wp-json\/wp\/v2\/media?parent=23718"}],"wp:term":[{"taxonomy":"product_brand","embeddable":true,"href":"https:\/\/www.makitamarket.com.tr\/site\/wp-json\/wp\/v2\/product_brand?post=23718"},{"taxonomy":"product_cat","embeddable":true,"href":"https:\/\/www.makitamarket.com.tr\/site\/wp-json\/wp\/v2\/product_cat?post=23718"},{"taxonomy":"product_tag","embeddable":true,"href":"https:\/\/www.makitamarket.com.tr\/site\/wp-json\/wp\/v2\/product_tag?post=23718"}],"curies":[{"name":"wp","href":"https:\/\/api.w.org\/{rel}","templated":true}]}}