{"id":23723,"date":"2025-01-06T16:44:54","date_gmt":"2025-01-06T13:44:54","guid":{"rendered":"https:\/\/www.makitamarket.com.tr\/site\/urun\/cora-4001-1-7mm-boya-tabancasi-3-5-50-bar-psi\/"},"modified":"2026-04-13T21:32:35","modified_gmt":"2026-04-13T18:32:35","slug":"cora-4001-1-7mm-boya-tabancasi-3-5-50-bar-psi","status":"publish","type":"product","link":"https:\/\/www.makitamarket.com.tr\/site\/urun\/cora-4001-1-7mm-boya-tabancasi-3-5-50-bar-psi\/","title":{"rendered":"Cora 4001-1.7MM BOYA TABANCASI 3.5\/50 bar &#8211; psi"},"content":{"rendered":"<table>\n<tr>\n<td>Hava Bas\u0131nc\u0131 (bar-psi)<\/td>\n<td>3,5-50<\/td>\n<\/tr>\n<tr>\n<td>Depo Kapasitesi<\/td>\n<td>1000 ml<\/td>\n<\/tr>\n<tr>\n<td>Hava Giri\u015fi<\/td>\n<td>G1\/4&#8243;<\/td>\n<\/tr>\n<tr>\n<td>Nozul<\/td>\n<td>1.7 mm<\/td>\n<\/tr>\n<\/table>\n","protected":false},"excerpt":{"rendered":"<p>Hava Bas\u0131nc\u0131 (bar-psi) 3,5-50 Depo Kapasitesi 1000 ml Hava Giri\u015fi G1\/4&#8243; Nozul 1.7 mm<\/p>\n","protected":false},"featured_media":16391,"comment_status":"open","ping_status":"closed","template":"","meta":{"_acf_changed":false},"product_brand":[1533],"product_cat":[1320],"product_tag":[],"class_list":{"0":"post-23723","1":"product","2":"type-product","3":"status-publish","4":"has-post-thumbnail","6":"product_brand-cora","7":"product_cat-boya-tabancalari","9":"first","10":"outofstock","11":"taxable","12":"shipping-taxable","13":"purchasable","14":"product-type-simple","15":"add-to-wishlist-after_add_to_cart"},"acf":[],"_links":{"self":[{"href":"https:\/\/www.makitamarket.com.tr\/site\/wp-json\/wp\/v2\/product\/23723","targetHints":{"allow":["GET"]}}],"collection":[{"href":"https:\/\/www.makitamarket.com.tr\/site\/wp-json\/wp\/v2\/product"}],"about":[{"href":"https:\/\/www.makitamarket.com.tr\/site\/wp-json\/wp\/v2\/types\/product"}],"replies":[{"embeddable":true,"href":"https:\/\/www.makitamarket.com.tr\/site\/wp-json\/wp\/v2\/comments?post=23723"}],"wp:featuredmedia":[{"embeddable":true,"href":"https:\/\/www.makitamarket.com.tr\/site\/wp-json\/wp\/v2\/media\/16391"}],"wp:attachment":[{"href":"https:\/\/www.makitamarket.com.tr\/site\/wp-json\/wp\/v2\/media?parent=23723"}],"wp:term":[{"taxonomy":"product_brand","embeddable":true,"href":"https:\/\/www.makitamarket.com.tr\/site\/wp-json\/wp\/v2\/product_brand?post=23723"},{"taxonomy":"product_cat","embeddable":true,"href":"https:\/\/www.makitamarket.com.tr\/site\/wp-json\/wp\/v2\/product_cat?post=23723"},{"taxonomy":"product_tag","embeddable":true,"href":"https:\/\/www.makitamarket.com.tr\/site\/wp-json\/wp\/v2\/product_tag?post=23723"}],"curies":[{"name":"wp","href":"https:\/\/api.w.org\/{rel}","templated":true}]}}