{"id":23727,"date":"2025-01-06T16:44:57","date_gmt":"2025-01-06T13:44:57","guid":{"rendered":"https:\/\/www.makitamarket.com.tr\/site\/urun\/makita-123544-4-formika-traslama-tablasi-seffaf\/"},"modified":"2026-04-13T21:32:43","modified_gmt":"2026-04-13T18:32:43","slug":"makita-123544-4-formika-traslama-tablasi-seffaf","status":"publish","type":"product","link":"https:\/\/www.makitamarket.com.tr\/site\/urun\/makita-123544-4-formika-traslama-tablasi-seffaf\/","title":{"rendered":"Makita 123544-4 FORM\u0130KA TRA\u015eLAMA TABLASI (\u015eEFFAF)"},"content":{"rendered":"<table>\n<tr>\n<td>A\u00e7\u0131klama<\/td>\n<td>Formika tra\u015flama tablas\u0131 (\u015eeffaf)<\/td>\n<\/tr>\n<\/table>\n","protected":false},"excerpt":{"rendered":"<p>A\u00e7\u0131klama Formika tra\u015flama tablas\u0131 (\u015eeffaf)<\/p>\n","protected":false},"featured_media":16415,"comment_status":"open","ping_status":"closed","template":"","meta":{"_acf_changed":false},"product_brand":[1485],"product_cat":[1165],"product_tag":[],"class_list":{"0":"post-23727","1":"product","2":"type-product","3":"status-publish","4":"has-post-thumbnail","6":"product_brand-makita","7":"product_cat-tablalar","9":"first","10":"instock","11":"taxable","12":"shipping-taxable","13":"purchasable","14":"product-type-simple","15":"add-to-wishlist-after_add_to_cart"},"acf":[],"_links":{"self":[{"href":"https:\/\/www.makitamarket.com.tr\/site\/wp-json\/wp\/v2\/product\/23727","targetHints":{"allow":["GET"]}}],"collection":[{"href":"https:\/\/www.makitamarket.com.tr\/site\/wp-json\/wp\/v2\/product"}],"about":[{"href":"https:\/\/www.makitamarket.com.tr\/site\/wp-json\/wp\/v2\/types\/product"}],"replies":[{"embeddable":true,"href":"https:\/\/www.makitamarket.com.tr\/site\/wp-json\/wp\/v2\/comments?post=23727"}],"wp:featuredmedia":[{"embeddable":true,"href":"https:\/\/www.makitamarket.com.tr\/site\/wp-json\/wp\/v2\/media\/16415"}],"wp:attachment":[{"href":"https:\/\/www.makitamarket.com.tr\/site\/wp-json\/wp\/v2\/media?parent=23727"}],"wp:term":[{"taxonomy":"product_brand","embeddable":true,"href":"https:\/\/www.makitamarket.com.tr\/site\/wp-json\/wp\/v2\/product_brand?post=23727"},{"taxonomy":"product_cat","embeddable":true,"href":"https:\/\/www.makitamarket.com.tr\/site\/wp-json\/wp\/v2\/product_cat?post=23727"},{"taxonomy":"product_tag","embeddable":true,"href":"https:\/\/www.makitamarket.com.tr\/site\/wp-json\/wp\/v2\/product_tag?post=23727"}],"curies":[{"name":"wp","href":"https:\/\/api.w.org\/{rel}","templated":true}]}}