{"id":23729,"date":"2025-01-06T16:44:58","date_gmt":"2025-01-06T13:44:58","guid":{"rendered":"https:\/\/www.makitamarket.com.tr\/site\/urun\/weller-b22r-b-serisi-kaportaci-ve-tenekeci-makaslari\/"},"modified":"2026-03-15T10:33:23","modified_gmt":"2026-03-15T07:33:23","slug":"weller-b22r-b-serisi-kaportaci-ve-tenekeci-makaslari","status":"publish","type":"product","link":"https:\/\/www.makitamarket.com.tr\/site\/urun\/weller-b22r-b-serisi-kaportaci-ve-tenekeci-makaslari\/","title":{"rendered":"Weller B22R B SER\u0130S\u0130 KAPORTACI VE TENEKEC\u0130 MAKASLARI"},"content":{"rendered":"<p>\n\tKaportac\u0131 Makas\u0131 250mm &#8211; sa\u011f<br \/>\n\t\u00a0<\/p>\n<table><\/table>\n","protected":false},"excerpt":{"rendered":"<p>\n\tKaportac\u0131 Makas\u0131 250mm &#8211; sa\u011f<br \/>\n\t\u00a0<\/p>\n","protected":false},"featured_media":16437,"comment_status":"open","ping_status":"closed","template":"","meta":{"_acf_changed":false},"product_brand":[1530],"product_cat":[833],"product_tag":[],"class_list":{"0":"post-23729","1":"product","2":"type-product","3":"status-publish","4":"has-post-thumbnail","6":"product_brand-weller","7":"product_cat-makaslar","9":"first","10":"outofstock","11":"taxable","12":"shipping-taxable","13":"purchasable","14":"product-type-simple","15":"add-to-wishlist-after_add_to_cart"},"acf":[],"_links":{"self":[{"href":"https:\/\/www.makitamarket.com.tr\/site\/wp-json\/wp\/v2\/product\/23729","targetHints":{"allow":["GET"]}}],"collection":[{"href":"https:\/\/www.makitamarket.com.tr\/site\/wp-json\/wp\/v2\/product"}],"about":[{"href":"https:\/\/www.makitamarket.com.tr\/site\/wp-json\/wp\/v2\/types\/product"}],"replies":[{"embeddable":true,"href":"https:\/\/www.makitamarket.com.tr\/site\/wp-json\/wp\/v2\/comments?post=23729"}],"wp:featuredmedia":[{"embeddable":true,"href":"https:\/\/www.makitamarket.com.tr\/site\/wp-json\/wp\/v2\/media\/16437"}],"wp:attachment":[{"href":"https:\/\/www.makitamarket.com.tr\/site\/wp-json\/wp\/v2\/media?parent=23729"}],"wp:term":[{"taxonomy":"product_brand","embeddable":true,"href":"https:\/\/www.makitamarket.com.tr\/site\/wp-json\/wp\/v2\/product_brand?post=23729"},{"taxonomy":"product_cat","embeddable":true,"href":"https:\/\/www.makitamarket.com.tr\/site\/wp-json\/wp\/v2\/product_cat?post=23729"},{"taxonomy":"product_tag","embeddable":true,"href":"https:\/\/www.makitamarket.com.tr\/site\/wp-json\/wp\/v2\/product_tag?post=23729"}],"curies":[{"name":"wp","href":"https:\/\/api.w.org\/{rel}","templated":true}]}}