{"id":23741,"date":"2025-01-06T16:45:08","date_gmt":"2025-01-06T13:45:08","guid":{"rendered":"https:\/\/www.makitamarket.com.tr\/site\/urun\/makita-b-21272-segmanli-testere-bicagi-85-mm\/"},"modified":"2025-11-16T09:07:49","modified_gmt":"2025-11-16T06:07:49","slug":"makita-b-21272-segmanli-testere-bicagi-85-mm","status":"publish","type":"product","link":"https:\/\/www.makitamarket.com.tr\/site\/urun\/makita-b-21272-segmanli-testere-bicagi-85-mm\/","title":{"rendered":"Makita B-21272 SEGMANLI TESTERE BI\u00c7A\u011eI 85 mm"},"content":{"rendered":"<p>\n\tDemir d\u0131\u015f\u0131 metaller, FRP,PVC, b\u00f6lme duvar, fiberglas kesiminde kullan\u0131l\u0131r.<\/p>\n<table>\n<tr>\n<td>\u00c7ap<\/td>\n<td>85 mm<\/td>\n<\/tr>\n<tr>\n<td>B\u0131\u00e7ak Materyali<\/td>\n<td>BiM-TiN<\/td>\n<\/tr>\n<\/table>\n","protected":false},"excerpt":{"rendered":"<p>\n\tDemir d\u0131\u015f\u0131 metaller, FRP,PVC, b\u00f6lme duvar, fiberglas kesiminde kullan\u0131l\u0131r.<\/p>\n","protected":false},"featured_media":16543,"comment_status":"open","ping_status":"closed","template":"","meta":{"_acf_changed":false},"product_brand":[1485],"product_cat":[1266],"product_tag":[],"class_list":{"0":"post-23741","1":"product","2":"type-product","3":"status-publish","4":"has-post-thumbnail","6":"product_brand-makita","7":"product_cat-segmanli-testere-bicaklari","9":"first","10":"outofstock","11":"taxable","12":"shipping-taxable","13":"purchasable","14":"product-type-simple","15":"add-to-wishlist-after_add_to_cart"},"acf":[],"_links":{"self":[{"href":"https:\/\/www.makitamarket.com.tr\/site\/wp-json\/wp\/v2\/product\/23741","targetHints":{"allow":["GET"]}}],"collection":[{"href":"https:\/\/www.makitamarket.com.tr\/site\/wp-json\/wp\/v2\/product"}],"about":[{"href":"https:\/\/www.makitamarket.com.tr\/site\/wp-json\/wp\/v2\/types\/product"}],"replies":[{"embeddable":true,"href":"https:\/\/www.makitamarket.com.tr\/site\/wp-json\/wp\/v2\/comments?post=23741"}],"wp:featuredmedia":[{"embeddable":true,"href":"https:\/\/www.makitamarket.com.tr\/site\/wp-json\/wp\/v2\/media\/16543"}],"wp:attachment":[{"href":"https:\/\/www.makitamarket.com.tr\/site\/wp-json\/wp\/v2\/media?parent=23741"}],"wp:term":[{"taxonomy":"product_brand","embeddable":true,"href":"https:\/\/www.makitamarket.com.tr\/site\/wp-json\/wp\/v2\/product_brand?post=23741"},{"taxonomy":"product_cat","embeddable":true,"href":"https:\/\/www.makitamarket.com.tr\/site\/wp-json\/wp\/v2\/product_cat?post=23741"},{"taxonomy":"product_tag","embeddable":true,"href":"https:\/\/www.makitamarket.com.tr\/site\/wp-json\/wp\/v2\/product_tag?post=23741"}],"curies":[{"name":"wp","href":"https:\/\/api.w.org\/{rel}","templated":true}]}}