{"id":23746,"date":"2025-01-06T16:45:11","date_gmt":"2025-01-06T13:45:11","guid":{"rendered":"https:\/\/www.makitamarket.com.tr\/site\/urun\/reis-hss-80-12600-sds-max-tip-yassi-keski\/"},"modified":"2026-04-06T15:44:41","modified_gmt":"2026-04-06T12:44:41","slug":"reis-hss-80-12600-sds-max-tip-yassi-keski","status":"publish","type":"product","link":"https:\/\/www.makitamarket.com.tr\/site\/urun\/reis-hss-80-12600-sds-max-tip-yassi-keski\/","title":{"rendered":"Reis Hss 80-12600 SDS &#8211; MAX T\u0130P YASSI KESK\u0130"},"content":{"rendered":"<p>\n\tSDS-Max u\u00e7 kullanan t\u00fcm elektropn\u00f6matik makinalarda kullan\u0131l\u0131r.<\/p>\n<table>\n<tr>\n<td>Tip<\/td>\n<td>Yass\u0131<\/td>\n<\/tr>\n<tr>\n<td>\u00d6l\u00e7\u00fc<\/td>\n<td>600<\/td>\n<\/tr>\n<\/table>\n","protected":false},"excerpt":{"rendered":"<p>\n\tSDS-Max u\u00e7 kullanan t\u00fcm elektropn\u00f6matik makinalarda kullan\u0131l\u0131r.<\/p>\n","protected":false},"featured_media":16581,"comment_status":"open","ping_status":"closed","template":"","meta":{"_acf_changed":false},"product_brand":[1555],"product_cat":[1366],"product_tag":[],"class_list":{"0":"post-23746","1":"product","2":"type-product","3":"status-publish","4":"has-post-thumbnail","6":"product_brand-reis-hss","7":"product_cat-yassi-keskiler-keskiler-aksesuarlar","9":"first","10":"outofstock","11":"taxable","12":"shipping-taxable","13":"purchasable","14":"product-type-simple","15":"add-to-wishlist-after_add_to_cart"},"acf":[],"_links":{"self":[{"href":"https:\/\/www.makitamarket.com.tr\/site\/wp-json\/wp\/v2\/product\/23746","targetHints":{"allow":["GET"]}}],"collection":[{"href":"https:\/\/www.makitamarket.com.tr\/site\/wp-json\/wp\/v2\/product"}],"about":[{"href":"https:\/\/www.makitamarket.com.tr\/site\/wp-json\/wp\/v2\/types\/product"}],"replies":[{"embeddable":true,"href":"https:\/\/www.makitamarket.com.tr\/site\/wp-json\/wp\/v2\/comments?post=23746"}],"wp:featuredmedia":[{"embeddable":true,"href":"https:\/\/www.makitamarket.com.tr\/site\/wp-json\/wp\/v2\/media\/16581"}],"wp:attachment":[{"href":"https:\/\/www.makitamarket.com.tr\/site\/wp-json\/wp\/v2\/media?parent=23746"}],"wp:term":[{"taxonomy":"product_brand","embeddable":true,"href":"https:\/\/www.makitamarket.com.tr\/site\/wp-json\/wp\/v2\/product_brand?post=23746"},{"taxonomy":"product_cat","embeddable":true,"href":"https:\/\/www.makitamarket.com.tr\/site\/wp-json\/wp\/v2\/product_cat?post=23746"},{"taxonomy":"product_tag","embeddable":true,"href":"https:\/\/www.makitamarket.com.tr\/site\/wp-json\/wp\/v2\/product_tag?post=23746"}],"curies":[{"name":"wp","href":"https:\/\/api.w.org\/{rel}","templated":true}]}}