{"id":23748,"date":"2025-01-06T16:45:13","date_gmt":"2025-01-06T13:45:13","guid":{"rendered":"https:\/\/www.makitamarket.com.tr\/site\/urun\/weller-sg11-havya-ile-uyumlu-havya-ucu\/"},"modified":"2026-04-06T15:45:35","modified_gmt":"2026-04-06T12:45:35","slug":"weller-sg11-havya-ile-uyumlu-havya-ucu","status":"publish","type":"product","link":"https:\/\/www.makitamarket.com.tr\/site\/urun\/weller-sg11-havya-ile-uyumlu-havya-ucu\/","title":{"rendered":"Weller SG11 HAVYA \u0130LE UYUMLU HAVYA UCU"},"content":{"rendered":"<table>\n<tr>\n<td>Uyumlu Havya<\/td>\n<td>HOBBY KIT 2<\/td>\n<\/tr>\n<tr>\n<td>Set \u0130\u00e7indek U\u00e7lar<\/td>\n<td>Geni\u015flik 5 mm. Keski ucu, Uzun \u00f6m\u00fcrl\u00fc tip<\/td>\n<\/tr>\n<\/table>\n","protected":false},"excerpt":{"rendered":"<p>Uyumlu Havya HOBBY KIT 2 Set \u0130\u00e7indek U\u00e7lar Geni\u015flik 5 mm. Keski ucu, Uzun \u00f6m\u00fcrl\u00fc tip<\/p>\n","protected":false},"featured_media":16605,"comment_status":"open","ping_status":"closed","template":"","meta":{"_acf_changed":false},"product_brand":[1530],"product_cat":[1171],"product_tag":[],"class_list":{"0":"post-23748","1":"product","2":"type-product","3":"status-publish","4":"has-post-thumbnail","6":"product_brand-weller","7":"product_cat-yedek-lehim-uclari","9":"first","10":"instock","11":"taxable","12":"shipping-taxable","13":"purchasable","14":"product-type-simple","15":"add-to-wishlist-after_add_to_cart"},"acf":[],"_links":{"self":[{"href":"https:\/\/www.makitamarket.com.tr\/site\/wp-json\/wp\/v2\/product\/23748","targetHints":{"allow":["GET"]}}],"collection":[{"href":"https:\/\/www.makitamarket.com.tr\/site\/wp-json\/wp\/v2\/product"}],"about":[{"href":"https:\/\/www.makitamarket.com.tr\/site\/wp-json\/wp\/v2\/types\/product"}],"replies":[{"embeddable":true,"href":"https:\/\/www.makitamarket.com.tr\/site\/wp-json\/wp\/v2\/comments?post=23748"}],"wp:featuredmedia":[{"embeddable":true,"href":"https:\/\/www.makitamarket.com.tr\/site\/wp-json\/wp\/v2\/media\/16605"}],"wp:attachment":[{"href":"https:\/\/www.makitamarket.com.tr\/site\/wp-json\/wp\/v2\/media?parent=23748"}],"wp:term":[{"taxonomy":"product_brand","embeddable":true,"href":"https:\/\/www.makitamarket.com.tr\/site\/wp-json\/wp\/v2\/product_brand?post=23748"},{"taxonomy":"product_cat","embeddable":true,"href":"https:\/\/www.makitamarket.com.tr\/site\/wp-json\/wp\/v2\/product_cat?post=23748"},{"taxonomy":"product_tag","embeddable":true,"href":"https:\/\/www.makitamarket.com.tr\/site\/wp-json\/wp\/v2\/product_tag?post=23748"}],"curies":[{"name":"wp","href":"https:\/\/api.w.org\/{rel}","templated":true}]}}