{"id":23762,"date":"2025-01-06T16:45:23","date_gmt":"2025-01-06T13:45:23","guid":{"rendered":"https:\/\/www.makitamarket.com.tr\/site\/urun\/uni-t-ut120b-dijital-multimetre\/"},"modified":"2026-03-30T09:35:20","modified_gmt":"2026-03-30T06:35:20","slug":"uni-t-ut120b-dijital-multimetre","status":"publish","type":"product","link":"https:\/\/www.makitamarket.com.tr\/site\/urun\/uni-t-ut120b-dijital-multimetre\/","title":{"rendered":"Uni-t UT120B D\u0130J\u0130TAL MULT\u0130METRE"},"content":{"rendered":"<table>\n<tr>\n<td>DC Voltaj (V)<\/td>\n<td>400mV\/4V\/40V\/600V \u00b1(0.8%+1)<\/td>\n<\/tr>\n<tr>\n<td>AC Voltaj (V)<\/td>\n<td>4V\/40V\/400V\/600V \u00b1(1.2%+3)<\/td>\n<\/tr>\n<tr>\n<td>Diren\u00e7  (\u2126)<\/td>\n<td>400\u2126\/4K\u2126\/40K\u2126\/400K\u2126\/ 4M\u2126\/40M\u2126 \u00b1(1%+2)<\/td>\n<\/tr>\n<tr>\n<td>Kapasitans (F)<\/td>\n<td>4nF\/40nF\/400nF\/4\u00b5F\/40\u00b5F\/100\u00b5F \u00b1(4%+3)<\/td>\n<\/tr>\n<tr>\n<td>Frekans (Hz)<\/td>\n<td>10Hz~10MHz \u00b1(0.5%+3)<\/td>\n<\/tr>\n<tr>\n<td>Otomatik Menzil<\/td>\n<td>\u221a<\/td>\n<\/tr>\n<tr>\n<td>Duty Cycle<\/td>\n<td>0.1%~99.9%<\/td>\n<\/tr>\n<tr>\n<td>Diyot<\/td>\n<td>\u221a<\/td>\n<\/tr>\n<tr>\n<td>S\u00fcreklilik<\/td>\n<td>\u221a<\/td>\n<\/tr>\n<tr>\n<td>Uyar\u0131 sesi<\/td>\n<td>\u221a<\/td>\n<\/tr>\n<tr>\n<td>Veri tutma<\/td>\n<td>\u221a<\/td>\n<\/tr>\n<tr>\n<td>Ba\u011f\u0131l mod<\/td>\n<td>\u221a<\/td>\n<\/tr>\n<tr>\n<td>Dc Gerilim \u00d6l\u00e7\u00fcm\u00fc i\u00e7in Giri\u015f Empedans\u0131<\/td>\n<td>Yakla\u015f\u0131k 10M\u2126<\/td>\n<\/tr>\n<tr>\n<td>Batarya tipi<\/td>\n<td>3V Batarya (CR2032)<\/td>\n<\/tr>\n<tr>\n<td>A\u011f\u0131rl\u0131k<\/td>\n<td>76 g<\/td>\n<\/tr>\n<\/table>\n","protected":false},"excerpt":{"rendered":"<p>DC Voltaj (V) 400mV\/4V\/40V\/600V \u00b1(0.8%+1) AC Voltaj (V) 4V\/40V\/400V\/600V \u00b1(1.2%+3) Diren\u00e7 (\u2126) 400\u2126\/4K\u2126\/40K\u2126\/400K\u2126\/ 4M\u2126\/40M\u2126 \u00b1(1%+2) Kapasitans (F) 4nF\/40nF\/400nF\/4\u00b5F\/40\u00b5F\/100\u00b5F \u00b1(4%+3) Frekans (Hz) 10Hz~10MHz \u00b1(0.5%+3) Otomatik Menzil \u221a Duty Cycle 0.1%~99.9% Diyot<\/p>\n","protected":false},"featured_media":16710,"comment_status":"open","ping_status":"closed","template":"","meta":{"_acf_changed":false},"product_brand":[1531],"product_cat":[1080],"product_tag":[],"class_list":{"0":"post-23762","1":"product","2":"type-product","3":"status-publish","4":"has-post-thumbnail","6":"product_brand-uni-t","7":"product_cat-dijital-multimetreler","9":"first","10":"instock","11":"taxable","12":"shipping-taxable","13":"purchasable","14":"product-type-simple","15":"add-to-wishlist-after_add_to_cart"},"acf":[],"_links":{"self":[{"href":"https:\/\/www.makitamarket.com.tr\/site\/wp-json\/wp\/v2\/product\/23762","targetHints":{"allow":["GET"]}}],"collection":[{"href":"https:\/\/www.makitamarket.com.tr\/site\/wp-json\/wp\/v2\/product"}],"about":[{"href":"https:\/\/www.makitamarket.com.tr\/site\/wp-json\/wp\/v2\/types\/product"}],"replies":[{"embeddable":true,"href":"https:\/\/www.makitamarket.com.tr\/site\/wp-json\/wp\/v2\/comments?post=23762"}],"wp:featuredmedia":[{"embeddable":true,"href":"https:\/\/www.makitamarket.com.tr\/site\/wp-json\/wp\/v2\/media\/16710"}],"wp:attachment":[{"href":"https:\/\/www.makitamarket.com.tr\/site\/wp-json\/wp\/v2\/media?parent=23762"}],"wp:term":[{"taxonomy":"product_brand","embeddable":true,"href":"https:\/\/www.makitamarket.com.tr\/site\/wp-json\/wp\/v2\/product_brand?post=23762"},{"taxonomy":"product_cat","embeddable":true,"href":"https:\/\/www.makitamarket.com.tr\/site\/wp-json\/wp\/v2\/product_cat?post=23762"},{"taxonomy":"product_tag","embeddable":true,"href":"https:\/\/www.makitamarket.com.tr\/site\/wp-json\/wp\/v2\/product_tag?post=23762"}],"curies":[{"name":"wp","href":"https:\/\/api.w.org\/{rel}","templated":true}]}}