{"id":23788,"date":"2025-01-06T16:45:43","date_gmt":"2025-01-06T13:45:43","guid":{"rendered":"https:\/\/www.makitamarket.com.tr\/site\/urun\/makita-b-28597-vidalama-uc-seti\/"},"modified":"2026-03-30T09:39:24","modified_gmt":"2026-03-30T06:39:24","slug":"makita-b-28597-vidalama-uc-seti","status":"publish","type":"product","link":"https:\/\/www.makitamarket.com.tr\/site\/urun\/makita-b-28597-vidalama-uc-seti\/","title":{"rendered":"Makita B-28597 V\u0130DALAMA U\u00c7 SET\u0130"},"content":{"rendered":"<p>\n\t\u00a0<\/p>\n<table border=\"1\" cellpadding=\"1\" cellspacing=\"1\" height=\"111\" width=\"479\">\n<tbody>\n<tr>\n<td rowspan=\"5\" style=\"text-align: center;\">\n\t\t\t\t<span style=\"font-size:14px;\"><strong>B-28597<br \/>\n\t\t\t\t<\/strong><\/span><\/td>\n<td style=\"text-align: center;\">\n\t\t\t\t\u00a0<\/td>\n<td style=\"text-align: center;\">\n\t\t\t\t<strong>\u00d6l\u00e7\u00fcler<br \/>\n\t\t\t\t<\/strong><\/td>\n<td style=\"text-align: center;\">\n\t\t\t\t<strong>Uzunluk (mm)<br \/>\n\t\t\t\t<\/strong><\/td>\n<\/tr>\n<tr>\n<td style=\"text-align: center;\">\n\t\t\t\t<img loading=\"lazy\" decoding=\"async\" alt=\"\" height=\"24\" src=\"\/images\/stories\/art\u01311.png\" width=\"27\" \/><\/td>\n<td style=\"text-align: center;\">\n\t\t\t\tPh1, Ph2, Ph3<\/td>\n<td style=\"text-align: center;\">\n\t\t\t\t25 mm<\/td>\n<\/tr>\n<tr>\n<td style=\"text-align: center;\">\n\t\t\t\t<img loading=\"lazy\" decoding=\"async\" alt=\"\" height=\"27\" src=\"\/images\/stories\/art\u01312.png\" width=\"27\" \/><\/td>\n<td style=\"text-align: center;\">\n\t\t\t\tPz1, Pz2, Pz3<\/td>\n<td style=\"text-align: center;\">\n\t\t\t\t25 mm<\/td>\n<\/tr>\n<tr>\n<td style=\"text-align: center;\">\n\t\t\t\t<img decoding=\"async\" alt=\"\" src=\"\/images\/stories\/yildiz.png\" style=\"width: 24px; height: 25px;\" \/><\/td>\n<td style=\"text-align: center;\">\n\t\t\t\tT15, T20, T25, T30<\/td>\n<td style=\"text-align: center;\">\n\t\t\t\t25 mm<\/td>\n<\/tr>\n<tr>\n<td style=\"text-align: center;\">\n\t\t\t\t\u00a0<\/td>\n<td style=\"text-align: center;\">\n\t\t\t\tTorsion manyetik u\u00e7 tutucu<\/td>\n<td style=\"text-align: center;\">\n\t\t\t\t66 mm<\/td>\n<\/tr>\n<\/tbody>\n<\/table>\n<table><\/table>\n","protected":false},"excerpt":{"rendered":"<p>\n\t\u00a0<\/p>\n<table border=\"1\" cellpadding=\"1\" cellspacing=\"1\" height=\"111\" width=\"479\">\n<tbody>\n<tr>\n<td rowspan=\"5\" style=\"text-align: center;\">\n\t\t\t\t<span style=\"font-size:14px;\"><strong>B-28597<br \/>\n\t\t\t\t<\/strong><\/span><\/td>\n<td style=\"text-align: center;\">\n\t\t\t\t\u00a0<\/td>\n<td style=\"text-align: center;\">\n\t\t\t\t<strong>\u00d6l\u00e7\u00fcler<br \/>\n\t\t\t\t<\/strong><\/td>\n<td style=\"text-align: center;\">\n\t\t\t\t<strong>Uzunluk (mm)<br \/>\n\t\t\t\t<\/strong><\/td>\n<\/tr>\n<tr>\n<td style=\"text-align: center;\">\n\t\t\t\t<img loading=\"lazy\" decoding=\"async\" alt=\"\" height=\"24\" src=\"\/images\/stories\/art\u01311.png\" width=\"27\" \/><\/td>\n<td style=\"text-align: center;\">\n\t\t\t\tPh1, Ph2, Ph3<\/td>\n<td style=\"text-align: center;\">\n\t\t\t\t25 mm<\/td>\n<\/tr>\n<tr>\n<td style=\"text-align: center;\">\n\t\t\t\t<img loading=\"lazy\" decoding=\"async\" alt=\"\" height=\"27\" src=\"\/images\/stories\/art\u01312.png\" width=\"27\" \/><\/td>\n<td style=\"text-align: center;\">\n\t\t\t\tPz1, Pz2, Pz3<\/td>\n<td style=\"text-align: center;\">\n\t\t\t\t25 mm<\/td>\n<\/tr>\n<tr>\n<td style=\"text-align: center;\">\n\t\t\t\t<img decoding=\"async\" alt=\"\" src=\"\/images\/stories\/yildiz.png\" style=\"width: 24px; height: 25px;\" \/><\/td>\n<td style=\"text-align: center;\">\n\t\t\t\tT15, T20, T25, T30<\/td>\n<td style=\"text-align: center;\">\n\t\t\t\t25 mm<\/td>\n<\/tr>\n<tr>\n<td style=\"text-align: center;\">\n\t\t\t\t\u00a0<\/td>\n<td style=\"text-align: center;\">\n\t\t\t\tTorsion manyetik u\u00e7 tutucu<\/td>\n<td style=\"text-align: center;\">\n\t\t\t\t66 mm<\/td>\n<\/tr>\n<\/tbody>\n<\/table>\n","protected":false},"featured_media":16922,"comment_status":"open","ping_status":"closed","template":"","meta":{"_acf_changed":false},"product_brand":[1485],"product_cat":[798],"product_tag":[],"class_list":{"0":"post-23788","1":"product","2":"type-product","3":"status-publish","4":"has-post-thumbnail","6":"product_brand-makita","7":"product_cat-vidalama-uc-setleri","9":"first","10":"instock","11":"taxable","12":"shipping-taxable","13":"purchasable","14":"product-type-simple","15":"add-to-wishlist-after_add_to_cart"},"acf":[],"_links":{"self":[{"href":"https:\/\/www.makitamarket.com.tr\/site\/wp-json\/wp\/v2\/product\/23788","targetHints":{"allow":["GET"]}}],"collection":[{"href":"https:\/\/www.makitamarket.com.tr\/site\/wp-json\/wp\/v2\/product"}],"about":[{"href":"https:\/\/www.makitamarket.com.tr\/site\/wp-json\/wp\/v2\/types\/product"}],"replies":[{"embeddable":true,"href":"https:\/\/www.makitamarket.com.tr\/site\/wp-json\/wp\/v2\/comments?post=23788"}],"wp:featuredmedia":[{"embeddable":true,"href":"https:\/\/www.makitamarket.com.tr\/site\/wp-json\/wp\/v2\/media\/16922"}],"wp:attachment":[{"href":"https:\/\/www.makitamarket.com.tr\/site\/wp-json\/wp\/v2\/media?parent=23788"}],"wp:term":[{"taxonomy":"product_brand","embeddable":true,"href":"https:\/\/www.makitamarket.com.tr\/site\/wp-json\/wp\/v2\/product_brand?post=23788"},{"taxonomy":"product_cat","embeddable":true,"href":"https:\/\/www.makitamarket.com.tr\/site\/wp-json\/wp\/v2\/product_cat?post=23788"},{"taxonomy":"product_tag","embeddable":true,"href":"https:\/\/www.makitamarket.com.tr\/site\/wp-json\/wp\/v2\/product_tag?post=23788"}],"curies":[{"name":"wp","href":"https:\/\/api.w.org\/{rel}","templated":true}]}}