{"id":23799,"date":"2025-01-06T16:45:51","date_gmt":"2025-01-06T13:45:51","guid":{"rendered":"https:\/\/www.makitamarket.com.tr\/site\/urun\/lightorch-lt03097-zoomlu-ledli-el-feneri\/"},"modified":"2026-03-30T09:41:24","modified_gmt":"2026-03-30T06:41:24","slug":"lightorch-lt03097-zoomlu-ledli-el-feneri","status":"publish","type":"product","link":"https:\/\/www.makitamarket.com.tr\/site\/urun\/lightorch-lt03097-zoomlu-ledli-el-feneri\/","title":{"rendered":"Lightorch LT03097 ZOOMLU LEDL\u0130 EL FENER\u0130"},"content":{"rendered":"<table>\n<tr>\n<td>Ayd\u0131nlatma \u015eiddeti<\/td>\n<td>150 L\u00fcmen<\/td>\n<\/tr>\n<tr>\n<td>Ayd\u0131nlatma Mesafesi<\/td>\n<td>120 Metre<\/td>\n<\/tr>\n<tr>\n<td>Odaklanma \u00d6zelli\u011fi<\/td>\n<td>\u221a<\/td>\n<\/tr>\n<tr>\n<td>Ayd\u0131nlatma Modlar\u0131<\/td>\n<td>3 Mod (Y\u00fcksek-D\u00fc\u015f\u00fck-Fla\u015f)<\/td>\n<\/tr>\n<tr>\n<td>LED<\/td>\n<td>XPG<\/td>\n<\/tr>\n<tr>\n<td>Tam Dolu Pille Kullan\u0131m<\/td>\n<td>5 Saat<\/td>\n<\/tr>\n<tr>\n<td>Batarya<\/td>\n<td>2D Pil<\/td>\n<\/tr>\n<tr>\n<td>G\u00f6vde Materyali<\/td>\n<td>Al\u00fcminyum<\/td>\n<\/tr>\n<tr>\n<td>G\u00f6vde Uzunlu\u011fu<\/td>\n<td>24,5 cm<\/td>\n<\/tr>\n<tr>\n<td>Paket \u0130\u00e7i Adedi<\/td>\n<td>4<\/td>\n<\/tr>\n<tr>\n<td>Koli \u0130\u00e7i Adedi<\/td>\n<td>16<\/td>\n<\/tr>\n<\/table>\n","protected":false},"excerpt":{"rendered":"<p>Ayd\u0131nlatma \u015eiddeti 150 L\u00fcmen Ayd\u0131nlatma Mesafesi 120 Metre Odaklanma \u00d6zelli\u011fi \u221a Ayd\u0131nlatma Modlar\u0131 3 Mod (Y\u00fcksek-D\u00fc\u015f\u00fck-Fla\u015f) LED XPG Tam Dolu Pille Kullan\u0131m 5 Saat Batarya 2D Pil G\u00f6vde Materyali Al\u00fcminyum<\/p>\n","protected":false},"featured_media":17021,"comment_status":"open","ping_status":"closed","template":"","meta":{"_acf_changed":false},"product_brand":[1556],"product_cat":[1348],"product_tag":[],"class_list":{"0":"post-23799","1":"product","2":"type-product","3":"status-publish","4":"has-post-thumbnail","6":"product_brand-lightorch","7":"product_cat-pilli-el-fenerleri","9":"first","10":"instock","11":"taxable","12":"shipping-taxable","13":"purchasable","14":"product-type-simple","15":"add-to-wishlist-after_add_to_cart"},"acf":[],"_links":{"self":[{"href":"https:\/\/www.makitamarket.com.tr\/site\/wp-json\/wp\/v2\/product\/23799","targetHints":{"allow":["GET"]}}],"collection":[{"href":"https:\/\/www.makitamarket.com.tr\/site\/wp-json\/wp\/v2\/product"}],"about":[{"href":"https:\/\/www.makitamarket.com.tr\/site\/wp-json\/wp\/v2\/types\/product"}],"replies":[{"embeddable":true,"href":"https:\/\/www.makitamarket.com.tr\/site\/wp-json\/wp\/v2\/comments?post=23799"}],"wp:featuredmedia":[{"embeddable":true,"href":"https:\/\/www.makitamarket.com.tr\/site\/wp-json\/wp\/v2\/media\/17021"}],"wp:attachment":[{"href":"https:\/\/www.makitamarket.com.tr\/site\/wp-json\/wp\/v2\/media?parent=23799"}],"wp:term":[{"taxonomy":"product_brand","embeddable":true,"href":"https:\/\/www.makitamarket.com.tr\/site\/wp-json\/wp\/v2\/product_brand?post=23799"},{"taxonomy":"product_cat","embeddable":true,"href":"https:\/\/www.makitamarket.com.tr\/site\/wp-json\/wp\/v2\/product_cat?post=23799"},{"taxonomy":"product_tag","embeddable":true,"href":"https:\/\/www.makitamarket.com.tr\/site\/wp-json\/wp\/v2\/product_tag?post=23799"}],"curies":[{"name":"wp","href":"https:\/\/api.w.org\/{rel}","templated":true}]}}