{"id":23827,"date":"2025-01-06T16:46:07","date_gmt":"2025-01-06T13:46:07","guid":{"rendered":"https:\/\/www.makitamarket.com.tr\/site\/urun\/nikon-n33003-flap-disk-115-mm-60-kum\/"},"modified":"2026-03-30T09:43:30","modified_gmt":"2026-03-30T06:43:30","slug":"nikon-n33003-flap-disk-115-mm-60-kum","status":"publish","type":"product","link":"https:\/\/www.makitamarket.com.tr\/site\/urun\/nikon-n33003-flap-disk-115-mm-60-kum\/","title":{"rendered":"Nikon N33003 FLAP D\u0130SK 115 mm 60 KUM"},"content":{"rendered":"<p>\n\t<strong>Zirkonyum<\/strong> a\u015f\u0131nd\u0131r\u0131c\u0131 uygulamas\u0131na tabidir. \u00c7elik ve Paslanmaz \u00c7elik malzemelerinin z\u0131mparalanmas\u0131nda kullan\u0131l\u0131r.<\/p>\n<table>\n<tr>\n<td>\u00c7ap (mm)<\/td>\n<td>115<\/td>\n<\/tr>\n<tr>\n<td>Kum<\/td>\n<td>60<\/td>\n<\/tr>\n<tr>\n<td>Kutu \u0130\u00e7i Adedi<\/td>\n<td>10<\/td>\n<\/tr>\n<\/table>\n","protected":false},"excerpt":{"rendered":"<p>\n\t<strong>Zirkonyum<\/strong> a\u015f\u0131nd\u0131r\u0131c\u0131 uygulamas\u0131na tabidir. \u00c7elik ve Paslanmaz \u00c7elik malzemelerinin z\u0131mparalanmas\u0131nda kullan\u0131l\u0131r.<\/p>\n","protected":false},"featured_media":17176,"comment_status":"open","ping_status":"closed","template":"","meta":{"_acf_changed":false},"product_brand":[1518],"product_cat":[1139],"product_tag":[],"class_list":{"0":"post-23827","1":"product","2":"type-product","3":"status-publish","4":"has-post-thumbnail","6":"product_brand-nikon","7":"product_cat-flap-diskler","9":"first","10":"instock","11":"taxable","12":"shipping-taxable","13":"purchasable","14":"product-type-simple","15":"add-to-wishlist-after_add_to_cart"},"acf":[],"_links":{"self":[{"href":"https:\/\/www.makitamarket.com.tr\/site\/wp-json\/wp\/v2\/product\/23827","targetHints":{"allow":["GET"]}}],"collection":[{"href":"https:\/\/www.makitamarket.com.tr\/site\/wp-json\/wp\/v2\/product"}],"about":[{"href":"https:\/\/www.makitamarket.com.tr\/site\/wp-json\/wp\/v2\/types\/product"}],"replies":[{"embeddable":true,"href":"https:\/\/www.makitamarket.com.tr\/site\/wp-json\/wp\/v2\/comments?post=23827"}],"wp:featuredmedia":[{"embeddable":true,"href":"https:\/\/www.makitamarket.com.tr\/site\/wp-json\/wp\/v2\/media\/17176"}],"wp:attachment":[{"href":"https:\/\/www.makitamarket.com.tr\/site\/wp-json\/wp\/v2\/media?parent=23827"}],"wp:term":[{"taxonomy":"product_brand","embeddable":true,"href":"https:\/\/www.makitamarket.com.tr\/site\/wp-json\/wp\/v2\/product_brand?post=23827"},{"taxonomy":"product_cat","embeddable":true,"href":"https:\/\/www.makitamarket.com.tr\/site\/wp-json\/wp\/v2\/product_cat?post=23827"},{"taxonomy":"product_tag","embeddable":true,"href":"https:\/\/www.makitamarket.com.tr\/site\/wp-json\/wp\/v2\/product_tag?post=23827"}],"curies":[{"name":"wp","href":"https:\/\/api.w.org\/{rel}","templated":true}]}}