{"id":23828,"date":"2025-01-06T16:46:07","date_gmt":"2025-01-06T13:46:07","guid":{"rendered":"https:\/\/www.makitamarket.com.tr\/site\/urun\/weller-pw-12-havya-ile-uyumlu-desen-ucu\/"},"modified":"2026-04-06T15:55:46","modified_gmt":"2026-04-06T12:55:46","slug":"weller-pw-12-havya-ile-uyumlu-desen-ucu","status":"publish","type":"product","link":"https:\/\/www.makitamarket.com.tr\/site\/urun\/weller-pw-12-havya-ile-uyumlu-desen-ucu\/","title":{"rendered":"Weller PW 12 HAVYA \u0130LE UYUMLU DESEN UCU"},"content":{"rendered":"<table>\n<tr>\n<td>Set \u0130\u00e7indek U\u00e7lar<\/td>\n<td>5 s\u0131cak b\u0131\u00e7ak, model yap\u0131m\u0131 i\u00e7in<\/td>\n<\/tr>\n<\/table>\n","protected":false},"excerpt":{"rendered":"<p>Set \u0130\u00e7indek U\u00e7lar 5 s\u0131cak b\u0131\u00e7ak, model yap\u0131m\u0131 i\u00e7in<\/p>\n","protected":false},"featured_media":17179,"comment_status":"open","ping_status":"closed","template":"","meta":{"_acf_changed":false},"product_brand":[1530],"product_cat":[1171],"product_tag":[],"class_list":{"0":"post-23828","1":"product","2":"type-product","3":"status-publish","4":"has-post-thumbnail","6":"product_brand-weller","7":"product_cat-yedek-lehim-uclari","9":"first","10":"instock","11":"taxable","12":"shipping-taxable","13":"purchasable","14":"product-type-simple","15":"add-to-wishlist-after_add_to_cart"},"acf":[],"_links":{"self":[{"href":"https:\/\/www.makitamarket.com.tr\/site\/wp-json\/wp\/v2\/product\/23828","targetHints":{"allow":["GET"]}}],"collection":[{"href":"https:\/\/www.makitamarket.com.tr\/site\/wp-json\/wp\/v2\/product"}],"about":[{"href":"https:\/\/www.makitamarket.com.tr\/site\/wp-json\/wp\/v2\/types\/product"}],"replies":[{"embeddable":true,"href":"https:\/\/www.makitamarket.com.tr\/site\/wp-json\/wp\/v2\/comments?post=23828"}],"wp:featuredmedia":[{"embeddable":true,"href":"https:\/\/www.makitamarket.com.tr\/site\/wp-json\/wp\/v2\/media\/17179"}],"wp:attachment":[{"href":"https:\/\/www.makitamarket.com.tr\/site\/wp-json\/wp\/v2\/media?parent=23828"}],"wp:term":[{"taxonomy":"product_brand","embeddable":true,"href":"https:\/\/www.makitamarket.com.tr\/site\/wp-json\/wp\/v2\/product_brand?post=23828"},{"taxonomy":"product_cat","embeddable":true,"href":"https:\/\/www.makitamarket.com.tr\/site\/wp-json\/wp\/v2\/product_cat?post=23828"},{"taxonomy":"product_tag","embeddable":true,"href":"https:\/\/www.makitamarket.com.tr\/site\/wp-json\/wp\/v2\/product_tag?post=23828"}],"curies":[{"name":"wp","href":"https:\/\/api.w.org\/{rel}","templated":true}]}}