{"id":23836,"date":"2025-01-06T16:46:12","date_gmt":"2025-01-06T13:46:12","guid":{"rendered":"https:\/\/www.makitamarket.com.tr\/site\/urun\/knipex-980304-vde-lokma-uclu-tornavida-230-mm\/"},"modified":"2026-04-06T15:56:50","modified_gmt":"2026-04-06T12:56:50","slug":"knipex-980304-vde-lokma-uclu-tornavida-230-mm","status":"publish","type":"product","link":"https:\/\/www.makitamarket.com.tr\/site\/urun\/knipex-980304-vde-lokma-uclu-tornavida-230-mm\/","title":{"rendered":"Knipex 980304 VDE LOKMA U\u00c7LU TORNAV\u0130DA 230 mm"},"content":{"rendered":"<p><b>98 03 04 Lokma anahtar<\/b><br \/>Kuvvetin yorulmadan ve ele zarar vermeden aktar\u0131lmas\u0131 i\u00e7in 2 komponentli ergonomik sap. Elde kaymay\u0131 engelleyici sap yaps\u0131. <\/p>\n<li><b>Anahtar \u00f6l\u00e7\u00fcs\u00fc S: <\/b>4,0 mm<\/li>\n<li><b>Sap uzunlu\u011fu: <\/b>107 mm<\/li>\n<li><b>Kafa \u00e7ap\u0131 d: <\/b>9 mm<\/li>\n<p> S\u00fcng\u00fc Uzunlu\u011fu<\/li>\n<p> 125 mm<\/li>\n<li><b>VDE onayl\u0131: <\/b>ja \u00a0<\/li>\n<table>\n<tr>\n<td>Uzunluk<\/td>\n<td>230<\/td>\n<\/tr>\n<tr>\n<td>Anahtar \u00d6l\u00e7\u00fcs\u00fc<\/td>\n<td>4 mm<\/td>\n<\/tr>\n<tr>\n<td>U\u00e7 uzunlu\u011fu<\/td>\n<td>125 mm<\/td>\n<\/tr>\n<tr>\n<td>Sap Uzunlu\u011fu<\/td>\n<td>107 mm<\/td>\n<\/tr>\n<tr>\n<td>A\u011f\u0131rl\u0131k<\/td>\n<td>70 gr<\/td>\n<\/tr>\n<tr>\n<td>Kafa \u00c7ap\u0131<\/td>\n<td>9 mm<\/td>\n<\/tr>\n<\/table>\n","protected":false},"excerpt":{"rendered":"<p><b>98 03 04 Lokma anahtar<\/b><br \/>Kuvvetin yorulmadan ve ele zarar vermeden aktar\u0131lmas\u0131 i\u00e7in 2 komponentli ergonomik sap. Elde kaymay\u0131 engelleyici sap yaps\u0131. <\/p>\n<li><b>Anahtar \u00f6l\u00e7\u00fcs\u00fc S: <\/b>4,0 mm<\/li>\n<li><b>Sap uzunlu\u011fu: <\/b>107 mm<\/li>\n<li><b>Kafa \u00e7ap\u0131 d: <\/b>9 mm<\/li>\n<p> S\u00fcng\u00fc Uzunlu\u011fu<\/li>\n<p> 125 mm<\/li>\n<li><b>VDE onayl\u0131: <\/b>ja \u00a0<\/li>\n","protected":false},"featured_media":17242,"comment_status":"open","ping_status":"closed","template":"","meta":{"_acf_changed":false},"product_brand":[1486],"product_cat":[794],"product_tag":[],"class_list":{"0":"post-23836","1":"product","2":"type-product","3":"status-publish","4":"has-post-thumbnail","6":"product_brand-knipex","7":"product_cat-izoleli-tornavidalar","9":"first","10":"instock","11":"taxable","12":"shipping-taxable","13":"purchasable","14":"product-type-simple","15":"add-to-wishlist-after_add_to_cart"},"acf":[],"_links":{"self":[{"href":"https:\/\/www.makitamarket.com.tr\/site\/wp-json\/wp\/v2\/product\/23836","targetHints":{"allow":["GET"]}}],"collection":[{"href":"https:\/\/www.makitamarket.com.tr\/site\/wp-json\/wp\/v2\/product"}],"about":[{"href":"https:\/\/www.makitamarket.com.tr\/site\/wp-json\/wp\/v2\/types\/product"}],"replies":[{"embeddable":true,"href":"https:\/\/www.makitamarket.com.tr\/site\/wp-json\/wp\/v2\/comments?post=23836"}],"wp:featuredmedia":[{"embeddable":true,"href":"https:\/\/www.makitamarket.com.tr\/site\/wp-json\/wp\/v2\/media\/17242"}],"wp:attachment":[{"href":"https:\/\/www.makitamarket.com.tr\/site\/wp-json\/wp\/v2\/media?parent=23836"}],"wp:term":[{"taxonomy":"product_brand","embeddable":true,"href":"https:\/\/www.makitamarket.com.tr\/site\/wp-json\/wp\/v2\/product_brand?post=23836"},{"taxonomy":"product_cat","embeddable":true,"href":"https:\/\/www.makitamarket.com.tr\/site\/wp-json\/wp\/v2\/product_cat?post=23836"},{"taxonomy":"product_tag","embeddable":true,"href":"https:\/\/www.makitamarket.com.tr\/site\/wp-json\/wp\/v2\/product_tag?post=23836"}],"curies":[{"name":"wp","href":"https:\/\/api.w.org\/{rel}","templated":true}]}}