{"id":23843,"date":"2025-01-06T16:46:19","date_gmt":"2025-01-06T13:46:19","guid":{"rendered":"https:\/\/www.makitamarket.com.tr\/site\/urun\/makita-b-43197-kilic-testere-bicagi-225-mm\/"},"modified":"2026-03-30T09:46:20","modified_gmt":"2026-03-30T06:46:20","slug":"makita-b-43197-kilic-testere-bicagi-225-mm","status":"publish","type":"product","link":"https:\/\/www.makitamarket.com.tr\/site\/urun\/makita-b-43197-kilic-testere-bicagi-225-mm\/","title":{"rendered":"Makita B-43197 KILI\u00c7 TESTERE BI\u00c7A\u011eI 225 mm"},"content":{"rendered":"<p>\n\tA\u011f\u0131r hizmet metal i\u015flerinde sert metal plaka i\u00e7in 2-10 mm<\/p>\n<p>\n\tSert, kal\u0131n kapal\u0131 boru ve profiller i\u00e7in 100 mm ve daha k\u00fc\u00e7\u00fck \u00e7aplar\u0131n kesiminde kullan\u0131l\u0131r.<\/p>\n<table>\n<tr>\n<td>Uzunluk<\/td>\n<td>225 mm<\/td>\n<\/tr>\n<tr>\n<td>\u0130nch Ba\u015f\u0131 Di\u015f<\/td>\n<td>10-14<\/td>\n<\/tr>\n<tr>\n<td>B\u0131\u00e7ak Materyali<\/td>\n<td>Bi-Metal<\/td>\n<\/tr>\n<\/table>\n","protected":false},"excerpt":{"rendered":"<p>\n\tA\u011f\u0131r hizmet metal i\u015flerinde sert metal plaka i\u00e7in 2-10 mm<\/p>\n<p>\n\tSert, kal\u0131n kapal\u0131 boru ve profiller i\u00e7in 100 mm ve daha k\u00fc\u00e7\u00fck \u00e7aplar\u0131n kesiminde kullan\u0131l\u0131r.<\/p>\n","protected":false},"featured_media":17315,"comment_status":"open","ping_status":"closed","template":"","meta":{"_acf_changed":false},"product_brand":[1485],"product_cat":[1370],"product_tag":[],"class_list":{"0":"post-23843","1":"product","2":"type-product","3":"status-publish","4":"has-post-thumbnail","6":"product_brand-makita","7":"product_cat-metal-kesim-kilic-testere-bicaklari","9":"first","10":"outofstock","11":"taxable","12":"shipping-taxable","13":"purchasable","14":"product-type-simple","15":"add-to-wishlist-after_add_to_cart"},"acf":[],"_links":{"self":[{"href":"https:\/\/www.makitamarket.com.tr\/site\/wp-json\/wp\/v2\/product\/23843","targetHints":{"allow":["GET"]}}],"collection":[{"href":"https:\/\/www.makitamarket.com.tr\/site\/wp-json\/wp\/v2\/product"}],"about":[{"href":"https:\/\/www.makitamarket.com.tr\/site\/wp-json\/wp\/v2\/types\/product"}],"replies":[{"embeddable":true,"href":"https:\/\/www.makitamarket.com.tr\/site\/wp-json\/wp\/v2\/comments?post=23843"}],"wp:featuredmedia":[{"embeddable":true,"href":"https:\/\/www.makitamarket.com.tr\/site\/wp-json\/wp\/v2\/media\/17315"}],"wp:attachment":[{"href":"https:\/\/www.makitamarket.com.tr\/site\/wp-json\/wp\/v2\/media?parent=23843"}],"wp:term":[{"taxonomy":"product_brand","embeddable":true,"href":"https:\/\/www.makitamarket.com.tr\/site\/wp-json\/wp\/v2\/product_brand?post=23843"},{"taxonomy":"product_cat","embeddable":true,"href":"https:\/\/www.makitamarket.com.tr\/site\/wp-json\/wp\/v2\/product_cat?post=23843"},{"taxonomy":"product_tag","embeddable":true,"href":"https:\/\/www.makitamarket.com.tr\/site\/wp-json\/wp\/v2\/product_tag?post=23843"}],"curies":[{"name":"wp","href":"https:\/\/api.w.org\/{rel}","templated":true}]}}