{"id":23852,"date":"2025-01-06T16:46:25","date_gmt":"2025-01-06T13:46:25","guid":{"rendered":"https:\/\/www.makitamarket.com.tr\/site\/urun\/makita-d-09472-freze-bicagi-6x10-mm\/"},"modified":"2026-04-13T21:50:34","modified_gmt":"2026-04-13T18:50:34","slug":"makita-d-09472-freze-bicagi-6x10-mm","status":"publish","type":"product","link":"https:\/\/www.makitamarket.com.tr\/site\/urun\/makita-d-09472-freze-bicagi-6x10-mm\/","title":{"rendered":"Makita D-09472 FREZE BI\u00c7A\u011eI 6&#215;10 mm"},"content":{"rendered":"<p>\n\tAh\u015fap \u00fczerinde tek kenar\u00a0 almak i\u00e7in kullan\u0131l\u0131r.<\/p>\n<p>\n\tG\u00f6rselde ifade edilen harflerin anlamlar\u0131 alttaki gibidir.<\/p>\n<p>\n\tL1 : Uzunluk<\/p>\n<p>\n\tL2 : \u00c7al\u0131\u015fma Uzunlu\u011fu<\/p>\n<p>\n\tD : \u00c7ap<\/p>\n<p>\n\tA1 : U\u00e7 \u00c7ap\u0131<\/p>\n<table>\n<tr>\n<td>\u00c7ap<\/td>\n<td>6 mm<\/td>\n<\/tr>\n<tr>\n<td>Uzunluk<\/td>\n<td>50<\/td>\n<\/tr>\n<tr>\n<td>\u00c7al\u0131\u015fma Uzunlu\u011fu<\/td>\n<td>20<\/td>\n<\/tr>\n<tr>\n<td>U\u00e7 \u00c7ap\u0131<\/td>\n<td>10<\/td>\n<\/tr>\n<\/table>\n","protected":false},"excerpt":{"rendered":"<p>\n\tAh\u015fap \u00fczerinde tek kenar\u00a0 almak i\u00e7in kullan\u0131l\u0131r.<\/p>\n<p>\n\tG\u00f6rselde ifade edilen harflerin anlamlar\u0131 alttaki gibidir.<\/p>\n<p>\n\tL1 : Uzunluk<\/p>\n<p>\n\tL2 : \u00c7al\u0131\u015fma Uzunlu\u011fu<\/p>\n<p>\n\tD : \u00c7ap<\/p>\n<p>\n\tA1 : U\u00e7 \u00c7ap\u0131<\/p>\n","protected":false},"featured_media":17375,"comment_status":"open","ping_status":"closed","template":"","meta":{"_acf_changed":false},"product_brand":[1485],"product_cat":[1337],"product_tag":[],"class_list":{"0":"post-23852","1":"product","2":"type-product","3":"status-publish","4":"has-post-thumbnail","6":"product_brand-makita","7":"product_cat-6mm-freze-bicaklari","9":"first","10":"instock","11":"taxable","12":"shipping-taxable","13":"purchasable","14":"product-type-simple","15":"add-to-wishlist-after_add_to_cart"},"acf":[],"_links":{"self":[{"href":"https:\/\/www.makitamarket.com.tr\/site\/wp-json\/wp\/v2\/product\/23852","targetHints":{"allow":["GET"]}}],"collection":[{"href":"https:\/\/www.makitamarket.com.tr\/site\/wp-json\/wp\/v2\/product"}],"about":[{"href":"https:\/\/www.makitamarket.com.tr\/site\/wp-json\/wp\/v2\/types\/product"}],"replies":[{"embeddable":true,"href":"https:\/\/www.makitamarket.com.tr\/site\/wp-json\/wp\/v2\/comments?post=23852"}],"wp:featuredmedia":[{"embeddable":true,"href":"https:\/\/www.makitamarket.com.tr\/site\/wp-json\/wp\/v2\/media\/17375"}],"wp:attachment":[{"href":"https:\/\/www.makitamarket.com.tr\/site\/wp-json\/wp\/v2\/media?parent=23852"}],"wp:term":[{"taxonomy":"product_brand","embeddable":true,"href":"https:\/\/www.makitamarket.com.tr\/site\/wp-json\/wp\/v2\/product_brand?post=23852"},{"taxonomy":"product_cat","embeddable":true,"href":"https:\/\/www.makitamarket.com.tr\/site\/wp-json\/wp\/v2\/product_cat?post=23852"},{"taxonomy":"product_tag","embeddable":true,"href":"https:\/\/www.makitamarket.com.tr\/site\/wp-json\/wp\/v2\/product_tag?post=23852"}],"curies":[{"name":"wp","href":"https:\/\/api.w.org\/{rel}","templated":true}]}}