{"id":23904,"date":"2025-01-06T16:47:04","date_gmt":"2025-01-06T13:47:04","guid":{"rendered":"https:\/\/www.makitamarket.com.tr\/site\/urun\/ozco-g70-1-8mm-boya-tabancasi\/"},"modified":"2026-03-30T09:56:23","modified_gmt":"2026-03-30T06:56:23","slug":"ozco-g70-1-8mm-boya-tabancasi","status":"publish","type":"product","link":"https:\/\/www.makitamarket.com.tr\/site\/urun\/ozco-g70-1-8mm-boya-tabancasi\/","title":{"rendered":"Cora G70-1.8MM CORA G70 BOYA TABANCASI 1.8 MM"},"content":{"rendered":"<table>\n<tr>\n<td>Hava Bas\u0131nc\u0131 (bar-psi)<\/td>\n<td>3,5-50<\/td>\n<\/tr>\n<tr>\n<td>Depo Kapasitesi<\/td>\n<td>1000 ml<\/td>\n<\/tr>\n<tr>\n<td>Hava Giri\u015fi<\/td>\n<td>G1\/4&#8243; G1\/4&#8243;<\/td>\n<\/tr>\n<tr>\n<td>Nozul<\/td>\n<td>1.8 mm<\/td>\n<\/tr>\n<\/table>\n","protected":false},"excerpt":{"rendered":"<p>Hava Bas\u0131nc\u0131 (bar-psi) 3,5-50 Depo Kapasitesi 1000 ml Hava Giri\u015fi G1\/4&#8243; G1\/4&#8243; Nozul 1.8 mm<\/p>\n","protected":false},"featured_media":24334,"comment_status":"open","ping_status":"closed","template":"","meta":{"_acf_changed":false},"product_brand":[1533,1532],"product_cat":[1320],"product_tag":[],"class_list":{"0":"post-23904","1":"product","2":"type-product","3":"status-publish","4":"has-post-thumbnail","6":"product_brand-cora","7":"product_brand-ozco","8":"product_cat-boya-tabancalari","10":"first","11":"instock","12":"taxable","13":"shipping-taxable","14":"purchasable","15":"product-type-simple","16":"add-to-wishlist-after_add_to_cart"},"acf":[],"_links":{"self":[{"href":"https:\/\/www.makitamarket.com.tr\/site\/wp-json\/wp\/v2\/product\/23904","targetHints":{"allow":["GET"]}}],"collection":[{"href":"https:\/\/www.makitamarket.com.tr\/site\/wp-json\/wp\/v2\/product"}],"about":[{"href":"https:\/\/www.makitamarket.com.tr\/site\/wp-json\/wp\/v2\/types\/product"}],"replies":[{"embeddable":true,"href":"https:\/\/www.makitamarket.com.tr\/site\/wp-json\/wp\/v2\/comments?post=23904"}],"wp:featuredmedia":[{"embeddable":true,"href":"https:\/\/www.makitamarket.com.tr\/site\/wp-json\/wp\/v2\/media\/24334"}],"wp:attachment":[{"href":"https:\/\/www.makitamarket.com.tr\/site\/wp-json\/wp\/v2\/media?parent=23904"}],"wp:term":[{"taxonomy":"product_brand","embeddable":true,"href":"https:\/\/www.makitamarket.com.tr\/site\/wp-json\/wp\/v2\/product_brand?post=23904"},{"taxonomy":"product_cat","embeddable":true,"href":"https:\/\/www.makitamarket.com.tr\/site\/wp-json\/wp\/v2\/product_cat?post=23904"},{"taxonomy":"product_tag","embeddable":true,"href":"https:\/\/www.makitamarket.com.tr\/site\/wp-json\/wp\/v2\/product_tag?post=23904"}],"curies":[{"name":"wp","href":"https:\/\/api.w.org\/{rel}","templated":true}]}}