{"id":23908,"date":"2025-01-06T16:47:08","date_gmt":"2025-01-06T13:47:08","guid":{"rendered":"https:\/\/www.makitamarket.com.tr\/site\/urun\/proxxon-28976-zimpara\/"},"modified":"2026-04-06T16:07:53","modified_gmt":"2026-04-06T13:07:53","slug":"proxxon-28976-zimpara","status":"publish","type":"product","link":"https:\/\/www.makitamarket.com.tr\/site\/urun\/proxxon-28976-zimpara\/","title":{"rendered":"Proxxon 28976 ZIMPARA"},"content":{"rendered":"<p><span id=\"result_box\" lang=\"tr\"><span class=\"hps\">TSG<\/span> <span class=\"hps\">250<\/span> <span class=\"hps\">\/ E<\/span> <span class=\"hps\">i\u00e7in kendinden yap\u0131\u015fkanl\u0131<\/span> <span class=\"hps\">silikon<\/span> <span class=\"hps\">karb\u00fcr<\/span> <span class=\"hps\">z\u0131mpara<\/span> <span class=\"hps\">diskleri 320 KUM 5 L\u0130<br \/>\n<\/span><\/span><\/p>\n<table>\n<tr>\n<td>Kum<\/td>\n<td>80 kum<\/td>\n<\/tr>\n<tr>\n<td>Disk \u00d6l\u00e7\u00fcs\u00fc<\/td>\n<td>320 mm<\/td>\n<\/tr>\n<\/table>\n","protected":false},"excerpt":{"rendered":"<p><span id=\"result_box\" lang=\"tr\"><span class=\"hps\">TSG<\/span> <span class=\"hps\">250<\/span> <span class=\"hps\">\/ E<\/span> <span class=\"hps\">i\u00e7in kendinden yap\u0131\u015fkanl\u0131<\/span> <span class=\"hps\">silikon<\/span> <span class=\"hps\">karb\u00fcr<\/span> <span class=\"hps\">z\u0131mpara<\/span> <span class=\"hps\">diskleri 320 KUM 5 L\u0130<br \/>\n<\/span><\/span><\/p>\n","protected":false},"featured_media":0,"comment_status":"open","ping_status":"closed","template":"","meta":{"_acf_changed":false},"product_brand":[1501],"product_cat":[926],"product_tag":[],"class_list":{"0":"post-23908","1":"product","2":"type-product","3":"status-publish","5":"product_brand-proxxon","6":"product_cat-aksesuarlar-mikro-aletleri","8":"first","9":"instock","10":"taxable","11":"shipping-taxable","12":"purchasable","13":"product-type-simple","14":"add-to-wishlist-after_add_to_cart"},"acf":[],"_links":{"self":[{"href":"https:\/\/www.makitamarket.com.tr\/site\/wp-json\/wp\/v2\/product\/23908","targetHints":{"allow":["GET"]}}],"collection":[{"href":"https:\/\/www.makitamarket.com.tr\/site\/wp-json\/wp\/v2\/product"}],"about":[{"href":"https:\/\/www.makitamarket.com.tr\/site\/wp-json\/wp\/v2\/types\/product"}],"replies":[{"embeddable":true,"href":"https:\/\/www.makitamarket.com.tr\/site\/wp-json\/wp\/v2\/comments?post=23908"}],"wp:attachment":[{"href":"https:\/\/www.makitamarket.com.tr\/site\/wp-json\/wp\/v2\/media?parent=23908"}],"wp:term":[{"taxonomy":"product_brand","embeddable":true,"href":"https:\/\/www.makitamarket.com.tr\/site\/wp-json\/wp\/v2\/product_brand?post=23908"},{"taxonomy":"product_cat","embeddable":true,"href":"https:\/\/www.makitamarket.com.tr\/site\/wp-json\/wp\/v2\/product_cat?post=23908"},{"taxonomy":"product_tag","embeddable":true,"href":"https:\/\/www.makitamarket.com.tr\/site\/wp-json\/wp\/v2\/product_tag?post=23908"}],"curies":[{"name":"wp","href":"https:\/\/api.w.org\/{rel}","templated":true}]}}