{"id":23909,"date":"2025-01-06T16:47:10","date_gmt":"2025-01-06T13:47:10","guid":{"rendered":"https:\/\/www.makitamarket.com.tr\/site\/urun\/makita-a-34469-disk-zimpara-a80-kum-9x533-mm\/"},"modified":"2026-04-06T16:07:56","modified_gmt":"2026-04-06T13:07:56","slug":"makita-a-34469-disk-zimpara-a80-kum-9x533-mm","status":"publish","type":"product","link":"https:\/\/www.makitamarket.com.tr\/site\/urun\/makita-a-34469-disk-zimpara-a80-kum-9x533-mm\/","title":{"rendered":"Makita A-34469 D\u0130SK ZIMPARA &#8211; A80 KUM 9&#215;533 mm"},"content":{"rendered":"<table>\n<tr>\n<td>\u00d6l\u00e7\u00fcler<\/td>\n<td>9 x 533 mm<\/td>\n<\/tr>\n<tr>\n<td>Kum<\/td>\n<td>A80<\/td>\n<\/tr>\n<tr>\n<td>Ambalaj \u0130\u00e7eri\u011fi<\/td>\n<td>10 Adet<\/td>\n<\/tr>\n<\/table>\n","protected":false},"excerpt":{"rendered":"<p>\u00d6l\u00e7\u00fcler 9 x 533 mm Kum A80 Ambalaj \u0130\u00e7eri\u011fi 10 Adet<\/p>\n","protected":false},"featured_media":0,"comment_status":"open","ping_status":"closed","template":"","meta":{"_acf_changed":false},"product_brand":[1485],"product_cat":[1305],"product_tag":[],"class_list":{"0":"post-23909","1":"product","2":"type-product","3":"status-publish","5":"product_brand-makita","6":"product_cat-bant-zimparalar","8":"first","9":"instock","10":"taxable","11":"shipping-taxable","12":"purchasable","13":"product-type-simple","14":"add-to-wishlist-after_add_to_cart"},"acf":[],"_links":{"self":[{"href":"https:\/\/www.makitamarket.com.tr\/site\/wp-json\/wp\/v2\/product\/23909","targetHints":{"allow":["GET"]}}],"collection":[{"href":"https:\/\/www.makitamarket.com.tr\/site\/wp-json\/wp\/v2\/product"}],"about":[{"href":"https:\/\/www.makitamarket.com.tr\/site\/wp-json\/wp\/v2\/types\/product"}],"replies":[{"embeddable":true,"href":"https:\/\/www.makitamarket.com.tr\/site\/wp-json\/wp\/v2\/comments?post=23909"}],"wp:attachment":[{"href":"https:\/\/www.makitamarket.com.tr\/site\/wp-json\/wp\/v2\/media?parent=23909"}],"wp:term":[{"taxonomy":"product_brand","embeddable":true,"href":"https:\/\/www.makitamarket.com.tr\/site\/wp-json\/wp\/v2\/product_brand?post=23909"},{"taxonomy":"product_cat","embeddable":true,"href":"https:\/\/www.makitamarket.com.tr\/site\/wp-json\/wp\/v2\/product_cat?post=23909"},{"taxonomy":"product_tag","embeddable":true,"href":"https:\/\/www.makitamarket.com.tr\/site\/wp-json\/wp\/v2\/product_tag?post=23909"}],"curies":[{"name":"wp","href":"https:\/\/api.w.org\/{rel}","templated":true}]}}