{"id":23931,"date":"2025-01-06T16:47:31","date_gmt":"2025-01-06T13:47:31","guid":{"rendered":"https:\/\/www.makitamarket.com.tr\/site\/urun\/makita-b-05044-kilic-testere-bicagi-152-mm\/"},"modified":"2026-04-06T16:13:49","modified_gmt":"2026-04-06T13:13:49","slug":"makita-b-05044-kilic-testere-bicagi-152-mm","status":"publish","type":"product","link":"https:\/\/www.makitamarket.com.tr\/site\/urun\/makita-b-05044-kilic-testere-bicagi-152-mm\/","title":{"rendered":"Makita B-05044 KILI\u00c7 TESTERE BI\u00c7A\u011eI 152 mm"},"content":{"rendered":"<p>\n\tDemir d\u0131\u015f\u0131 metaller, al\u00fcminyum, plastik, \u00e7ivili ah\u015fab\u0131n h\u0131zl\u0131 kesimi i\u00e7in kullan\u0131lmaktad\u0131r.<\/p>\n<p>\n\t\u00c7elik malzemede 5 &#8211; 8 mm aras\u0131 kesim yap\u0131l\u0131r.<\/p>\n<p>\n\tPlastik ve ah\u015fpap malzemede 5 &#8211; 77 mm aras\u0131 kesim yap\u0131l\u0131r.<\/p>\n<table>\n<tr>\n<td>Uzunluk<\/td>\n<td>152<\/td>\n<\/tr>\n<tr>\n<td>\u0130nch Ba\u015f\u0131 Di\u015f<\/td>\n<td>6-11<\/td>\n<\/tr>\n<tr>\n<td>B\u0131\u00e7ak Materyali<\/td>\n<td>Bi-Metal<\/td>\n<\/tr>\n<\/table>\n","protected":false},"excerpt":{"rendered":"<p>\n\tDemir d\u0131\u015f\u0131 metaller, al\u00fcminyum, plastik, \u00e7ivili ah\u015fab\u0131n h\u0131zl\u0131 kesimi i\u00e7in kullan\u0131lmaktad\u0131r.<\/p>\n<p>\n\t\u00c7elik malzemede 5 &#8211; 8 mm aras\u0131 kesim yap\u0131l\u0131r.<\/p>\n<p>\n\tPlastik ve ah\u015fpap malzemede 5 &#8211; 77 mm aras\u0131 kesim yap\u0131l\u0131r.<\/p>\n","protected":false},"featured_media":18076,"comment_status":"open","ping_status":"closed","template":"","meta":{"_acf_changed":false},"product_brand":[1485],"product_cat":[1370],"product_tag":[],"class_list":{"0":"post-23931","1":"product","2":"type-product","3":"status-publish","4":"has-post-thumbnail","6":"product_brand-makita","7":"product_cat-metal-kesim-kilic-testere-bicaklari","9":"first","10":"instock","11":"taxable","12":"shipping-taxable","13":"purchasable","14":"product-type-simple","15":"add-to-wishlist-after_add_to_cart"},"acf":[],"_links":{"self":[{"href":"https:\/\/www.makitamarket.com.tr\/site\/wp-json\/wp\/v2\/product\/23931","targetHints":{"allow":["GET"]}}],"collection":[{"href":"https:\/\/www.makitamarket.com.tr\/site\/wp-json\/wp\/v2\/product"}],"about":[{"href":"https:\/\/www.makitamarket.com.tr\/site\/wp-json\/wp\/v2\/types\/product"}],"replies":[{"embeddable":true,"href":"https:\/\/www.makitamarket.com.tr\/site\/wp-json\/wp\/v2\/comments?post=23931"}],"wp:featuredmedia":[{"embeddable":true,"href":"https:\/\/www.makitamarket.com.tr\/site\/wp-json\/wp\/v2\/media\/18076"}],"wp:attachment":[{"href":"https:\/\/www.makitamarket.com.tr\/site\/wp-json\/wp\/v2\/media?parent=23931"}],"wp:term":[{"taxonomy":"product_brand","embeddable":true,"href":"https:\/\/www.makitamarket.com.tr\/site\/wp-json\/wp\/v2\/product_brand?post=23931"},{"taxonomy":"product_cat","embeddable":true,"href":"https:\/\/www.makitamarket.com.tr\/site\/wp-json\/wp\/v2\/product_cat?post=23931"},{"taxonomy":"product_tag","embeddable":true,"href":"https:\/\/www.makitamarket.com.tr\/site\/wp-json\/wp\/v2\/product_tag?post=23931"}],"curies":[{"name":"wp","href":"https:\/\/api.w.org\/{rel}","templated":true}]}}