{"id":23944,"date":"2025-01-06T16:47:41","date_gmt":"2025-01-06T13:47:41","guid":{"rendered":"https:\/\/www.makitamarket.com.tr\/site\/urun\/weller-s32-lehim-istasyonu-hava-ucu\/"},"modified":"2025-11-16T10:02:55","modified_gmt":"2025-11-16T07:02:55","slug":"weller-s32-lehim-istasyonu-hava-ucu","status":"publish","type":"product","link":"https:\/\/www.makitamarket.com.tr\/site\/urun\/weller-s32-lehim-istasyonu-hava-ucu\/","title":{"rendered":"Weller S32 LEH\u0130M \u0130STASYONU HAVA UCU"},"content":{"rendered":"<table>\n<tr>\n<td>Uyumlu Havya<\/td>\n<td>WHS40-WHS40D<\/td>\n<\/tr>\n<tr>\n<td>A\u00e7\u0131klama<\/td>\n<td>Demir kapl\u0131 d\u00fcz u\u00e7<\/td>\n<\/tr>\n<tr>\n<td>\u00c7ap<\/td>\n<td>3,50 mm<\/td>\n<\/tr>\n<tr>\n<td>U\u00e7<\/td>\n<td>2,00mm<\/td>\n<\/tr>\n<\/table>\n","protected":false},"excerpt":{"rendered":"<p>Uyumlu Havya WHS40-WHS40D A\u00e7\u0131klama Demir kapl\u0131 d\u00fcz u\u00e7 \u00c7ap 3,50 mm U\u00e7 2,00mm<\/p>\n","protected":false},"featured_media":18186,"comment_status":"open","ping_status":"closed","template":"","meta":{"_acf_changed":false},"product_brand":[1530],"product_cat":[1171],"product_tag":[],"class_list":{"0":"post-23944","1":"product","2":"type-product","3":"status-publish","4":"has-post-thumbnail","6":"product_brand-weller","7":"product_cat-yedek-lehim-uclari","9":"first","10":"outofstock","11":"taxable","12":"shipping-taxable","13":"purchasable","14":"product-type-simple","15":"add-to-wishlist-after_add_to_cart"},"acf":[],"_links":{"self":[{"href":"https:\/\/www.makitamarket.com.tr\/site\/wp-json\/wp\/v2\/product\/23944","targetHints":{"allow":["GET"]}}],"collection":[{"href":"https:\/\/www.makitamarket.com.tr\/site\/wp-json\/wp\/v2\/product"}],"about":[{"href":"https:\/\/www.makitamarket.com.tr\/site\/wp-json\/wp\/v2\/types\/product"}],"replies":[{"embeddable":true,"href":"https:\/\/www.makitamarket.com.tr\/site\/wp-json\/wp\/v2\/comments?post=23944"}],"wp:featuredmedia":[{"embeddable":true,"href":"https:\/\/www.makitamarket.com.tr\/site\/wp-json\/wp\/v2\/media\/18186"}],"wp:attachment":[{"href":"https:\/\/www.makitamarket.com.tr\/site\/wp-json\/wp\/v2\/media?parent=23944"}],"wp:term":[{"taxonomy":"product_brand","embeddable":true,"href":"https:\/\/www.makitamarket.com.tr\/site\/wp-json\/wp\/v2\/product_brand?post=23944"},{"taxonomy":"product_cat","embeddable":true,"href":"https:\/\/www.makitamarket.com.tr\/site\/wp-json\/wp\/v2\/product_cat?post=23944"},{"taxonomy":"product_tag","embeddable":true,"href":"https:\/\/www.makitamarket.com.tr\/site\/wp-json\/wp\/v2\/product_tag?post=23944"}],"curies":[{"name":"wp","href":"https:\/\/api.w.org\/{rel}","templated":true}]}}