{"id":23951,"date":"2025-01-06T16:47:46","date_gmt":"2025-01-06T13:47:46","guid":{"rendered":"https:\/\/www.makitamarket.com.tr\/site\/urun\/weller-s33-kalem-havya-ucu\/"},"modified":"2026-04-06T16:17:57","modified_gmt":"2026-04-06T13:17:57","slug":"weller-s33-kalem-havya-ucu","status":"publish","type":"product","link":"https:\/\/www.makitamarket.com.tr\/site\/urun\/weller-s33-kalem-havya-ucu\/","title":{"rendered":"Weller S33 KALEM HAVYA UCU"},"content":{"rendered":"<table>\n<tr>\n<td>Paket \u0130\u00e7i Adet<\/td>\n<td>1 adet<\/td>\n<\/tr>\n<tr>\n<td>\u00c7ap<\/td>\n<td>4,50 mm<\/td>\n<\/tr>\n<tr>\n<td>U\u00e7<\/td>\n<td>2,00mm<\/td>\n<\/tr>\n<tr>\n<td>Uyumlu Havya<\/td>\n<td>SP25<\/td>\n<\/tr>\n<tr>\n<td>Kaplama<\/td>\n<td>Demir<\/td>\n<\/tr>\n<tr>\n<td>\u015eekil<\/td>\n<td>E\u011fik<\/td>\n<\/tr>\n<\/table>\n","protected":false},"excerpt":{"rendered":"<p>Paket \u0130\u00e7i Adet 1 adet \u00c7ap 4,50 mm U\u00e7 2,00mm Uyumlu Havya SP25 Kaplama Demir \u015eekil E\u011fik<\/p>\n","protected":false},"featured_media":18247,"comment_status":"open","ping_status":"closed","template":"","meta":{"_acf_changed":false},"product_brand":[1530],"product_cat":[1565],"product_tag":[],"class_list":{"0":"post-23951","1":"product","2":"type-product","3":"status-publish","4":"has-post-thumbnail","6":"product_brand-weller","7":"product_cat-yok-yok","9":"first","10":"instock","11":"taxable","12":"shipping-taxable","13":"purchasable","14":"product-type-simple","15":"add-to-wishlist-after_add_to_cart"},"acf":[],"_links":{"self":[{"href":"https:\/\/www.makitamarket.com.tr\/site\/wp-json\/wp\/v2\/product\/23951","targetHints":{"allow":["GET"]}}],"collection":[{"href":"https:\/\/www.makitamarket.com.tr\/site\/wp-json\/wp\/v2\/product"}],"about":[{"href":"https:\/\/www.makitamarket.com.tr\/site\/wp-json\/wp\/v2\/types\/product"}],"replies":[{"embeddable":true,"href":"https:\/\/www.makitamarket.com.tr\/site\/wp-json\/wp\/v2\/comments?post=23951"}],"wp:featuredmedia":[{"embeddable":true,"href":"https:\/\/www.makitamarket.com.tr\/site\/wp-json\/wp\/v2\/media\/18247"}],"wp:attachment":[{"href":"https:\/\/www.makitamarket.com.tr\/site\/wp-json\/wp\/v2\/media?parent=23951"}],"wp:term":[{"taxonomy":"product_brand","embeddable":true,"href":"https:\/\/www.makitamarket.com.tr\/site\/wp-json\/wp\/v2\/product_brand?post=23951"},{"taxonomy":"product_cat","embeddable":true,"href":"https:\/\/www.makitamarket.com.tr\/site\/wp-json\/wp\/v2\/product_cat?post=23951"},{"taxonomy":"product_tag","embeddable":true,"href":"https:\/\/www.makitamarket.com.tr\/site\/wp-json\/wp\/v2\/product_tag?post=23951"}],"curies":[{"name":"wp","href":"https:\/\/api.w.org\/{rel}","templated":true}]}}