{"id":23956,"date":"2025-01-06T16:47:51","date_gmt":"2025-01-06T13:47:51","guid":{"rendered":"https:\/\/www.makitamarket.com.tr\/site\/urun\/reis-hss-97-14250-sds-plus-tip-oluklu-keski\/"},"modified":"2026-03-30T10:04:48","modified_gmt":"2026-03-30T07:04:48","slug":"reis-hss-97-14250-sds-plus-tip-oluklu-keski","status":"publish","type":"product","link":"https:\/\/www.makitamarket.com.tr\/site\/urun\/reis-hss-97-14250-sds-plus-tip-oluklu-keski\/","title":{"rendered":"Reis Hss 97-14250 SDS &#8211; PLUS T\u0130P OLUKLU KESK\u0130"},"content":{"rendered":"<p>\n\tSDS-Plus u\u00e7 kullanan t\u00fcm elektropn\u00f6matik makinalarda kullan\u0131l\u0131r.<\/p>\n<table>\n<tr>\n<td>\u00d6l\u00e7\u00fc<\/td>\n<td>250<\/td>\n<\/tr>\n<tr>\n<td>Tip<\/td>\n<td>Oluklu<\/td>\n<\/tr>\n<\/table>\n","protected":false},"excerpt":{"rendered":"<p>\n\tSDS-Plus u\u00e7 kullanan t\u00fcm elektropn\u00f6matik makinalarda kullan\u0131l\u0131r.<\/p>\n","protected":false},"featured_media":18309,"comment_status":"open","ping_status":"closed","template":"","meta":{"_acf_changed":false},"product_brand":[1555],"product_cat":[1364],"product_tag":[],"class_list":{"0":"post-23956","1":"product","2":"type-product","3":"status-publish","4":"has-post-thumbnail","6":"product_brand-reis-hss","7":"product_cat-kanalli-keskiler","9":"first","10":"instock","11":"taxable","12":"shipping-taxable","13":"purchasable","14":"product-type-simple","15":"add-to-wishlist-after_add_to_cart"},"acf":[],"_links":{"self":[{"href":"https:\/\/www.makitamarket.com.tr\/site\/wp-json\/wp\/v2\/product\/23956","targetHints":{"allow":["GET"]}}],"collection":[{"href":"https:\/\/www.makitamarket.com.tr\/site\/wp-json\/wp\/v2\/product"}],"about":[{"href":"https:\/\/www.makitamarket.com.tr\/site\/wp-json\/wp\/v2\/types\/product"}],"replies":[{"embeddable":true,"href":"https:\/\/www.makitamarket.com.tr\/site\/wp-json\/wp\/v2\/comments?post=23956"}],"wp:featuredmedia":[{"embeddable":true,"href":"https:\/\/www.makitamarket.com.tr\/site\/wp-json\/wp\/v2\/media\/18309"}],"wp:attachment":[{"href":"https:\/\/www.makitamarket.com.tr\/site\/wp-json\/wp\/v2\/media?parent=23956"}],"wp:term":[{"taxonomy":"product_brand","embeddable":true,"href":"https:\/\/www.makitamarket.com.tr\/site\/wp-json\/wp\/v2\/product_brand?post=23956"},{"taxonomy":"product_cat","embeddable":true,"href":"https:\/\/www.makitamarket.com.tr\/site\/wp-json\/wp\/v2\/product_cat?post=23956"},{"taxonomy":"product_tag","embeddable":true,"href":"https:\/\/www.makitamarket.com.tr\/site\/wp-json\/wp\/v2\/product_tag?post=23956"}],"curies":[{"name":"wp","href":"https:\/\/api.w.org\/{rel}","templated":true}]}}