{"id":23963,"date":"2025-01-06T16:47:57","date_gmt":"2025-01-06T13:47:57","guid":{"rendered":"https:\/\/www.makitamarket.com.tr\/site\/urun\/nikon-n34219-mop-auf-brite-non-woven-zimpara-400-kum\/"},"modified":"2026-03-30T10:05:24","modified_gmt":"2026-03-30T07:05:24","slug":"nikon-n34219-mop-auf-brite-non-woven-zimpara-400-kum","status":"publish","type":"product","link":"https:\/\/www.makitamarket.com.tr\/site\/urun\/nikon-n34219-mop-auf-brite-non-woven-zimpara-400-kum\/","title":{"rendered":"Nikon N34219 MOP AUF BRITE NON WOVEN ZIMPARA 400 KUM"},"content":{"rendered":"<p>\n\tElyaf malzemeden imal edilmi\u015ftir. Inox ve Metal malzemelerin temizlik ve polisajlama i\u015flerinde kullan\u0131lmaktad\u0131r. \u00d6zellikle tala\u015f sanayinde biti\u015f i\u015flemlerinde kullan\u0131l\u0131r.<\/p>\n<table>\n<tr>\n<td>\u00d6l\u00e7\u00fc (\u00dcr\u00fcn \u00c7ap\u0131 x \u00dcr\u00fcn Geni\u015fli\u011fi x Sap \u00c7ap\u0131)<\/td>\n<td>\u00f8165 x 50 x \u00f825 mm<\/td>\n<\/tr>\n<tr>\n<td>Kum<\/td>\n<td>400<\/td>\n<\/tr>\n<\/table>\n","protected":false},"excerpt":{"rendered":"<p>\n\tElyaf malzemeden imal edilmi\u015ftir. Inox ve Metal malzemelerin temizlik ve polisajlama i\u015flerinde kullan\u0131lmaktad\u0131r. \u00d6zellikle tala\u015f sanayinde biti\u015f i\u015flemlerinde kullan\u0131l\u0131r.<\/p>\n","protected":false},"featured_media":18370,"comment_status":"open","ping_status":"closed","template":"","meta":{"_acf_changed":false},"product_brand":[1518],"product_cat":[1391],"product_tag":[],"class_list":{"0":"post-23963","1":"product","2":"type-product","3":"status-publish","4":"has-post-thumbnail","6":"product_brand-nikon","7":"product_cat-sapsiz-mop-noven-zimparalar","9":"first","10":"instock","11":"taxable","12":"shipping-taxable","13":"purchasable","14":"product-type-simple","15":"add-to-wishlist-after_add_to_cart"},"acf":[],"_links":{"self":[{"href":"https:\/\/www.makitamarket.com.tr\/site\/wp-json\/wp\/v2\/product\/23963","targetHints":{"allow":["GET"]}}],"collection":[{"href":"https:\/\/www.makitamarket.com.tr\/site\/wp-json\/wp\/v2\/product"}],"about":[{"href":"https:\/\/www.makitamarket.com.tr\/site\/wp-json\/wp\/v2\/types\/product"}],"replies":[{"embeddable":true,"href":"https:\/\/www.makitamarket.com.tr\/site\/wp-json\/wp\/v2\/comments?post=23963"}],"wp:featuredmedia":[{"embeddable":true,"href":"https:\/\/www.makitamarket.com.tr\/site\/wp-json\/wp\/v2\/media\/18370"}],"wp:attachment":[{"href":"https:\/\/www.makitamarket.com.tr\/site\/wp-json\/wp\/v2\/media?parent=23963"}],"wp:term":[{"taxonomy":"product_brand","embeddable":true,"href":"https:\/\/www.makitamarket.com.tr\/site\/wp-json\/wp\/v2\/product_brand?post=23963"},{"taxonomy":"product_cat","embeddable":true,"href":"https:\/\/www.makitamarket.com.tr\/site\/wp-json\/wp\/v2\/product_cat?post=23963"},{"taxonomy":"product_tag","embeddable":true,"href":"https:\/\/www.makitamarket.com.tr\/site\/wp-json\/wp\/v2\/product_tag?post=23963"}],"curies":[{"name":"wp","href":"https:\/\/api.w.org\/{rel}","templated":true}]}}