{"id":23976,"date":"2025-01-06T16:48:06","date_gmt":"2025-01-06T13:48:06","guid":{"rendered":"https:\/\/www.makitamarket.com.tr\/site\/urun\/reis-hss-5219-sds-max-tip-sivri-keski\/"},"modified":"2025-11-16T10:17:09","modified_gmt":"2025-11-16T07:17:09","slug":"reis-hss-5219-sds-max-tip-sivri-keski","status":"publish","type":"product","link":"https:\/\/www.makitamarket.com.tr\/site\/urun\/reis-hss-5219-sds-max-tip-sivri-keski\/","title":{"rendered":"Reis Hss 5219 SDS &#8211; MAX T\u0130P S\u0130VR\u0130 KESK\u0130"},"content":{"rendered":"<div>\n\t<strong>MADE IN GERMANY\u00a0<\/strong><\/div>\n<div>\n\tSDS-Max u\u00e7 kullanan t\u00fcm elektropn\u00f6matik makinalarda kullan\u0131l\u0131r.<\/div>\n<table>\n<tr>\n<td>Tip<\/td>\n<td>Sivri<\/td>\n<\/tr>\n<tr>\n<td>\u00d6l\u00e7\u00fc<\/td>\n<td>600<\/td>\n<\/tr>\n<\/table>\n","protected":false},"excerpt":{"rendered":"<div>\n\t<strong>MADE IN GERMANY\u00a0<\/strong><\/div>\n<div>\n\tSDS-Max u\u00e7 kullanan t\u00fcm elektropn\u00f6matik makinalarda kullan\u0131l\u0131r.<\/div>\n","protected":false},"featured_media":18462,"comment_status":"open","ping_status":"closed","template":"","meta":{"_acf_changed":false},"product_brand":[1555],"product_cat":[1392],"product_tag":[],"class_list":{"0":"post-23976","1":"product","2":"type-product","3":"status-publish","4":"has-post-thumbnail","6":"product_brand-reis-hss","7":"product_cat-sivri-keskiler-keskiler-aksesuarlar","9":"first","10":"outofstock","11":"taxable","12":"shipping-taxable","13":"purchasable","14":"product-type-simple","15":"add-to-wishlist-after_add_to_cart"},"acf":[],"_links":{"self":[{"href":"https:\/\/www.makitamarket.com.tr\/site\/wp-json\/wp\/v2\/product\/23976","targetHints":{"allow":["GET"]}}],"collection":[{"href":"https:\/\/www.makitamarket.com.tr\/site\/wp-json\/wp\/v2\/product"}],"about":[{"href":"https:\/\/www.makitamarket.com.tr\/site\/wp-json\/wp\/v2\/types\/product"}],"replies":[{"embeddable":true,"href":"https:\/\/www.makitamarket.com.tr\/site\/wp-json\/wp\/v2\/comments?post=23976"}],"wp:featuredmedia":[{"embeddable":true,"href":"https:\/\/www.makitamarket.com.tr\/site\/wp-json\/wp\/v2\/media\/18462"}],"wp:attachment":[{"href":"https:\/\/www.makitamarket.com.tr\/site\/wp-json\/wp\/v2\/media?parent=23976"}],"wp:term":[{"taxonomy":"product_brand","embeddable":true,"href":"https:\/\/www.makitamarket.com.tr\/site\/wp-json\/wp\/v2\/product_brand?post=23976"},{"taxonomy":"product_cat","embeddable":true,"href":"https:\/\/www.makitamarket.com.tr\/site\/wp-json\/wp\/v2\/product_cat?post=23976"},{"taxonomy":"product_tag","embeddable":true,"href":"https:\/\/www.makitamarket.com.tr\/site\/wp-json\/wp\/v2\/product_tag?post=23976"}],"curies":[{"name":"wp","href":"https:\/\/api.w.org\/{rel}","templated":true}]}}