{"id":24001,"date":"2025-01-06T16:48:25","date_gmt":"2025-01-06T13:48:25","guid":{"rendered":"https:\/\/www.makitamarket.com.tr\/site\/urun\/bts-bts12133-komprator-saati-0-10-mm\/"},"modified":"2026-04-06T16:29:58","modified_gmt":"2026-04-06T13:29:58","slug":"bts-bts12133-komprator-saati-0-10-mm","status":"publish","type":"product","link":"https:\/\/www.makitamarket.com.tr\/site\/urun\/bts-bts12133-komprator-saati-0-10-mm\/","title":{"rendered":"Bts BTS12133 KOMPRAT\u00d6R SAAT\u0130 0 &#8211; 10 mm"},"content":{"rendered":"<table>\n<tr>\n<td>\u00d6l\u00e7\u00fcm Aral\u0131\u011f\u0131<\/td>\n<td>0-10mm, 1\/100, D\u00fcz<\/td>\n<\/tr>\n<tr>\n<td>Koli \u0130\u00e7i Adedi<\/td>\n<td>50<\/td>\n<\/tr>\n<tr>\n<td>\u00d6zellik<\/td>\n<td>Mekanik<\/td>\n<\/tr>\n<\/table>\n","protected":false},"excerpt":{"rendered":"<p>\u00d6l\u00e7\u00fcm Aral\u0131\u011f\u0131 0-10mm, 1\/100, D\u00fcz Koli \u0130\u00e7i Adedi 50 \u00d6zellik Mekanik<\/p>\n","protected":false},"featured_media":18673,"comment_status":"open","ping_status":"closed","template":"","meta":{"_acf_changed":false},"product_brand":[1548],"product_cat":[1087],"product_tag":[],"class_list":{"0":"post-24001","1":"product","2":"type-product","3":"status-publish","4":"has-post-thumbnail","6":"product_brand-bts","7":"product_cat-komprator-saat-ve-ayaklari","9":"first","10":"instock","11":"taxable","12":"shipping-taxable","13":"purchasable","14":"product-type-simple","15":"add-to-wishlist-after_add_to_cart"},"acf":[],"_links":{"self":[{"href":"https:\/\/www.makitamarket.com.tr\/site\/wp-json\/wp\/v2\/product\/24001","targetHints":{"allow":["GET"]}}],"collection":[{"href":"https:\/\/www.makitamarket.com.tr\/site\/wp-json\/wp\/v2\/product"}],"about":[{"href":"https:\/\/www.makitamarket.com.tr\/site\/wp-json\/wp\/v2\/types\/product"}],"replies":[{"embeddable":true,"href":"https:\/\/www.makitamarket.com.tr\/site\/wp-json\/wp\/v2\/comments?post=24001"}],"wp:featuredmedia":[{"embeddable":true,"href":"https:\/\/www.makitamarket.com.tr\/site\/wp-json\/wp\/v2\/media\/18673"}],"wp:attachment":[{"href":"https:\/\/www.makitamarket.com.tr\/site\/wp-json\/wp\/v2\/media?parent=24001"}],"wp:term":[{"taxonomy":"product_brand","embeddable":true,"href":"https:\/\/www.makitamarket.com.tr\/site\/wp-json\/wp\/v2\/product_brand?post=24001"},{"taxonomy":"product_cat","embeddable":true,"href":"https:\/\/www.makitamarket.com.tr\/site\/wp-json\/wp\/v2\/product_cat?post=24001"},{"taxonomy":"product_tag","embeddable":true,"href":"https:\/\/www.makitamarket.com.tr\/site\/wp-json\/wp\/v2\/product_tag?post=24001"}],"curies":[{"name":"wp","href":"https:\/\/api.w.org\/{rel}","templated":true}]}}