{"id":24002,"date":"2025-01-06T16:48:28","date_gmt":"2025-01-06T13:48:28","guid":{"rendered":"https:\/\/www.makitamarket.com.tr\/site\/urun\/knipex-982625-vde-torx-uclu-tornavida-185-mm\/"},"modified":"2026-03-30T10:11:54","modified_gmt":"2026-03-30T07:11:54","slug":"knipex-982625-vde-torx-uclu-tornavida-185-mm","status":"publish","type":"product","link":"https:\/\/www.makitamarket.com.tr\/site\/urun\/knipex-982625-vde-torx-uclu-tornavida-185-mm\/","title":{"rendered":"Knipex 982625 VDE TORX U\u00c7LU TORNAV\u0130DA 185 mm"},"content":{"rendered":"<p><b>98 26 25 Tornavida Torx\u00ae civatalar\u0131 i\u00e7in<\/b><br \/>Kuvvetin yorulmadan ve ele zarar vermeden aktar\u0131lmas\u0131 i\u00e7in 2 komponentli ergonomik sap. Elde kaymay\u0131 engelleyici sap yaps\u0131. Torx\u00ae,  Acument Global Technologies, Inc. Firmas\u0131n\u0131n tescilli markas\u0131d\u0131r. <\/p>\n<li><b>\u00d6l\u00e7\u00fc: <\/b>TX25<\/li>\n<li><b>S\u00fcng\u00fc Uzunlu\u011fu: <\/b>80 mm<\/li>\n<li><b>Sap uzunlu\u011fu: <\/b>107 mm<\/li>\n<li><b>\u0130zolesiz s\u00fcng\u00fc uzunlu\u011fu: <\/b>15 mm<\/li>\n<li><b>VDE onayl\u0131: <\/b>evet \u00a0<\/li>\n<table>\n<tr>\n<td>Uzunluk<\/td>\n<td>185<\/td>\n<\/tr>\n<tr>\n<td>\u00d6l\u00e7\u00fcler<\/td>\n<td>TX 25<\/td>\n<\/tr>\n<tr>\n<td>U\u00e7 uzunlu\u011fu<\/td>\n<td>80 mm<\/td>\n<\/tr>\n<tr>\n<td>Sap Uzunlu\u011fu<\/td>\n<td>107 mm<\/td>\n<\/tr>\n<tr>\n<td>A\u011f\u0131rl\u0131k<\/td>\n<td>25 gr<\/td>\n<\/tr>\n<\/table>\n","protected":false},"excerpt":{"rendered":"<p><b>98 26 25 Tornavida Torx\u00ae civatalar\u0131 i\u00e7in<\/b><br \/>Kuvvetin yorulmadan ve ele zarar vermeden aktar\u0131lmas\u0131 i\u00e7in 2 komponentli ergonomik sap. Elde kaymay\u0131 engelleyici sap yaps\u0131. Torx\u00ae,  Acument Global Technologies, Inc. Firmas\u0131n\u0131n tescilli markas\u0131d\u0131r. <\/p>\n<li><b>\u00d6l\u00e7\u00fc: <\/b>TX25<\/li>\n<li><b>S\u00fcng\u00fc Uzunlu\u011fu: <\/b>80 mm<\/li>\n<li><b>Sap uzunlu\u011fu: <\/b>107 mm<\/li>\n<li><b>\u0130zolesiz s\u00fcng\u00fc uzunlu\u011fu: <\/b>15 mm<\/li>\n<li><b>VDE onayl\u0131: <\/b>evet \u00a0<\/li>\n","protected":false},"featured_media":18706,"comment_status":"open","ping_status":"closed","template":"","meta":{"_acf_changed":false},"product_brand":[1486],"product_cat":[794],"product_tag":[],"class_list":{"0":"post-24002","1":"product","2":"type-product","3":"status-publish","4":"has-post-thumbnail","6":"product_brand-knipex","7":"product_cat-izoleli-tornavidalar","9":"first","10":"instock","11":"taxable","12":"shipping-taxable","13":"purchasable","14":"product-type-simple","15":"add-to-wishlist-after_add_to_cart"},"acf":[],"_links":{"self":[{"href":"https:\/\/www.makitamarket.com.tr\/site\/wp-json\/wp\/v2\/product\/24002","targetHints":{"allow":["GET"]}}],"collection":[{"href":"https:\/\/www.makitamarket.com.tr\/site\/wp-json\/wp\/v2\/product"}],"about":[{"href":"https:\/\/www.makitamarket.com.tr\/site\/wp-json\/wp\/v2\/types\/product"}],"replies":[{"embeddable":true,"href":"https:\/\/www.makitamarket.com.tr\/site\/wp-json\/wp\/v2\/comments?post=24002"}],"wp:featuredmedia":[{"embeddable":true,"href":"https:\/\/www.makitamarket.com.tr\/site\/wp-json\/wp\/v2\/media\/18706"}],"wp:attachment":[{"href":"https:\/\/www.makitamarket.com.tr\/site\/wp-json\/wp\/v2\/media?parent=24002"}],"wp:term":[{"taxonomy":"product_brand","embeddable":true,"href":"https:\/\/www.makitamarket.com.tr\/site\/wp-json\/wp\/v2\/product_brand?post=24002"},{"taxonomy":"product_cat","embeddable":true,"href":"https:\/\/www.makitamarket.com.tr\/site\/wp-json\/wp\/v2\/product_cat?post=24002"},{"taxonomy":"product_tag","embeddable":true,"href":"https:\/\/www.makitamarket.com.tr\/site\/wp-json\/wp\/v2\/product_tag?post=24002"}],"curies":[{"name":"wp","href":"https:\/\/api.w.org\/{rel}","templated":true}]}}