{"id":24030,"date":"2025-01-06T16:48:49","date_gmt":"2025-01-06T13:48:49","guid":{"rendered":"https:\/\/www.makitamarket.com.tr\/site\/urun\/makita-b-43240-kilic-testere-bicagi-152-mm\/"},"modified":"2026-04-06T16:37:09","modified_gmt":"2026-04-06T13:37:09","slug":"makita-b-43240-kilic-testere-bicagi-152-mm","status":"publish","type":"product","link":"https:\/\/www.makitamarket.com.tr\/site\/urun\/makita-b-43240-kilic-testere-bicagi-152-mm\/","title":{"rendered":"Makita B-43240 KILI\u00c7 TESTERE BI\u00c7A\u011eI 152 mm"},"content":{"rendered":"<p>\n\tMetal ve \u00e7ivili ah\u015fap i\u00e7in 5 &#8211; 100 mm aras\u0131<\/p>\n<p>\n\tAl\u00fcminyum, profil i\u00e7in 3 &#8211; 10 mm<\/p>\n<p>\n\tPlastik i\u00e7in; 3 &#8211; 10 mm aras\u0131 malzemelerin kesiminde kullan\u0131l\u0131r.<\/p>\n<p>\n\tEsnek olmas\u0131 sebebiyle rahat kullan\u0131m imkan\u0131 sa\u011flar.<\/p>\n<table>\n<tr>\n<td>Uzunluk<\/td>\n<td>152 mm<\/td>\n<\/tr>\n<tr>\n<td>\u0130nch Ba\u015f\u0131 Di\u015f<\/td>\n<td>10-14<\/td>\n<\/tr>\n<tr>\n<td>B\u0131\u00e7ak Materyali<\/td>\n<td>Bi-Metal<\/td>\n<\/tr>\n<\/table>\n","protected":false},"excerpt":{"rendered":"<p>\n\tMetal ve \u00e7ivili ah\u015fap i\u00e7in 5 &#8211; 100 mm aras\u0131<\/p>\n<p>\n\tAl\u00fcminyum, profil i\u00e7in 3 &#8211; 10 mm<\/p>\n<p>\n\tPlastik i\u00e7in; 3 &#8211; 10 mm aras\u0131 malzemelerin kesiminde kullan\u0131l\u0131r.<\/p>\n<p>\n\tEsnek olmas\u0131 sebebiyle rahat kullan\u0131m imkan\u0131 sa\u011flar.<\/p>\n","protected":false},"featured_media":18958,"comment_status":"open","ping_status":"closed","template":"","meta":{"_acf_changed":false},"product_brand":[1485],"product_cat":[1370],"product_tag":[],"class_list":{"0":"post-24030","1":"product","2":"type-product","3":"status-publish","4":"has-post-thumbnail","6":"product_brand-makita","7":"product_cat-metal-kesim-kilic-testere-bicaklari","9":"first","10":"instock","11":"taxable","12":"shipping-taxable","13":"purchasable","14":"product-type-simple","15":"add-to-wishlist-after_add_to_cart"},"acf":[],"_links":{"self":[{"href":"https:\/\/www.makitamarket.com.tr\/site\/wp-json\/wp\/v2\/product\/24030","targetHints":{"allow":["GET"]}}],"collection":[{"href":"https:\/\/www.makitamarket.com.tr\/site\/wp-json\/wp\/v2\/product"}],"about":[{"href":"https:\/\/www.makitamarket.com.tr\/site\/wp-json\/wp\/v2\/types\/product"}],"replies":[{"embeddable":true,"href":"https:\/\/www.makitamarket.com.tr\/site\/wp-json\/wp\/v2\/comments?post=24030"}],"wp:featuredmedia":[{"embeddable":true,"href":"https:\/\/www.makitamarket.com.tr\/site\/wp-json\/wp\/v2\/media\/18958"}],"wp:attachment":[{"href":"https:\/\/www.makitamarket.com.tr\/site\/wp-json\/wp\/v2\/media?parent=24030"}],"wp:term":[{"taxonomy":"product_brand","embeddable":true,"href":"https:\/\/www.makitamarket.com.tr\/site\/wp-json\/wp\/v2\/product_brand?post=24030"},{"taxonomy":"product_cat","embeddable":true,"href":"https:\/\/www.makitamarket.com.tr\/site\/wp-json\/wp\/v2\/product_cat?post=24030"},{"taxonomy":"product_tag","embeddable":true,"href":"https:\/\/www.makitamarket.com.tr\/site\/wp-json\/wp\/v2\/product_tag?post=24030"}],"curies":[{"name":"wp","href":"https:\/\/api.w.org\/{rel}","templated":true}]}}