{"id":24033,"date":"2025-01-06T16:48:52","date_gmt":"2025-01-06T13:48:52","guid":{"rendered":"https:\/\/www.makitamarket.com.tr\/site\/urun\/makita-b-39160-impact-gold-vidalama-ucu-50-mm\/"},"modified":"2025-11-16T10:39:55","modified_gmt":"2025-11-16T07:39:55","slug":"makita-b-39160-impact-gold-vidalama-ucu-50-mm","status":"publish","type":"product","link":"https:\/\/www.makitamarket.com.tr\/site\/urun\/makita-b-39160-impact-gold-vidalama-ucu-50-mm\/","title":{"rendered":"Makita B-39160 IMPACT GOLD V\u0130DALAMA UCU 50 mm"},"content":{"rendered":"<p>\n\t\u00a0<\/p>\n<table border=\"1\" cellpadding=\"1\" cellspacing=\"1\" height=\"42\" width=\"399\">\n<tbody>\n<tr>\n<td style=\"text-align: center;\">\n\t\t\t\t<strong>KOD<br \/>\n\t\t\t\t<\/strong><\/td>\n<td style=\"text-align: center;\">\n\t\t\t\t<strong><br \/>\n\t\t\t\t<\/strong><\/td>\n<td style=\"text-align: center;\">\n\t\t\t\t<strong>\u00d6l\u00e7\u00fcler<br \/>\n\t\t\t\t<\/strong><\/td>\n<td style=\"text-align: center;\">\n\t\t\t\t<strong>Uzunluk<br \/>\n\t\t\t\t<\/strong><\/td>\n<td style=\"text-align: center;\">\n\t\t\t\t<strong>\u00d6zellikleri<br \/>\n\t\t\t\t<\/strong><\/td>\n<\/tr>\n<tr>\n<td style=\"text-align: center;\">\n\t\t\t\t<strong>B-39160<br \/>\n\t\t\t\t<\/strong><\/td>\n<td style=\"text-align: center;\">\n\t\t\t\t<img loading=\"lazy\" decoding=\"async\" alt=\"\" height=\"23\" src=\"\/images\/stories\/art\u01311.png\" width=\"25\" \/><\/td>\n<td style=\"text-align: center;\">\n\t\t\t\tPh3<\/td>\n<td style=\"text-align: center;\">\n\t\t\t\t50 mm<\/td>\n<td style=\"text-align: center;\">\n\t\t\t\t\u00c7ift Torsiyonlu<\/td>\n<\/tr>\n<\/tbody>\n<\/table>\n<table>\n<tr>\n<td>\u00d6l\u00e7\u00fcler<\/td>\n<td>Ph2<\/td>\n<\/tr>\n<tr>\n<td>Uzunluk<\/td>\n<td>50 mm<\/td>\n<\/tr>\n<\/table>\n","protected":false},"excerpt":{"rendered":"<p>\n\t\u00a0<\/p>\n<table border=\"1\" cellpadding=\"1\" cellspacing=\"1\" height=\"42\" width=\"399\">\n<tbody>\n<tr>\n<td style=\"text-align: center;\">\n\t\t\t\t<strong>KOD<br \/>\n\t\t\t\t<\/strong><\/td>\n<td style=\"text-align: center;\">\n\t\t\t\t<strong><br \/>\n\t\t\t\t<\/strong><\/td>\n<td style=\"text-align: center;\">\n\t\t\t\t<strong>\u00d6l\u00e7\u00fcler<br \/>\n\t\t\t\t<\/strong><\/td>\n<td style=\"text-align: center;\">\n\t\t\t\t<strong>Uzunluk<br \/>\n\t\t\t\t<\/strong><\/td>\n<td style=\"text-align: center;\">\n\t\t\t\t<strong>\u00d6zellikleri<br \/>\n\t\t\t\t<\/strong><\/td>\n<\/tr>\n<tr>\n<td style=\"text-align: center;\">\n\t\t\t\t<strong>B-39160<br \/>\n\t\t\t\t<\/strong><\/td>\n<td style=\"text-align: center;\">\n\t\t\t\t<img loading=\"lazy\" decoding=\"async\" alt=\"\" height=\"23\" src=\"\/images\/stories\/art\u01311.png\" width=\"25\" \/><\/td>\n<td style=\"text-align: center;\">\n\t\t\t\tPh3<\/td>\n<td style=\"text-align: center;\">\n\t\t\t\t50 mm<\/td>\n<td style=\"text-align: center;\">\n\t\t\t\t\u00c7ift Torsiyonlu<\/td>\n<\/tr>\n<\/tbody>\n<\/table>\n","protected":false},"featured_media":19001,"comment_status":"open","ping_status":"closed","template":"","meta":{"_acf_changed":false},"product_brand":[1485],"product_cat":[1408],"product_tag":[],"class_list":{"0":"post-24033","1":"product","2":"type-product","3":"status-publish","4":"has-post-thumbnail","6":"product_brand-makita","7":"product_cat-impact-gold-vidalama-uclari","9":"first","10":"outofstock","11":"taxable","12":"shipping-taxable","13":"purchasable","14":"product-type-simple","15":"add-to-wishlist-after_add_to_cart"},"acf":[],"_links":{"self":[{"href":"https:\/\/www.makitamarket.com.tr\/site\/wp-json\/wp\/v2\/product\/24033","targetHints":{"allow":["GET"]}}],"collection":[{"href":"https:\/\/www.makitamarket.com.tr\/site\/wp-json\/wp\/v2\/product"}],"about":[{"href":"https:\/\/www.makitamarket.com.tr\/site\/wp-json\/wp\/v2\/types\/product"}],"replies":[{"embeddable":true,"href":"https:\/\/www.makitamarket.com.tr\/site\/wp-json\/wp\/v2\/comments?post=24033"}],"wp:featuredmedia":[{"embeddable":true,"href":"https:\/\/www.makitamarket.com.tr\/site\/wp-json\/wp\/v2\/media\/19001"}],"wp:attachment":[{"href":"https:\/\/www.makitamarket.com.tr\/site\/wp-json\/wp\/v2\/media?parent=24033"}],"wp:term":[{"taxonomy":"product_brand","embeddable":true,"href":"https:\/\/www.makitamarket.com.tr\/site\/wp-json\/wp\/v2\/product_brand?post=24033"},{"taxonomy":"product_cat","embeddable":true,"href":"https:\/\/www.makitamarket.com.tr\/site\/wp-json\/wp\/v2\/product_cat?post=24033"},{"taxonomy":"product_tag","embeddable":true,"href":"https:\/\/www.makitamarket.com.tr\/site\/wp-json\/wp\/v2\/product_tag?post=24033"}],"curies":[{"name":"wp","href":"https:\/\/api.w.org\/{rel}","templated":true}]}}