{"id":24055,"date":"2025-01-06T16:49:04","date_gmt":"2025-01-06T13:49:04","guid":{"rendered":"https:\/\/www.makitamarket.com.tr\/site\/urun\/nikon-n33401-aluminyum-oksit-cirtli-8-delikli-disk-zimpara-125-mm-150-kum\/"},"modified":"2025-11-16T10:44:51","modified_gmt":"2025-11-16T07:44:51","slug":"nikon-n33401-aluminyum-oksit-cirtli-8-delikli-disk-zimpara-125-mm-150-kum","status":"publish","type":"product","link":"https:\/\/www.makitamarket.com.tr\/site\/urun\/nikon-n33401-aluminyum-oksit-cirtli-8-delikli-disk-zimpara-125-mm-150-kum\/","title":{"rendered":"Nikon N33401 AL\u00dcM\u0130NYUM OKS\u0130T CIRTLI 8 DEL\u0130KL\u0130 D\u0130SK ZIMPARA 125 mm 150 KUM"},"content":{"rendered":"<p>\n\t<span style=\"color: rgb(255, 0, 0);\"><strong>Kullan\u0131m Alan\u0131:<\/strong><\/span>\u00a0\u00d6zellikle Otomotiv sekt\u00f6r\u00fcnde z\u0131mparan\u0131n t\u0131kanmamas\u0131 sebebiyle ve Ah\u015fap y\u00fczeylerin z\u0131mparalanmas\u0131nda kullan\u0131l\u0131r.<\/p>\n<table>\n<tr>\n<td>Tipi<\/td>\n<td>Beyaz Al\u00fcminyum Oksit<\/td>\n<\/tr>\n<tr>\n<td>Kum<\/td>\n<td>150<\/td>\n<\/tr>\n<tr>\n<td>\u00d6l\u00e7\u00fcs\u00fc<\/td>\n<td>125mm &#8211; 8 Delikli<\/td>\n<\/tr>\n<tr>\n<td>Kutu \u0130\u00e7i Adedi<\/td>\n<td>100<\/td>\n<\/tr>\n<\/table>\n","protected":false},"excerpt":{"rendered":"<p>\n\t<span style=\"color: rgb(255, 0, 0);\"><strong>Kullan\u0131m Alan\u0131:<\/strong><\/span>\u00a0\u00d6zellikle Otomotiv sekt\u00f6r\u00fcnde z\u0131mparan\u0131n t\u0131kanmamas\u0131 sebebiyle ve Ah\u015fap y\u00fczeylerin z\u0131mparalanmas\u0131nda kullan\u0131l\u0131r.<\/p>\n","protected":false},"featured_media":19109,"comment_status":"open","ping_status":"closed","template":"","meta":{"_acf_changed":false},"product_brand":[1518],"product_cat":[1272],"product_tag":[],"class_list":{"0":"post-24055","1":"product","2":"type-product","3":"status-publish","4":"has-post-thumbnail","6":"product_brand-nikon","7":"product_cat-cirtli-disk-zimparalar","9":"first","10":"outofstock","11":"taxable","12":"shipping-taxable","13":"purchasable","14":"product-type-simple","15":"add-to-wishlist-after_add_to_cart"},"acf":[],"_links":{"self":[{"href":"https:\/\/www.makitamarket.com.tr\/site\/wp-json\/wp\/v2\/product\/24055","targetHints":{"allow":["GET"]}}],"collection":[{"href":"https:\/\/www.makitamarket.com.tr\/site\/wp-json\/wp\/v2\/product"}],"about":[{"href":"https:\/\/www.makitamarket.com.tr\/site\/wp-json\/wp\/v2\/types\/product"}],"replies":[{"embeddable":true,"href":"https:\/\/www.makitamarket.com.tr\/site\/wp-json\/wp\/v2\/comments?post=24055"}],"wp:featuredmedia":[{"embeddable":true,"href":"https:\/\/www.makitamarket.com.tr\/site\/wp-json\/wp\/v2\/media\/19109"}],"wp:attachment":[{"href":"https:\/\/www.makitamarket.com.tr\/site\/wp-json\/wp\/v2\/media?parent=24055"}],"wp:term":[{"taxonomy":"product_brand","embeddable":true,"href":"https:\/\/www.makitamarket.com.tr\/site\/wp-json\/wp\/v2\/product_brand?post=24055"},{"taxonomy":"product_cat","embeddable":true,"href":"https:\/\/www.makitamarket.com.tr\/site\/wp-json\/wp\/v2\/product_cat?post=24055"},{"taxonomy":"product_tag","embeddable":true,"href":"https:\/\/www.makitamarket.com.tr\/site\/wp-json\/wp\/v2\/product_tag?post=24055"}],"curies":[{"name":"wp","href":"https:\/\/api.w.org\/{rel}","templated":true}]}}