{"id":24097,"date":"2025-01-06T16:49:44","date_gmt":"2025-01-06T13:49:44","guid":{"rendered":"https:\/\/www.makitamarket.com.tr\/site\/urun\/partner-pt03077-bakir-ve-aluminyum-boru-kesme-3-30-mm\/"},"modified":"2026-04-06T16:52:05","modified_gmt":"2026-04-06T13:52:05","slug":"partner-pt03077-bakir-ve-aluminyum-boru-kesme-3-30-mm","status":"publish","type":"product","link":"https:\/\/www.makitamarket.com.tr\/site\/urun\/partner-pt03077-bakir-ve-aluminyum-boru-kesme-3-30-mm\/","title":{"rendered":"Partner PT03077 BAKIR VE AL\u00dcM\u0130NYUM BORU KESME 3 &#8211; 30 mm"},"content":{"rendered":"<p>\n\tBak\u0131r ve al\u00fcminyum borular\u0131 kesmek i\u00e7in<\/p>\n<ul>\n<li>\n\t\tSap i\u00e7erisinde ekstra yedek b\u0131\u00e7ak bulunur.\u00a0<\/li>\n<\/ul>\n<table>\n<tr>\n<td>\u00d6l\u00e7\u00fc<\/td>\n<td>3-32 mm<\/td>\n<\/tr>\n<tr>\n<td>Paket \/ Koli \u0130\u00e7i Adedi<\/td>\n<td>6 \/ 36<\/td>\n<\/tr>\n<\/table>\n","protected":false},"excerpt":{"rendered":"<p>\n\tBak\u0131r ve al\u00fcminyum borular\u0131 kesmek i\u00e7in<\/p>\n<ul>\n<li>\n\t\tSap i\u00e7erisinde ekstra yedek b\u0131\u00e7ak bulunur.\u00a0<\/li>\n<\/ul>\n","protected":false},"featured_media":19587,"comment_status":"open","ping_status":"closed","template":"","meta":{"_acf_changed":false},"product_brand":[1553],"product_cat":[1146],"product_tag":[],"class_list":{"0":"post-24097","1":"product","2":"type-product","3":"status-publish","4":"has-post-thumbnail","6":"product_brand-partner","7":"product_cat-bakir-boru-kesiciler","9":"first","10":"instock","11":"taxable","12":"shipping-taxable","13":"purchasable","14":"product-type-simple","15":"add-to-wishlist-after_add_to_cart"},"acf":[],"_links":{"self":[{"href":"https:\/\/www.makitamarket.com.tr\/site\/wp-json\/wp\/v2\/product\/24097","targetHints":{"allow":["GET"]}}],"collection":[{"href":"https:\/\/www.makitamarket.com.tr\/site\/wp-json\/wp\/v2\/product"}],"about":[{"href":"https:\/\/www.makitamarket.com.tr\/site\/wp-json\/wp\/v2\/types\/product"}],"replies":[{"embeddable":true,"href":"https:\/\/www.makitamarket.com.tr\/site\/wp-json\/wp\/v2\/comments?post=24097"}],"wp:featuredmedia":[{"embeddable":true,"href":"https:\/\/www.makitamarket.com.tr\/site\/wp-json\/wp\/v2\/media\/19587"}],"wp:attachment":[{"href":"https:\/\/www.makitamarket.com.tr\/site\/wp-json\/wp\/v2\/media?parent=24097"}],"wp:term":[{"taxonomy":"product_brand","embeddable":true,"href":"https:\/\/www.makitamarket.com.tr\/site\/wp-json\/wp\/v2\/product_brand?post=24097"},{"taxonomy":"product_cat","embeddable":true,"href":"https:\/\/www.makitamarket.com.tr\/site\/wp-json\/wp\/v2\/product_cat?post=24097"},{"taxonomy":"product_tag","embeddable":true,"href":"https:\/\/www.makitamarket.com.tr\/site\/wp-json\/wp\/v2\/product_tag?post=24097"}],"curies":[{"name":"wp","href":"https:\/\/api.w.org\/{rel}","templated":true}]}}