{"id":24111,"date":"2025-01-06T16:49:58","date_gmt":"2025-01-06T13:49:58","guid":{"rendered":"https:\/\/www.makitamarket.com.tr\/site\/urun\/bts-bts12410-su-terazisi-40-1000-mm\/"},"modified":"2025-11-16T10:58:25","modified_gmt":"2025-11-16T07:58:25","slug":"bts-bts12410-su-terazisi-40-1000-mm","status":"publish","type":"product","link":"https:\/\/www.makitamarket.com.tr\/site\/urun\/bts-bts12410-su-terazisi-40-1000-mm\/","title":{"rendered":"Bts BTS12410 SU TERAZ\u0130S\u0130 40&#8243;\/1000 mm"},"content":{"rendered":"<table>\n<tr>\n<td>\u00d6l\u00e7\u00fc<\/td>\n<td>40&#8243;\/1000 mm.<\/td>\n<\/tr>\n<tr>\n<td>\u00d6zellik<\/td>\n<td>3 Sulu (Yatay &#8211; Dikey &#8211; 45\u00ba )<\/td>\n<\/tr>\n<tr>\n<td>Koli \u0130\u00e7i Adedi<\/td>\n<td>30<\/td>\n<\/tr>\n<\/table>\n","protected":false},"excerpt":{"rendered":"<p>\u00d6l\u00e7\u00fc 40&#8243;\/1000 mm. \u00d6zellik 3 Sulu (Yatay &#8211; Dikey &#8211; 45\u00ba ) Koli \u0130\u00e7i Adedi 30<\/p>\n","protected":false},"featured_media":19749,"comment_status":"open","ping_status":"closed","template":"","meta":{"_acf_changed":false},"product_brand":[1548],"product_cat":[974],"product_tag":[],"class_list":{"0":"post-24111","1":"product","2":"type-product","3":"status-publish","4":"has-post-thumbnail","6":"product_brand-bts","7":"product_cat-su-terazileri","9":"first","10":"outofstock","11":"taxable","12":"shipping-taxable","13":"purchasable","14":"product-type-simple","15":"add-to-wishlist-after_add_to_cart"},"acf":[],"_links":{"self":[{"href":"https:\/\/www.makitamarket.com.tr\/site\/wp-json\/wp\/v2\/product\/24111","targetHints":{"allow":["GET"]}}],"collection":[{"href":"https:\/\/www.makitamarket.com.tr\/site\/wp-json\/wp\/v2\/product"}],"about":[{"href":"https:\/\/www.makitamarket.com.tr\/site\/wp-json\/wp\/v2\/types\/product"}],"replies":[{"embeddable":true,"href":"https:\/\/www.makitamarket.com.tr\/site\/wp-json\/wp\/v2\/comments?post=24111"}],"wp:featuredmedia":[{"embeddable":true,"href":"https:\/\/www.makitamarket.com.tr\/site\/wp-json\/wp\/v2\/media\/19749"}],"wp:attachment":[{"href":"https:\/\/www.makitamarket.com.tr\/site\/wp-json\/wp\/v2\/media?parent=24111"}],"wp:term":[{"taxonomy":"product_brand","embeddable":true,"href":"https:\/\/www.makitamarket.com.tr\/site\/wp-json\/wp\/v2\/product_brand?post=24111"},{"taxonomy":"product_cat","embeddable":true,"href":"https:\/\/www.makitamarket.com.tr\/site\/wp-json\/wp\/v2\/product_cat?post=24111"},{"taxonomy":"product_tag","embeddable":true,"href":"https:\/\/www.makitamarket.com.tr\/site\/wp-json\/wp\/v2\/product_tag?post=24111"}],"curies":[{"name":"wp","href":"https:\/\/api.w.org\/{rel}","templated":true}]}}