{"id":24119,"date":"2025-01-06T16:50:05","date_gmt":"2025-01-06T13:50:05","guid":{"rendered":"https:\/\/www.makitamarket.com.tr\/site\/urun\/proxxon-28978-zimpara-18-mm\/"},"modified":"2026-04-06T16:57:01","modified_gmt":"2026-04-06T13:57:01","slug":"proxxon-28978-zimpara-18-mm","status":"publish","type":"product","link":"https:\/\/www.makitamarket.com.tr\/site\/urun\/proxxon-28978-zimpara-18-mm\/","title":{"rendered":"Proxxon 28978 ZIMPARA 18 mm"},"content":{"rendered":"<p>\n\t<span style=\"font-family:tahoma,geneva,sans-serif;\">Z\u0131mpara disk silindir ve tekerleri standart korundumdan imal edilmi\u015ftir. Farkl\u0131 z\u0131mpara i\u015flemleri i\u00e7in demirsiz metal, plastik, kau\u00e7uk, deri, ah\u015fap (hatta kenarlar) \u00fczerinde \u00e7al\u0131\u015fmak i\u00e7in ve oluk a\u00e7mada da i\u015flerken d\u00fc\u015f\u00fck olmal\u0131d\u0131r.<br \/>\n\t<\/span><\/p>\n<p>\n\t<span style=\"font-family:tahoma,geneva,sans-serif;\">B\u00fct\u00fcn saplar 3 mm&#8217;dir<br \/>\n\t<\/span><\/p>\n<table>\n<tr>\n<td>Mil \u00c7ap\u0131<\/td>\n<td>3,0 mm<\/td>\n<\/tr>\n<\/table>\n","protected":false},"excerpt":{"rendered":"<p>\n\t<span style=\"font-family:tahoma,geneva,sans-serif;\">Z\u0131mpara disk silindir ve tekerleri standart korundumdan imal edilmi\u015ftir. Farkl\u0131 z\u0131mpara i\u015flemleri i\u00e7in demirsiz metal, plastik, kau\u00e7uk, deri, ah\u015fap (hatta kenarlar) \u00fczerinde \u00e7al\u0131\u015fmak i\u00e7in ve oluk a\u00e7mada da i\u015flerken d\u00fc\u015f\u00fck olmal\u0131d\u0131r.<br \/>\n\t<\/span><\/p>\n<p>\n\t<span style=\"font-family:tahoma,geneva,sans-serif;\">B\u00fct\u00fcn saplar 3 mm&#8217;dir<br \/>\n\t<\/span><\/p>\n","protected":false},"featured_media":19830,"comment_status":"open","ping_status":"closed","template":"","meta":{"_acf_changed":false},"product_brand":[1501],"product_cat":[926],"product_tag":[],"class_list":{"0":"post-24119","1":"product","2":"type-product","3":"status-publish","4":"has-post-thumbnail","6":"product_brand-proxxon","7":"product_cat-aksesuarlar-mikro-aletleri","9":"first","10":"outofstock","11":"taxable","12":"shipping-taxable","13":"purchasable","14":"product-type-simple","15":"add-to-wishlist-after_add_to_cart"},"acf":[],"_links":{"self":[{"href":"https:\/\/www.makitamarket.com.tr\/site\/wp-json\/wp\/v2\/product\/24119","targetHints":{"allow":["GET"]}}],"collection":[{"href":"https:\/\/www.makitamarket.com.tr\/site\/wp-json\/wp\/v2\/product"}],"about":[{"href":"https:\/\/www.makitamarket.com.tr\/site\/wp-json\/wp\/v2\/types\/product"}],"replies":[{"embeddable":true,"href":"https:\/\/www.makitamarket.com.tr\/site\/wp-json\/wp\/v2\/comments?post=24119"}],"wp:featuredmedia":[{"embeddable":true,"href":"https:\/\/www.makitamarket.com.tr\/site\/wp-json\/wp\/v2\/media\/19830"}],"wp:attachment":[{"href":"https:\/\/www.makitamarket.com.tr\/site\/wp-json\/wp\/v2\/media?parent=24119"}],"wp:term":[{"taxonomy":"product_brand","embeddable":true,"href":"https:\/\/www.makitamarket.com.tr\/site\/wp-json\/wp\/v2\/product_brand?post=24119"},{"taxonomy":"product_cat","embeddable":true,"href":"https:\/\/www.makitamarket.com.tr\/site\/wp-json\/wp\/v2\/product_cat?post=24119"},{"taxonomy":"product_tag","embeddable":true,"href":"https:\/\/www.makitamarket.com.tr\/site\/wp-json\/wp\/v2\/product_tag?post=24119"}],"curies":[{"name":"wp","href":"https:\/\/api.w.org\/{rel}","templated":true}]}}