{"id":24141,"date":"2025-01-06T16:50:26","date_gmt":"2025-01-06T13:50:26","guid":{"rendered":"https:\/\/www.makitamarket.com.tr\/site\/urun\/makita-763620-8-konik-pens-6-mm\/"},"modified":"2026-04-06T17:05:46","modified_gmt":"2026-04-06T14:05:46","slug":"makita-763620-8-konik-pens-6-mm","status":"publish","type":"product","link":"https:\/\/www.makitamarket.com.tr\/site\/urun\/makita-763620-8-konik-pens-6-mm\/","title":{"rendered":"Makita 763620-8 KON\u0130K PENS 6 mm"},"content":{"rendered":"<table>\n<tr>\n<td>S\u00fcrekli Ak\u0131m Giri\u015fi<\/td>\n<td>860W<\/td>\n<\/tr>\n<tr>\n<td>Kapasite<\/td>\n<td>u\u00e7tutucu:8mm<\/td>\n<\/tr>\n<tr>\n<td>Bo\u015fta Devir<\/td>\n<td>29000devir\/dk<\/td>\n<\/tr>\n<tr>\n<td>Net A\u011f\u0131rl\u0131k<\/td>\n<td>2.4kg<\/td>\n<\/tr>\n<tr>\n<td>Ak\u0131m<\/td>\n<td>3.9Ah<\/td>\n<\/tr>\n<tr>\n<td>Dalma Kapasitesi<\/td>\n<td>0-35mm<\/td>\n<\/tr>\n<\/table>\n","protected":false},"excerpt":{"rendered":"<p>S\u00fcrekli Ak\u0131m Giri\u015fi 860W Kapasite u\u00e7tutucu:8mm Bo\u015fta Devir 29000devir\/dk Net A\u011f\u0131rl\u0131k 2.4kg Ak\u0131m 3.9Ah Dalma Kapasitesi 0-35mm<\/p>\n","protected":false},"featured_media":20079,"comment_status":"open","ping_status":"closed","template":"","meta":{"_acf_changed":false},"product_brand":[1485],"product_cat":[1436],"product_tag":[],"class_list":{"0":"post-24141","1":"product","2":"type-product","3":"status-publish","4":"has-post-thumbnail","6":"product_brand-makita","7":"product_cat-konik-pensler-taslama-aksesuarlari","9":"first","10":"instock","11":"taxable","12":"shipping-taxable","13":"purchasable","14":"product-type-simple","15":"add-to-wishlist-after_add_to_cart"},"acf":[],"_links":{"self":[{"href":"https:\/\/www.makitamarket.com.tr\/site\/wp-json\/wp\/v2\/product\/24141","targetHints":{"allow":["GET"]}}],"collection":[{"href":"https:\/\/www.makitamarket.com.tr\/site\/wp-json\/wp\/v2\/product"}],"about":[{"href":"https:\/\/www.makitamarket.com.tr\/site\/wp-json\/wp\/v2\/types\/product"}],"replies":[{"embeddable":true,"href":"https:\/\/www.makitamarket.com.tr\/site\/wp-json\/wp\/v2\/comments?post=24141"}],"wp:featuredmedia":[{"embeddable":true,"href":"https:\/\/www.makitamarket.com.tr\/site\/wp-json\/wp\/v2\/media\/20079"}],"wp:attachment":[{"href":"https:\/\/www.makitamarket.com.tr\/site\/wp-json\/wp\/v2\/media?parent=24141"}],"wp:term":[{"taxonomy":"product_brand","embeddable":true,"href":"https:\/\/www.makitamarket.com.tr\/site\/wp-json\/wp\/v2\/product_brand?post=24141"},{"taxonomy":"product_cat","embeddable":true,"href":"https:\/\/www.makitamarket.com.tr\/site\/wp-json\/wp\/v2\/product_cat?post=24141"},{"taxonomy":"product_tag","embeddable":true,"href":"https:\/\/www.makitamarket.com.tr\/site\/wp-json\/wp\/v2\/product_tag?post=24141"}],"curies":[{"name":"wp","href":"https:\/\/api.w.org\/{rel}","templated":true}]}}