{"id":24153,"date":"2025-01-06T16:50:40","date_gmt":"2025-01-06T13:50:40","guid":{"rendered":"https:\/\/www.makitamarket.com.tr\/site\/urun\/kasei-misinabaslik2-misina-basligi\/"},"modified":"2025-11-16T11:10:39","modified_gmt":"2025-11-16T08:10:39","slug":"kasei-misinabaslik2-misina-basligi","status":"publish","type":"product","link":"https:\/\/www.makitamarket.com.tr\/site\/urun\/kasei-misinabaslik2-misina-basligi\/","title":{"rendered":"Kasei MISINABASLIK2 M\u0130S\u0130NA BA\u015eLI\u011eI"},"content":{"rendered":"<table>\n<tr>\n<td>Uygun Model<\/td>\n<td>BG63,CG63<\/td>\n<\/tr>\n<\/table>\n","protected":false},"excerpt":{"rendered":"<p>Uygun Model BG63,CG63<\/p>\n","protected":false},"featured_media":20216,"comment_status":"open","ping_status":"closed","template":"","meta":{"_acf_changed":false},"product_brand":[1535],"product_cat":[1565],"product_tag":[],"class_list":{"0":"post-24153","1":"product","2":"type-product","3":"status-publish","4":"has-post-thumbnail","6":"product_brand-kasei","7":"product_cat-yok-yok","9":"first","10":"outofstock","11":"taxable","12":"shipping-taxable","13":"purchasable","14":"product-type-simple","15":"add-to-wishlist-after_add_to_cart"},"acf":[],"_links":{"self":[{"href":"https:\/\/www.makitamarket.com.tr\/site\/wp-json\/wp\/v2\/product\/24153","targetHints":{"allow":["GET"]}}],"collection":[{"href":"https:\/\/www.makitamarket.com.tr\/site\/wp-json\/wp\/v2\/product"}],"about":[{"href":"https:\/\/www.makitamarket.com.tr\/site\/wp-json\/wp\/v2\/types\/product"}],"replies":[{"embeddable":true,"href":"https:\/\/www.makitamarket.com.tr\/site\/wp-json\/wp\/v2\/comments?post=24153"}],"wp:featuredmedia":[{"embeddable":true,"href":"https:\/\/www.makitamarket.com.tr\/site\/wp-json\/wp\/v2\/media\/20216"}],"wp:attachment":[{"href":"https:\/\/www.makitamarket.com.tr\/site\/wp-json\/wp\/v2\/media?parent=24153"}],"wp:term":[{"taxonomy":"product_brand","embeddable":true,"href":"https:\/\/www.makitamarket.com.tr\/site\/wp-json\/wp\/v2\/product_brand?post=24153"},{"taxonomy":"product_cat","embeddable":true,"href":"https:\/\/www.makitamarket.com.tr\/site\/wp-json\/wp\/v2\/product_cat?post=24153"},{"taxonomy":"product_tag","embeddable":true,"href":"https:\/\/www.makitamarket.com.tr\/site\/wp-json\/wp\/v2\/product_tag?post=24153"}],"curies":[{"name":"wp","href":"https:\/\/api.w.org\/{rel}","templated":true}]}}