{"id":24157,"date":"2025-01-06T16:50:43","date_gmt":"2025-01-06T13:50:43","guid":{"rendered":"https:\/\/www.makitamarket.com.tr\/site\/urun\/proxxon-28293-hassas-polisaj-10-lu\/"},"modified":"2026-04-06T17:10:32","modified_gmt":"2026-04-06T14:10:32","slug":"proxxon-28293-hassas-polisaj-10-lu","status":"publish","type":"product","link":"https:\/\/www.makitamarket.com.tr\/site\/urun\/proxxon-28293-hassas-polisaj-10-lu\/","title":{"rendered":"Proxxon 28293 HASSAS POL\u0130SAJ 10 LU"},"content":{"rendered":"<p>\n\t<span style=\"font-family:tahoma,geneva,sans-serif;\"><strong>Esnek silikon disk, disk ve mermi bi\u00e7imli<br \/>\n\t<\/strong><\/span><\/p>\n<p>\n\t<span style=\"font-family:tahoma,geneva,sans-serif;\">De\u011ferli maden, demirsiz metal, sertle\u015ftirilmi\u015f metal ve cam, porselen, ah\u015fap, kau\u00e7uk, plastik malzemelerin y\u00fczey d\u00fczeltilmesi ve parlat\u0131lmas\u0131nda kullan\u0131lan plastik par\u00e7a. Mermi \u015feklindeki u\u00e7lar ile ula\u015f\u0131lmas\u0131 zor yerleri i\u015flemeye uygundur.<\/span><\/p>\n<p>\n\t<span style=\"font-family:tahoma,geneva,sans-serif;\">Mil \u00e7ap\u0131 2.35 mm &#8216;dir.<br \/>\n\t<\/span><\/p>\n<table>\n<tr>\n<td>Mil \u00c7ap\u0131<\/td>\n<td>2,35 mm<\/td>\n<\/tr>\n<\/table>\n","protected":false},"excerpt":{"rendered":"<p>\n\t<span style=\"font-family:tahoma,geneva,sans-serif;\"><strong>Esnek silikon disk, disk ve mermi bi\u00e7imli<br \/>\n\t<\/strong><\/span><\/p>\n<p>\n\t<span style=\"font-family:tahoma,geneva,sans-serif;\">De\u011ferli maden, demirsiz metal, sertle\u015ftirilmi\u015f metal ve cam, porselen, ah\u015fap, kau\u00e7uk, plastik malzemelerin y\u00fczey d\u00fczeltilmesi ve parlat\u0131lmas\u0131nda kullan\u0131lan plastik par\u00e7a. Mermi \u015feklindeki u\u00e7lar ile ula\u015f\u0131lmas\u0131 zor yerleri i\u015flemeye uygundur.<\/span><\/p>\n<p>\n\t<span style=\"font-family:tahoma,geneva,sans-serif;\">Mil \u00e7ap\u0131 2.35 mm &#8216;dir.<br \/>\n\t<\/span><\/p>\n","protected":false},"featured_media":20259,"comment_status":"open","ping_status":"closed","template":"","meta":{"_acf_changed":false},"product_brand":[1501],"product_cat":[926],"product_tag":[],"class_list":{"0":"post-24157","1":"product","2":"type-product","3":"status-publish","4":"has-post-thumbnail","6":"product_brand-proxxon","7":"product_cat-aksesuarlar-mikro-aletleri","9":"first","10":"outofstock","11":"taxable","12":"shipping-taxable","13":"purchasable","14":"product-type-simple","15":"add-to-wishlist-after_add_to_cart"},"acf":[],"_links":{"self":[{"href":"https:\/\/www.makitamarket.com.tr\/site\/wp-json\/wp\/v2\/product\/24157","targetHints":{"allow":["GET"]}}],"collection":[{"href":"https:\/\/www.makitamarket.com.tr\/site\/wp-json\/wp\/v2\/product"}],"about":[{"href":"https:\/\/www.makitamarket.com.tr\/site\/wp-json\/wp\/v2\/types\/product"}],"replies":[{"embeddable":true,"href":"https:\/\/www.makitamarket.com.tr\/site\/wp-json\/wp\/v2\/comments?post=24157"}],"wp:featuredmedia":[{"embeddable":true,"href":"https:\/\/www.makitamarket.com.tr\/site\/wp-json\/wp\/v2\/media\/20259"}],"wp:attachment":[{"href":"https:\/\/www.makitamarket.com.tr\/site\/wp-json\/wp\/v2\/media?parent=24157"}],"wp:term":[{"taxonomy":"product_brand","embeddable":true,"href":"https:\/\/www.makitamarket.com.tr\/site\/wp-json\/wp\/v2\/product_brand?post=24157"},{"taxonomy":"product_cat","embeddable":true,"href":"https:\/\/www.makitamarket.com.tr\/site\/wp-json\/wp\/v2\/product_cat?post=24157"},{"taxonomy":"product_tag","embeddable":true,"href":"https:\/\/www.makitamarket.com.tr\/site\/wp-json\/wp\/v2\/product_tag?post=24157"}],"curies":[{"name":"wp","href":"https:\/\/api.w.org\/{rel}","templated":true}]}}