{"id":24162,"date":"2025-01-06T16:50:46","date_gmt":"2025-01-06T13:50:46","guid":{"rendered":"https:\/\/www.makitamarket.com.tr\/site\/urun\/makita-d-61151-turbo-tip-elmas-testere-115-mm\/"},"modified":"2026-03-30T10:39:31","modified_gmt":"2026-03-30T07:39:31","slug":"makita-d-61151-turbo-tip-elmas-testere-115-mm","status":"publish","type":"product","link":"https:\/\/www.makitamarket.com.tr\/site\/urun\/makita-d-61151-turbo-tip-elmas-testere-115-mm\/","title":{"rendered":"Makita D-61151 TURBO T\u0130P ELMAS TESTERE 115 mm"},"content":{"rendered":"<p>\n\t<strong>Turbo Tip : <\/strong>Elmas tabakalar\u0131 ve g\u00f6vdesi \u00fczerinde \u00e7entikler vard\u0131r. S\u00fcrekli ve segmanl\u0131 tip testere aras\u0131nda bir yere sahiptir.<\/p>\n<p>\n\tSegmanl\u0131 tip gibi h\u0131zl\u0131 kesim yapar.<\/p>\n<p>\n\tAyn\u0131 zamanda kesilen malzemede p\u00fcr\u00fczs\u00fcz y\u00fczey elde edilir.<\/p>\n<table border=\"1\" cellpadding=\"1\" cellspacing=\"1\" height=\"63\" width=\"310\">\n<tbody>\n<tr>\n<td colspan=\"7\" style=\"text-align: center;\">\n\t\t\t\t<strong>KULLANIM GRUPLARI<br \/>\n\t\t\t\t<\/strong><\/td>\n<\/tr>\n<tr>\n<td style=\"width: 35px; text-align: center;\">\n\t\t\t\t1<\/td>\n<td style=\"width: 35px; text-align: center;\">\n\t\t\t\t2<\/td>\n<td style=\"width: 35px; text-align: center;\">\n\t\t\t\t3<\/td>\n<td style=\"width: 35px; text-align: center;\">\n\t\t\t\t4<\/td>\n<td style=\"width: 35px; text-align: center;\">\n\t\t\t\t5<\/td>\n<td style=\"width: 35px; text-align: center;\">\n\t\t\t\t6<\/td>\n<td style=\"width: 35px; text-align: center;\">\n\t\t\t\t7<\/td>\n<\/tr>\n<tr>\n<td style=\"width: 35px; text-align: center;\">\n\t\t\t\t&#8211;<\/td>\n<td style=\"width: 35px; text-align: center;\">\n\t\t\t\tAA<\/td>\n<td style=\"width: 35px; text-align: center;\">\n\t\t\t\tAA<\/td>\n<td style=\"width: 35px; text-align: center;\">\n\t\t\t\tA<\/td>\n<td style=\"width: 35px; text-align: center;\">\n\t\t\t\t&#8211;<\/td>\n<td style=\"width: 35px; text-align: center;\">\n\t\t\t\t&#8211;<\/td>\n<td style=\"width: 35px; text-align: center;\">\n\t\t\t\t&#8211;<\/td>\n<\/tr>\n<\/tbody>\n<\/table>\n<table>\n<tr>\n<td>Testere \u00e7ap\u0131<\/td>\n<td>115 mm<\/td>\n<\/tr>\n<tr>\n<td>Elmas Kal\u0131nl\u0131\u011f\u0131<\/td>\n<td>2.0 mm<\/td>\n<\/tr>\n<tr>\n<td>Elmas Y\u00fcksekli\u011fi<\/td>\n<td>7.0 mm<\/td>\n<\/tr>\n<tr>\n<td>G\u00f6bek \u00e7ap\u0131<\/td>\n<td>22.23 mm<\/td>\n<\/tr>\n<tr>\n<td>\u00dcr\u00fcn Rengi<\/td>\n<td>Turuncu<\/td>\n<\/tr>\n<\/table>\n","protected":false},"excerpt":{"rendered":"<p>\n\t<strong>Turbo Tip : <\/strong>Elmas tabakalar\u0131 ve g\u00f6vdesi \u00fczerinde \u00e7entikler vard\u0131r. S\u00fcrekli ve segmanl\u0131 tip testere aras\u0131nda bir yere sahiptir.<\/p>\n<p>\n\tSegmanl\u0131 tip gibi h\u0131zl\u0131 kesim yapar.<\/p>\n<p>\n\tAyn\u0131 zamanda kesilen malzemede p\u00fcr\u00fczs\u00fcz y\u00fczey elde edilir.<\/p>\n<table border=\"1\" cellpadding=\"1\" cellspacing=\"1\" height=\"63\" width=\"310\">\n<tbody>\n<tr>\n<td colspan=\"7\" style=\"text-align: center;\">\n\t\t\t\t<strong>KULLANIM GRUPLARI<br \/>\n\t\t\t\t<\/strong><\/td>\n<\/tr>\n<tr>\n<td style=\"width: 35px; text-align: center;\">\n\t\t\t\t1<\/td>\n<td style=\"width: 35px; text-align: center;\">\n\t\t\t\t2<\/td>\n<td style=\"width: 35px; text-align: center;\">\n\t\t\t\t3<\/td>\n<td style=\"width: 35px; text-align: center;\">\n\t\t\t\t4<\/td>\n<td style=\"width: 35px; text-align: center;\">\n\t\t\t\t5<\/td>\n<td style=\"width: 35px; text-align: center;\">\n\t\t\t\t6<\/td>\n<td style=\"width: 35px; text-align: center;\">\n\t\t\t\t7<\/td>\n<\/tr>\n<tr>\n<td style=\"width: 35px; text-align: center;\">\n\t\t\t\t&#8211;<\/td>\n<td style=\"width: 35px; text-align: center;\">\n\t\t\t\tAA<\/td>\n<td style=\"width: 35px; text-align: center;\">\n\t\t\t\tAA<\/td>\n<td style=\"width: 35px; text-align: center;\">\n\t\t\t\tA<\/td>\n<td style=\"width: 35px; text-align: center;\">\n\t\t\t\t&#8211;<\/td>\n<td style=\"width: 35px; text-align: center;\">\n\t\t\t\t&#8211;<\/td>\n<td style=\"width: 35px; text-align: center;\">\n\t\t\t\t&#8211;<\/td>\n<\/tr>\n<\/tbody>\n<\/table>\n","protected":false},"featured_media":20294,"comment_status":"open","ping_status":"closed","template":"","meta":{"_acf_changed":false},"product_brand":[1485],"product_cat":[1234],"product_tag":[],"class_list":{"0":"post-24162","1":"product","2":"type-product","3":"status-publish","4":"has-post-thumbnail","6":"product_brand-makita","7":"product_cat-115mm-testereler","9":"first","10":"instock","11":"taxable","12":"shipping-taxable","13":"purchasable","14":"product-type-simple","15":"add-to-wishlist-after_add_to_cart"},"acf":[],"_links":{"self":[{"href":"https:\/\/www.makitamarket.com.tr\/site\/wp-json\/wp\/v2\/product\/24162","targetHints":{"allow":["GET"]}}],"collection":[{"href":"https:\/\/www.makitamarket.com.tr\/site\/wp-json\/wp\/v2\/product"}],"about":[{"href":"https:\/\/www.makitamarket.com.tr\/site\/wp-json\/wp\/v2\/types\/product"}],"replies":[{"embeddable":true,"href":"https:\/\/www.makitamarket.com.tr\/site\/wp-json\/wp\/v2\/comments?post=24162"}],"wp:featuredmedia":[{"embeddable":true,"href":"https:\/\/www.makitamarket.com.tr\/site\/wp-json\/wp\/v2\/media\/20294"}],"wp:attachment":[{"href":"https:\/\/www.makitamarket.com.tr\/site\/wp-json\/wp\/v2\/media?parent=24162"}],"wp:term":[{"taxonomy":"product_brand","embeddable":true,"href":"https:\/\/www.makitamarket.com.tr\/site\/wp-json\/wp\/v2\/product_brand?post=24162"},{"taxonomy":"product_cat","embeddable":true,"href":"https:\/\/www.makitamarket.com.tr\/site\/wp-json\/wp\/v2\/product_cat?post=24162"},{"taxonomy":"product_tag","embeddable":true,"href":"https:\/\/www.makitamarket.com.tr\/site\/wp-json\/wp\/v2\/product_tag?post=24162"}],"curies":[{"name":"wp","href":"https:\/\/api.w.org\/{rel}","templated":true}]}}