{"id":24163,"date":"2025-01-06T16:50:47","date_gmt":"2025-01-06T13:50:47","guid":{"rendered":"https:\/\/www.makitamarket.com.tr\/site\/urun\/topart-ta01649-yapiskan-krose\/"},"modified":"2025-11-16T11:14:24","modified_gmt":"2025-11-16T08:14:24","slug":"topart-ta01649-yapiskan-krose","status":"publish","type":"product","link":"https:\/\/www.makitamarket.com.tr\/site\/urun\/topart-ta01649-yapiskan-krose\/","title":{"rendered":"Topart TA01649 YAPI\u015eKAN KRO\u015eE"},"content":{"rendered":"<p>\n\t\u00a0<\/p>\n<div>\n\t\u2022 Kuvvetli Yap\u0131\u0219t\u0131rma<\/div>\n<div>\n\t\u2022 Kolay ve H\u0131zl\u0131 Montaj<\/div>\n<div>\n\tAltt aki koruyucu ka\u011f\u0131d\u0131 kald\u0131rarak ah\u015fap, formika, ya\u011fl\u0131 boya, metal, plastik, cam gibi y\u00fczeylere kolayca, an\u0131nda yap\u0131\u015f\u0131r.<\/div>\n<div>\n\tYap\u0131\u015ft\u0131rma y\u00fczeyi kuru, tozsuz ve ya\u011fs\u0131z olmal\u0131d\u0131r.<\/div>\n<table>\n<tr>\n<td>\u00d6l\u00e7\u00fc<\/td>\n<td>28&#215;28 mm<\/td>\n<\/tr>\n<tr>\n<td>Paket \u0130\u00e7i Adedi<\/td>\n<td>100<\/td>\n<\/tr>\n<tr>\n<td>Koli \u0130\u00e7i Adedi<\/td>\n<td>90<\/td>\n<\/tr>\n<\/table>\n","protected":false},"excerpt":{"rendered":"<p>\n\t\u00a0<\/p>\n<div>\n\t\u2022 Kuvvetli Yap\u0131\u0219t\u0131rma<\/div>\n<div>\n\t\u2022 Kolay ve H\u0131zl\u0131 Montaj<\/div>\n<div>\n\tAltt aki koruyucu ka\u011f\u0131d\u0131 kald\u0131rarak ah\u015fap, formika, ya\u011fl\u0131 boya, metal, plastik, cam gibi y\u00fczeylere kolayca, an\u0131nda yap\u0131\u015f\u0131r.<\/div>\n<div>\n\tYap\u0131\u015ft\u0131rma y\u00fczeyi kuru, tozsuz ve ya\u011fs\u0131z olmal\u0131d\u0131r.<\/div>\n","protected":false},"featured_media":20298,"comment_status":"open","ping_status":"closed","template":"","meta":{"_acf_changed":false},"product_brand":[1527],"product_cat":[1451],"product_tag":[],"class_list":{"0":"post-24163","1":"product","2":"type-product","3":"status-publish","4":"has-post-thumbnail","6":"product_brand-topart","7":"product_cat-kroseler","9":"first","10":"outofstock","11":"taxable","12":"shipping-taxable","13":"purchasable","14":"product-type-simple","15":"add-to-wishlist-after_add_to_cart"},"acf":[],"_links":{"self":[{"href":"https:\/\/www.makitamarket.com.tr\/site\/wp-json\/wp\/v2\/product\/24163","targetHints":{"allow":["GET"]}}],"collection":[{"href":"https:\/\/www.makitamarket.com.tr\/site\/wp-json\/wp\/v2\/product"}],"about":[{"href":"https:\/\/www.makitamarket.com.tr\/site\/wp-json\/wp\/v2\/types\/product"}],"replies":[{"embeddable":true,"href":"https:\/\/www.makitamarket.com.tr\/site\/wp-json\/wp\/v2\/comments?post=24163"}],"wp:featuredmedia":[{"embeddable":true,"href":"https:\/\/www.makitamarket.com.tr\/site\/wp-json\/wp\/v2\/media\/20298"}],"wp:attachment":[{"href":"https:\/\/www.makitamarket.com.tr\/site\/wp-json\/wp\/v2\/media?parent=24163"}],"wp:term":[{"taxonomy":"product_brand","embeddable":true,"href":"https:\/\/www.makitamarket.com.tr\/site\/wp-json\/wp\/v2\/product_brand?post=24163"},{"taxonomy":"product_cat","embeddable":true,"href":"https:\/\/www.makitamarket.com.tr\/site\/wp-json\/wp\/v2\/product_cat?post=24163"},{"taxonomy":"product_tag","embeddable":true,"href":"https:\/\/www.makitamarket.com.tr\/site\/wp-json\/wp\/v2\/product_tag?post=24163"}],"curies":[{"name":"wp","href":"https:\/\/api.w.org\/{rel}","templated":true}]}}