{"id":24168,"date":"2025-01-06T16:50:54","date_gmt":"2025-01-06T13:50:54","guid":{"rendered":"https:\/\/www.makitamarket.com.tr\/site\/urun\/makita-792132-4-m-tipi-dekupaj-testere-bicagi-no5\/"},"modified":"2025-08-13T22:06:15","modified_gmt":"2025-08-13T19:06:15","slug":"makita-792132-4-m-tipi-dekupaj-testere-bicagi-no5","status":"publish","type":"product","link":"https:\/\/www.makitamarket.com.tr\/site\/urun\/makita-792132-4-m-tipi-dekupaj-testere-bicagi-no5\/","title":{"rendered":"Makita 792132-4 M T\u0130P\u0130 DEKUPAJ TESTERE BI\u00c7A\u011eI NO:5"},"content":{"rendered":"<p>\n\tPlastik, al\u00fcminyum, yumu\u015fak \u00e7elik malzemenin kesimi i\u00e7in kullan\u0131l\u0131r.<\/p>\n<table>\n<tr>\n<td>Uzunda \u00c7al\u0131\u015fma<\/td>\n<td>42<\/td>\n<\/tr>\n<tr>\n<td>Plastik Kesim<\/td>\n<td>1 &#8211; 5<\/td>\n<\/tr>\n<tr>\n<td>Al\u00fcminyum Kesim<\/td>\n<td>1 &#8211; 6<\/td>\n<\/tr>\n<tr>\n<td>Yumu\u015fak \u00c7elik Kesim<\/td>\n<td>1 &#8211; 3<\/td>\n<\/tr>\n<tr>\n<td>\u0130nch Ba\u015f\u0131 Di\u015f<\/td>\n<td>24<\/td>\n<\/tr>\n<tr>\n<td>B\u0131\u00e7ak Materyali<\/td>\n<td>HCS<\/td>\n<\/tr>\n<\/table>\n","protected":false},"excerpt":{"rendered":"<p>\n\tPlastik, al\u00fcminyum, yumu\u015fak \u00e7elik malzemenin kesimi i\u00e7in kullan\u0131l\u0131r.<\/p>\n","protected":false},"featured_media":20384,"comment_status":"open","ping_status":"closed","template":"","meta":{"_acf_changed":false},"product_brand":[],"product_cat":[1446],"product_tag":[],"class_list":{"0":"post-24168","1":"product","2":"type-product","3":"status-publish","4":"has-post-thumbnail","6":"product_cat-m-tipi-kama-tipi-bicaklar","8":"first","9":"instock","10":"taxable","11":"shipping-taxable","12":"purchasable","13":"product-type-simple","14":"add-to-wishlist-after_add_to_cart"},"acf":[],"_links":{"self":[{"href":"https:\/\/www.makitamarket.com.tr\/site\/wp-json\/wp\/v2\/product\/24168","targetHints":{"allow":["GET"]}}],"collection":[{"href":"https:\/\/www.makitamarket.com.tr\/site\/wp-json\/wp\/v2\/product"}],"about":[{"href":"https:\/\/www.makitamarket.com.tr\/site\/wp-json\/wp\/v2\/types\/product"}],"replies":[{"embeddable":true,"href":"https:\/\/www.makitamarket.com.tr\/site\/wp-json\/wp\/v2\/comments?post=24168"}],"wp:featuredmedia":[{"embeddable":true,"href":"https:\/\/www.makitamarket.com.tr\/site\/wp-json\/wp\/v2\/media\/20384"}],"wp:attachment":[{"href":"https:\/\/www.makitamarket.com.tr\/site\/wp-json\/wp\/v2\/media?parent=24168"}],"wp:term":[{"taxonomy":"product_brand","embeddable":true,"href":"https:\/\/www.makitamarket.com.tr\/site\/wp-json\/wp\/v2\/product_brand?post=24168"},{"taxonomy":"product_cat","embeddable":true,"href":"https:\/\/www.makitamarket.com.tr\/site\/wp-json\/wp\/v2\/product_cat?post=24168"},{"taxonomy":"product_tag","embeddable":true,"href":"https:\/\/www.makitamarket.com.tr\/site\/wp-json\/wp\/v2\/product_tag?post=24168"}],"curies":[{"name":"wp","href":"https:\/\/api.w.org\/{rel}","templated":true}]}}