{"id":24173,"date":"2025-01-06T16:51:03","date_gmt":"2025-01-06T13:51:03","guid":{"rendered":"https:\/\/www.makitamarket.com.tr\/site\/urun\/proxxon-28295-hassas-polisaj-2-li\/"},"modified":"2026-03-30T10:44:22","modified_gmt":"2026-03-30T07:44:22","slug":"proxxon-28295-hassas-polisaj-2-li","status":"publish","type":"product","link":"https:\/\/www.makitamarket.com.tr\/site\/urun\/proxxon-28295-hassas-polisaj-2-li\/","title":{"rendered":"Proxxon 28295 HASSAS POL\u0130SAJ 2 L\u0130"},"content":{"rendered":"<p>\n\t<span style=\"font-size:12px;\"><span style=\"font-family:tahoma,geneva,sans-serif;\">\u00d6zellikle de\u011ferli madenler (alt\u0131n, platin, g\u00fcm\u00fc\u015f) ve alet yap\u0131m\u0131 ve son i\u015flem \u00e7al\u0131\u015fmalar\u0131 ve hassas m\u00fchendislik tasar\u0131mlar\u0131 i\u00e7in uygundur. Mil 2.35 mm&#8217;dir.<br \/>\n\t<\/span><\/span><\/p>\n<table>\n<tr>\n<td>Mil \u00c7ap\u0131<\/td>\n<td>2,35 mm<\/td>\n<\/tr>\n<\/table>\n","protected":false},"excerpt":{"rendered":"<p>\n\t<span style=\"font-size:12px;\"><span style=\"font-family:tahoma,geneva,sans-serif;\">\u00d6zellikle de\u011ferli madenler (alt\u0131n, platin, g\u00fcm\u00fc\u015f) ve alet yap\u0131m\u0131 ve son i\u015flem \u00e7al\u0131\u015fmalar\u0131 ve hassas m\u00fchendislik tasar\u0131mlar\u0131 i\u00e7in uygundur. Mil 2.35 mm&#8217;dir.<br \/>\n\t<\/span><\/span><\/p>\n","protected":false},"featured_media":20493,"comment_status":"open","ping_status":"closed","template":"","meta":{"_acf_changed":false},"product_brand":[1501],"product_cat":[926],"product_tag":[],"class_list":{"0":"post-24173","1":"product","2":"type-product","3":"status-publish","4":"has-post-thumbnail","6":"product_brand-proxxon","7":"product_cat-aksesuarlar-mikro-aletleri","9":"first","10":"outofstock","11":"taxable","12":"shipping-taxable","13":"purchasable","14":"product-type-simple","15":"add-to-wishlist-after_add_to_cart"},"acf":[],"_links":{"self":[{"href":"https:\/\/www.makitamarket.com.tr\/site\/wp-json\/wp\/v2\/product\/24173","targetHints":{"allow":["GET"]}}],"collection":[{"href":"https:\/\/www.makitamarket.com.tr\/site\/wp-json\/wp\/v2\/product"}],"about":[{"href":"https:\/\/www.makitamarket.com.tr\/site\/wp-json\/wp\/v2\/types\/product"}],"replies":[{"embeddable":true,"href":"https:\/\/www.makitamarket.com.tr\/site\/wp-json\/wp\/v2\/comments?post=24173"}],"wp:featuredmedia":[{"embeddable":true,"href":"https:\/\/www.makitamarket.com.tr\/site\/wp-json\/wp\/v2\/media\/20493"}],"wp:attachment":[{"href":"https:\/\/www.makitamarket.com.tr\/site\/wp-json\/wp\/v2\/media?parent=24173"}],"wp:term":[{"taxonomy":"product_brand","embeddable":true,"href":"https:\/\/www.makitamarket.com.tr\/site\/wp-json\/wp\/v2\/product_brand?post=24173"},{"taxonomy":"product_cat","embeddable":true,"href":"https:\/\/www.makitamarket.com.tr\/site\/wp-json\/wp\/v2\/product_cat?post=24173"},{"taxonomy":"product_tag","embeddable":true,"href":"https:\/\/www.makitamarket.com.tr\/site\/wp-json\/wp\/v2\/product_tag?post=24173"}],"curies":[{"name":"wp","href":"https:\/\/api.w.org\/{rel}","templated":true}]}}