{"id":24185,"date":"2025-01-06T16:51:15","date_gmt":"2025-01-06T13:51:15","guid":{"rendered":"https:\/\/www.makitamarket.com.tr\/site\/urun\/makita-d-61189-surekli-tip-elmas-testere-110-mm\/"},"modified":"2026-03-30T10:46:25","modified_gmt":"2026-03-30T07:46:25","slug":"makita-d-61189-surekli-tip-elmas-testere-110-mm","status":"publish","type":"product","link":"https:\/\/www.makitamarket.com.tr\/site\/urun\/makita-d-61189-surekli-tip-elmas-testere-110-mm\/","title":{"rendered":"Makita D-61189 S\u00dcREKL\u0130 T\u0130P ELMAS TESTERE 110 mm"},"content":{"rendered":"<p>\n\t<strong>S\u00fcrekli Tip : <\/strong>Testere g\u00f6vdesi etraf\u0131nda ayn\u0131 kal\u0131nl\u0131kta elmas tabakas\u0131 vard\u0131r. En sert malzeme kesiminde bile temiz y\u00fczey elde edilir. Segmanl\u0131 tip testere kadar h\u0131zl\u0131 de\u011fildir.<\/p>\n<table border=\"1\" cellpadding=\"1\" cellspacing=\"1\" height=\"63\" width=\"272\">\n<tbody>\n<tr>\n<td colspan=\"7\" style=\"text-align: center;\">\n\t\t\t\t<strong>KULLANIM GRUPLARI<br \/>\n\t\t\t\t<\/strong><\/td>\n<\/tr>\n<tr>\n<td style=\"width: 35px; text-align: center;\">\n\t\t\t\t1<\/td>\n<td style=\"width: 35px; text-align: center;\">\n\t\t\t\t2<\/td>\n<td style=\"width: 35px; text-align: center;\">\n\t\t\t\t3<\/td>\n<td style=\"width: 35px; text-align: center;\">\n\t\t\t\t4<\/td>\n<td style=\"width: 35px; text-align: center;\">\n\t\t\t\t5<\/td>\n<td style=\"width: 35px; text-align: center;\">\n\t\t\t\t6<\/td>\n<td style=\"width: 35px; text-align: center;\">\n\t\t\t\t7<\/td>\n<\/tr>\n<tr>\n<td style=\"width: 35px; text-align: center;\">\n\t\t\t\t&#8211;<\/td>\n<td style=\"width: 35px; text-align: center;\">\n\t\t\t\t&#8211;<\/td>\n<td style=\"width: 35px; text-align: center;\">\n\t\t\t\t&#8211;<\/td>\n<td style=\"width: 35px; text-align: center;\">\n\t\t\t\t&#8211;<\/td>\n<td style=\"width: 35px; text-align: center;\">\n\t\t\t\t&#8211;<\/td>\n<td style=\"width: 35px; text-align: center;\">\n\t\t\t\tAA<\/td>\n<td style=\"width: 35px; text-align: center;\">\n\t\t\t\t&#8211;<\/td>\n<\/tr>\n<\/tbody>\n<\/table>\n<table>\n<tr>\n<td>Testere \u00e7ap\u0131<\/td>\n<td>110 mm<\/td>\n<\/tr>\n<tr>\n<td>Elmas Kal\u0131nl\u0131\u011f\u0131<\/td>\n<td>1.6 mm<\/td>\n<\/tr>\n<tr>\n<td>Elmas Y\u00fcksekli\u011fi<\/td>\n<td>5.0 mm<\/td>\n<\/tr>\n<tr>\n<td>G\u00f6bek \u00e7ap\u0131<\/td>\n<td>22.23 mm<\/td>\n<\/tr>\n<tr>\n<td>\u00dcr\u00fcn Rengi<\/td>\n<td>Beyaz<\/td>\n<\/tr>\n<\/table>\n","protected":false},"excerpt":{"rendered":"<p>\n\t<strong>S\u00fcrekli Tip : <\/strong>Testere g\u00f6vdesi etraf\u0131nda ayn\u0131 kal\u0131nl\u0131kta elmas tabakas\u0131 vard\u0131r. En sert malzeme kesiminde bile temiz y\u00fczey elde edilir. Segmanl\u0131 tip testere kadar h\u0131zl\u0131 de\u011fildir.<\/p>\n<table border=\"1\" cellpadding=\"1\" cellspacing=\"1\" height=\"63\" width=\"272\">\n<tbody>\n<tr>\n<td colspan=\"7\" style=\"text-align: center;\">\n\t\t\t\t<strong>KULLANIM GRUPLARI<br \/>\n\t\t\t\t<\/strong><\/td>\n<\/tr>\n<tr>\n<td style=\"width: 35px; text-align: center;\">\n\t\t\t\t1<\/td>\n<td style=\"width: 35px; text-align: center;\">\n\t\t\t\t2<\/td>\n<td style=\"width: 35px; text-align: center;\">\n\t\t\t\t3<\/td>\n<td style=\"width: 35px; text-align: center;\">\n\t\t\t\t4<\/td>\n<td style=\"width: 35px; text-align: center;\">\n\t\t\t\t5<\/td>\n<td style=\"width: 35px; text-align: center;\">\n\t\t\t\t6<\/td>\n<td style=\"width: 35px; text-align: center;\">\n\t\t\t\t7<\/td>\n<\/tr>\n<tr>\n<td style=\"width: 35px; text-align: center;\">\n\t\t\t\t&#8211;<\/td>\n<td style=\"width: 35px; text-align: center;\">\n\t\t\t\t&#8211;<\/td>\n<td style=\"width: 35px; text-align: center;\">\n\t\t\t\t&#8211;<\/td>\n<td style=\"width: 35px; text-align: center;\">\n\t\t\t\t&#8211;<\/td>\n<td style=\"width: 35px; text-align: center;\">\n\t\t\t\t&#8211;<\/td>\n<td style=\"width: 35px; text-align: center;\">\n\t\t\t\tAA<\/td>\n<td style=\"width: 35px; text-align: center;\">\n\t\t\t\t&#8211;<\/td>\n<\/tr>\n<\/tbody>\n<\/table>\n","protected":false},"featured_media":20632,"comment_status":"open","ping_status":"closed","template":"","meta":{"_acf_changed":false},"product_brand":[1485],"product_cat":[1350],"product_tag":[],"class_list":{"0":"post-24185","1":"product","2":"type-product","3":"status-publish","4":"has-post-thumbnail","6":"product_brand-makita","7":"product_cat-110mm-testereler","9":"first","10":"instock","11":"taxable","12":"shipping-taxable","13":"purchasable","14":"product-type-simple","15":"add-to-wishlist-after_add_to_cart"},"acf":[],"_links":{"self":[{"href":"https:\/\/www.makitamarket.com.tr\/site\/wp-json\/wp\/v2\/product\/24185","targetHints":{"allow":["GET"]}}],"collection":[{"href":"https:\/\/www.makitamarket.com.tr\/site\/wp-json\/wp\/v2\/product"}],"about":[{"href":"https:\/\/www.makitamarket.com.tr\/site\/wp-json\/wp\/v2\/types\/product"}],"replies":[{"embeddable":true,"href":"https:\/\/www.makitamarket.com.tr\/site\/wp-json\/wp\/v2\/comments?post=24185"}],"wp:featuredmedia":[{"embeddable":true,"href":"https:\/\/www.makitamarket.com.tr\/site\/wp-json\/wp\/v2\/media\/20632"}],"wp:attachment":[{"href":"https:\/\/www.makitamarket.com.tr\/site\/wp-json\/wp\/v2\/media?parent=24185"}],"wp:term":[{"taxonomy":"product_brand","embeddable":true,"href":"https:\/\/www.makitamarket.com.tr\/site\/wp-json\/wp\/v2\/product_brand?post=24185"},{"taxonomy":"product_cat","embeddable":true,"href":"https:\/\/www.makitamarket.com.tr\/site\/wp-json\/wp\/v2\/product_cat?post=24185"},{"taxonomy":"product_tag","embeddable":true,"href":"https:\/\/www.makitamarket.com.tr\/site\/wp-json\/wp\/v2\/product_tag?post=24185"}],"curies":[{"name":"wp","href":"https:\/\/api.w.org\/{rel}","templated":true}]}}