{"id":24196,"date":"2025-01-06T16:51:23","date_gmt":"2025-01-06T13:51:23","guid":{"rendered":"https:\/\/www.makitamarket.com.tr\/site\/urun\/lightorch-lt26311-ledli-el-feneri\/"},"modified":"2025-11-16T11:22:34","modified_gmt":"2025-11-16T08:22:34","slug":"lightorch-lt26311-ledli-el-feneri","status":"publish","type":"product","link":"https:\/\/www.makitamarket.com.tr\/site\/urun\/lightorch-lt26311-ledli-el-feneri\/","title":{"rendered":"Lightorch LT26311 LEDL\u0130 EL FENER\u0130"},"content":{"rendered":"<table>\n<tr>\n<td>Ayd\u0131nlatma \u015eiddeti<\/td>\n<td>50 L\u00fcmen<\/td>\n<\/tr>\n<tr>\n<td>Ayd\u0131nlatma Mesafesi<\/td>\n<td>35 Metre<\/td>\n<\/tr>\n<tr>\n<td>Ayd\u0131nlatma Modlar\u0131<\/td>\n<td>3 Mod (Y\u00fcksek-D\u00fc\u015f\u00fck-Fla\u015f)<\/td>\n<\/tr>\n<tr>\n<td>Tam Dolu Pille Kullan\u0131m<\/td>\n<td>1,5 Saat<\/td>\n<\/tr>\n<tr>\n<td>Batarya<\/td>\n<td>2 AAA Pil<\/td>\n<\/tr>\n<tr>\n<td>G\u00f6vde Materyali<\/td>\n<td>Al\u00fcminyum<\/td>\n<\/tr>\n<tr>\n<td>Paket \u0130\u00e7i Adedi<\/td>\n<td>12<\/td>\n<\/tr>\n<tr>\n<td>Koli \u0130\u00e7i Adedi<\/td>\n<td>48<\/td>\n<\/tr>\n<\/table>\n","protected":false},"excerpt":{"rendered":"<p>Ayd\u0131nlatma \u015eiddeti 50 L\u00fcmen Ayd\u0131nlatma Mesafesi 35 Metre Ayd\u0131nlatma Modlar\u0131 3 Mod (Y\u00fcksek-D\u00fc\u015f\u00fck-Fla\u015f) Tam Dolu Pille Kullan\u0131m 1,5 Saat Batarya 2 AAA Pil G\u00f6vde Materyali Al\u00fcminyum Paket \u0130\u00e7i Adedi 12<\/p>\n","protected":false},"featured_media":20717,"comment_status":"open","ping_status":"closed","template":"","meta":{"_acf_changed":false},"product_brand":[1556],"product_cat":[1348],"product_tag":[],"class_list":{"0":"post-24196","1":"product","2":"type-product","3":"status-publish","4":"has-post-thumbnail","6":"product_brand-lightorch","7":"product_cat-pilli-el-fenerleri","9":"first","10":"outofstock","11":"taxable","12":"shipping-taxable","13":"purchasable","14":"product-type-simple","15":"add-to-wishlist-after_add_to_cart"},"acf":[],"_links":{"self":[{"href":"https:\/\/www.makitamarket.com.tr\/site\/wp-json\/wp\/v2\/product\/24196","targetHints":{"allow":["GET"]}}],"collection":[{"href":"https:\/\/www.makitamarket.com.tr\/site\/wp-json\/wp\/v2\/product"}],"about":[{"href":"https:\/\/www.makitamarket.com.tr\/site\/wp-json\/wp\/v2\/types\/product"}],"replies":[{"embeddable":true,"href":"https:\/\/www.makitamarket.com.tr\/site\/wp-json\/wp\/v2\/comments?post=24196"}],"wp:featuredmedia":[{"embeddable":true,"href":"https:\/\/www.makitamarket.com.tr\/site\/wp-json\/wp\/v2\/media\/20717"}],"wp:attachment":[{"href":"https:\/\/www.makitamarket.com.tr\/site\/wp-json\/wp\/v2\/media?parent=24196"}],"wp:term":[{"taxonomy":"product_brand","embeddable":true,"href":"https:\/\/www.makitamarket.com.tr\/site\/wp-json\/wp\/v2\/product_brand?post=24196"},{"taxonomy":"product_cat","embeddable":true,"href":"https:\/\/www.makitamarket.com.tr\/site\/wp-json\/wp\/v2\/product_cat?post=24196"},{"taxonomy":"product_tag","embeddable":true,"href":"https:\/\/www.makitamarket.com.tr\/site\/wp-json\/wp\/v2\/product_tag?post=24196"}],"curies":[{"name":"wp","href":"https:\/\/api.w.org\/{rel}","templated":true}]}}